{"id":864,"date":"2024-08-15T18:18:03","date_gmt":"2024-08-15T15:18:03","guid":{"rendered":"https:\/\/odontologijosklinika.eu\/plunge\/?page_id=864"},"modified":"2024-08-16T16:25:27","modified_gmt":"2024-08-16T13:25:27","slug":"ligoniu-kasu-informacija","status":"publish","type":"page","link":"https:\/\/odontologijosklinika.eu\/plunge\/ligoniu-kasu-informacija\/","title":{"rendered":"Ligoni\u0173 kas\u0173 informacija"},"content":{"rendered":"\t\t<div data-elementor-type=\"wp-page\" data-elementor-id=\"864\" class=\"elementor elementor-864\">\n\t\t\t\t<div class=\"wd-negative-gap elementor-element elementor-element-d48a082 e-flex e-con-boxed e-con e-parent\" data-id=\"d48a082\" data-element_type=\"container\" data-e-type=\"container\">\n\t\t\t\t\t<div class=\"e-con-inner\">\n\t\t\t\t<div class=\"elementor-element elementor-element-979ea73 color-scheme-inherit text-left elementor-widget elementor-widget-text-editor\" data-id=\"979ea73\" data-element_type=\"widget\" data-e-type=\"widget\" data-widget_type=\"text-editor.default\">\n\t\t\t\t<div class=\"elementor-widget-container\">\n\t\t\t\t\t\t\t\t\t<div class=\"elementor-element elementor-element-7f5cf59c elementor-widget elementor-widget-heading animated fadeInDown\" data-id=\"7f5cf59c\" data-element_type=\"widget\" data-settings=\"{&quot;_animation&quot;:&quot;fadeInDown&quot;}\" data-widget_type=\"heading.default\"><div class=\"elementor-widget-container\"><h2 class=\"elementor-heading-title elementor-size-default\">Teritorini\u0173 ligoni\u0173 kas\u0173 kompensavimas<\/h2><\/div><\/div><div class=\"elementor-element elementor-element-5b66f426 elementor-widget elementor-widget-text-editor animated fadeIn\" data-id=\"5b66f426\" data-element_type=\"widget\" data-settings=\"{&quot;_animation&quot;:&quot;fadeIn&quot;}\" data-widget_type=\"text-editor.default\"><div class=\"elementor-widget-container\"><p>Dant\u0173 protezavimas \u2013 tai dant\u0173 protezavimo paslauga, kurios metu yra atkuriami prarasti paciento dantys, stengiantis sugr\u0105\u017einti visavert\u0119 dant\u0173 kramtymo funkcij\u0105. \u0160iuo metu galioja nustatyta dant\u0173 protezavimo paslaug\u0173 teikimo ir i\u0161laid\u0173 kompensavimo i\u0161 Privalomojo sveikatos draudimo fondo (PSDF) biud\u017eeto tvarka. Pagal \u0161i\u0105 tvark\u0105 teis\u0119 \u012f dant\u0173 protezavim\u0105, kompensuojam\u0105 i\u0161 PSDF biud\u017eeto, turi \u0161i\u0173 kategorij\u0173 apdraustieji privalomuoju sveikatos draudimu (PSD):<\/p><ul><li>asmenys, kuriems sukako senatv\u0117s pensijos am\u017eius;<\/li><li>vaikai iki 18 met\u0173,;<\/li><li>asmenys, Lietuvos Respublikos ne\u012fgali\u0173j\u0173 socialin\u0117s integracijos \u012fstatymo nustatyta tvarka pripa\u017einti nedarbingais arba i\u0161 dalies darbingais;<\/li><li>asmenys, kuriems buvo taikytas gydymas d\u0117l burnos, veido ir \u017eandikauli\u0173 onkologin\u0117s ligos.<\/li><\/ul><p>Nor\u0117dami gauti dant\u0173 protezavimo paslaugas, apdraustieji PSD turi kreiptis \u012f gydymo \u012fstaig\u0105, prie kurios yra prira\u0161yti (gydymo \u012fstaiga turi b\u016bti sudariusi sutart\u012f su teritorine ligoni\u0173 kasa (TLK)) arba \u012f kitos asmens sveikatos prie\u017ei\u016bros \u012fstaigos, turin\u010dios licencij\u0105 teikti odontologin\u0117s prie\u017ei\u016bros (pagalbos) paslaugas ir sudariusios sutart\u012f su TLK d\u0117l odontologin\u0117s prie\u017ei\u016bros (pagalbos) paslaug\u0173 teikimo ir apmok\u0117jimo.<\/p><p>\u00a0Konsultacijos metu gydytojas odontologas (arba retesniais ir sud\u0117tingesniais atvejais gydytoj\u0173 konsiliumas) nustat\u0119s teis\u0119 ir dant\u0173 protezavimo pagr\u012fstum\u0105 bei \u012fvertin\u0119s dant\u0173 b\u016bkl\u0119, protezuojamus dantis, turi suvesti duomenis \u012f Elektronin\u0117s sveikatos paslaug\u0173 ir bendradarbiavimo infrastrukt\u016bros informacin\u0119 sistem\u0105 (ESPBI) ir u\u017epildyti form\u0105 Nr. E025 \u201eAmbulatorinio apsilankymo apra\u0161ymas\u201d ir elektroninio siuntimo form\u0105 Nr. E027 \u201eSiuntimas konsultacijai, tyrimams, gydymui bei asmen\u012f u\u017eregistruoti Eili\u0173 ir atsarg\u0173 valdymo informacin\u0117s sistemos Dant\u0173 protezavimo posistemyje (EVIS DP). Taigi visi duomenys tvarkomi ir registruojami elektroniniu b\u016bdu vietoje, o asmuo papildomai joki\u0173 pra\u0161ym\u0173 gydymo \u012fstaigai ar TLK ra\u0161yti ir teikti neturi.<\/p><p>Konsultacijos metu asmuo i\u0161 karto informuojamas apie teis\u0117s gauti kompensuojamas dant\u0173 protezavimo paslaugas \u012fgijim\u0105 arba ne\u012fgijim\u0105 \u2013 \u012fstaiga privalo i\u0161duoti tai patvirtinant\u012f informacin\u012f prane\u0161im\u0105.\u00a0\u00a0\u00a0<\/p><p>Asmuo, turintis teis\u0119 gauti kompensuojamas dant\u0173 protezavimo paslaugas ir u\u017eregistruotas EVIS DP, turi pasirinkti ir kreiptis \u012f gydymo \u012fstaig\u0105, kuri d\u0117l dant\u0173 protezavimo paslaug\u0173 yra sudariusi sutart\u012f su bet kuri\u0105 TLK. Dant\u0173 protezavimo paslaug\u0173 teikimo i\u0161laidos apmokamos paslaugas suteikusiai \u012fstaigai. Jeigu gydymo \u012fstaiga sutarties d\u0117l min\u0117t\u0173 paslaug\u0173 su TLK neturi, tuomet dant\u0173 protezavimo paslaugos nebus kompensuojamos ir u\u017e jas asmuo tur\u0117s susimok\u0117ti savo l\u0117\u0161omis.<\/p><p>IK Odontologijos klinika yra sudariusi sutart\u012f su Teritorine ligoni\u0173 kasa, tod\u0117l pacientams, kuriems priklauso kompensacija u\u017e protezavimo paslaugas, PSDF kompensuojamos sumos mok\u0117ti nereik\u0117s.<\/p><p>Pla\u010diau apie dant\u0173 protezavimo paslaug\u0173 teikim\u0105 ir i\u0161laid\u0173 kompensavim\u0105 i\u0161 Privalomojo sveikatos draudimo fondo, bei kompensuojamas sumas:\u00a0<a href=\"https:\/\/ligoniukasa.lrv.lt\/lt\/veiklos-sritys\/informacija-gyventojams\/gydymo-ir-sveikatos-prieziuros-paslaugos\/odontologines-paslaugos\/dantu-protezavimas\/\" target=\"_blank\" rel=\"noopener\">https:\/\/ligoniukasa.lrv.lt\/lt\/veiklos-sritys\/informacija-gyventojams\/gydymo-ir-sveikatos-prieziuros-paslaugos\/odontologines-paslaugos\/dantu-protezavimas\/<\/a><\/p><\/div><\/div>\t\t\t\t\t\t\t\t<\/div>\n\t\t\t\t<\/div>\n\t\t\t\t\t<\/div>\n\t\t\t\t<\/div>\n\t\t\t\t<\/div>\n\t\t","protected":false},"excerpt":{"rendered":"<p>Teritorini\u0173 ligoni\u0173 kas\u0173 kompensavimas Dant\u0173 protezavimas \u2013 tai dant\u0173 protezavimo paslauga, kurios metu yra atkuriami prarasti paciento dantys, stengiantis sugr\u0105\u017einti<\/p>\n","protected":false},"author":1,"featured_media":0,"parent":0,"menu_order":0,"comment_status":"closed","ping_status":"closed","template":"","meta":{"_acf_changed":false,"footnotes":""},"class_list":["post-864","page","type-page","status-publish","hentry"],"acf":[],"_links":{"self":[{"href":"https:\/\/odontologijosklinika.eu\/plunge\/wp-json\/wp\/v2\/pages\/864","targetHints":{"allow":["GET"]}}],"collection":[{"href":"https:\/\/odontologijosklinika.eu\/plunge\/wp-json\/wp\/v2\/pages"}],"about":[{"href":"https:\/\/odontologijosklinika.eu\/plunge\/wp-json\/wp\/v2\/types\/page"}],"author":[{"embeddable":true,"href":"https:\/\/odontologijosklinika.eu\/plunge\/wp-json\/wp\/v2\/users\/1"}],"replies":[{"embeddable":true,"href":"https:\/\/odontologijosklinika.eu\/plunge\/wp-json\/wp\/v2\/comments?post=864"}],"version-history":[{"count":0,"href":"https:\/\/odontologijosklinika.eu\/plunge\/wp-json\/wp\/v2\/pages\/864\/revisions"}],"wp:attachment":[{"href":"https:\/\/odontologijosklinika.eu\/plunge\/wp-json\/wp\/v2\/media?parent=864"}],"curies":[{"name":"wp","href":"https:\/\/api.w.org\/{rel}","templated":true}]}}