{"id":849,"date":"2024-08-15T17:49:09","date_gmt":"2024-08-15T14:49:09","guid":{"rendered":"https:\/\/odontologijosklinika.eu\/plunge\/?page_id=849"},"modified":"2024-08-15T17:51:29","modified_gmt":"2024-08-15T14:51:29","slug":"slapuku-politika","status":"publish","type":"page","link":"https:\/\/odontologijosklinika.eu\/plunge\/slapuku-politika\/","title":{"rendered":"Slapuku politika"},"content":{"rendered":"\t\t<div data-elementor-type=\"wp-page\" data-elementor-id=\"849\" class=\"elementor elementor-849\">\n\t\t\t\t<div class=\"wd-negative-gap elementor-element elementor-element-98817c5 e-flex e-con-boxed e-con e-parent\" data-id=\"98817c5\" data-element_type=\"container\" data-e-type=\"container\">\n\t\t\t\t\t<div class=\"e-con-inner\">\n\t\t\t\t<div class=\"elementor-element elementor-element-da96ca8 color-scheme-inherit text-left elementor-widget elementor-widget-text-editor\" data-id=\"da96ca8\" data-element_type=\"widget\" data-e-type=\"widget\" data-widget_type=\"text-editor.default\">\n\t\t\t\t<div class=\"elementor-widget-container\">\n\t\t\t\t\t\t\t\t\t<div class=\"elementor-element elementor-element-2ce28948 elementor-widget elementor-widget-heading animated fadeInDown\" data-id=\"2ce28948\" data-element_type=\"widget\" data-settings=\"{&quot;_animation&quot;:&quot;fadeInDown&quot;}\" data-widget_type=\"heading.default\"><div class=\"elementor-widget-container\"><h2 class=\"elementor-heading-title elementor-size-default\">Slapuk\u0173 politika<\/h2><p>\u00a0<\/p><\/div><\/div><div class=\"elementor-element elementor-element-363b5fb4 elementor-widget elementor-widget-text-editor animated fadeIn\" data-id=\"363b5fb4\" data-element_type=\"widget\" data-settings=\"{&quot;_animation&quot;:&quot;fadeIn&quot;}\" data-widget_type=\"text-editor.default\"><div class=\"elementor-widget-container\"><p>Paskutin\u012f kart\u0105 atnaujinta: 2021 m. baland\u017eio 10 d.<\/p><p>\u0160i Slapuk\u0173 politika paai\u0161kina, kas yra Slapukai ir kaip mes juos naudojame. Tur\u0117tum\u0117te perskaityti \u0161i\u0105 politik\u0105, kad suprastum\u0117te, kokius Slapukus naudojame ar koki\u0105 informacij\u0105\u00a0 renkame naudodami Slapukus, ir kaip \u0161i informacija naudojama.<\/p><p>Slapukuose paprastai n\u0117ra jokios informacijos, kuri asmeni\u0161kai identifikuoja vartotoj\u0105, ta\u010diau asmenin\u0117 informacija, kuri\u0105 mes saugome apie Jus, gali b\u016bti susieta su informacija, saugoma Slapukuose ir gaunama i\u0161 j\u0173. Nor\u0117dami su\u017einoti daugiau apie tai, kaip mes naudojame, saugome ir palaikome J\u016bs\u0173 asmeninius duomenis, skaitykite m\u016bs\u0173 Privatumo politikoje.<\/p><p>Savo naudojamuose Slapukuose nesaugome slaptos asmenin\u0117s informacijos, tokios kaip pa\u0161to adresai, paskyr\u0173 slapta\u017eod\u017eiai ir kt.<\/p><\/div><p>\u00a0<\/p><\/div>\t\t\t\t\t\t\t\t<\/div>\n\t\t\t\t<\/div>\n\t\t\t\t<div class=\"elementor-element elementor-element-addbe04 color-scheme-inherit text-left elementor-widget elementor-widget-text-editor\" data-id=\"addbe04\" data-element_type=\"widget\" data-e-type=\"widget\" data-widget_type=\"text-editor.default\">\n\t\t\t\t<div class=\"elementor-widget-container\">\n\t\t\t\t\t\t\t\t\t<div class=\"elementor-element elementor-element-2ce28948 elementor-widget elementor-widget-heading animated fadeInDown\" data-id=\"2ce28948\" data-element_type=\"widget\" data-settings=\"{&quot;_animation&quot;:&quot;fadeInDown&quot;}\" data-widget_type=\"heading.default\"><div class=\"elementor-widget-container\"><div class=\"elementor-element elementor-element-157c3a2 elementor-widget elementor-widget-heading animated fadeInDown\" data-id=\"157c3a2\" data-element_type=\"widget\" data-settings=\"{&quot;_animation&quot;:&quot;fadeInDown&quot;}\" data-widget_type=\"heading.default\"><div class=\"elementor-widget-container\"><h2 class=\"elementor-heading-title elementor-size-default\">Ai\u0161kinimas ir apibr\u0117\u017eimai<\/h2><p>\u00a0<\/p><\/div><\/div><div class=\"elementor-element elementor-element-640b7d1 elementor-widget elementor-widget-text-editor animated fadeIn\" data-id=\"640b7d1\" data-element_type=\"widget\" data-settings=\"{&quot;_animation&quot;:&quot;fadeIn&quot;}\" data-widget_type=\"text-editor.default\"><div class=\"elementor-widget-container\"><h3>Ai\u0161kinimas<\/h3><p>\u017dod\u017eiai, kuri\u0173 pirmosios raid\u0117s ra\u0161omos did\u017eiosiomis raid\u0117mis, turi reik\u0161mes, apibr\u0117\u017etas \u0161iomis s\u0105lygomis. \u0160ie apibr\u0117\u017eimai turi t\u0105 pa\u010di\u0105 reik\u0161m\u0119, nepriklausomai nuo to, ar jie pateikiami vienaskaitos, ar daugiskaitos forma.<\/p><h3>Apibr\u0117\u017eimai<\/h3><p>\u0160ios Slapuk\u0173 politikos tikslais:<\/p><ul><li><strong>\u012emon\u0117\u00a0<\/strong>(\u0161ioje Slapuk\u0173 politikoje minima kaip \u201e\u012emon\u0117\u201d, \u201eMes\u201d, \u201eMes\u201d arba \u201eM\u016bs\u0173\u201d) nurodo I. Kniuk\u0161tien\u0117s Odontologijos klinika, Tel\u0161i\u0173 g. 21-3, LT-90162 Plung\u0117.<\/li><li><strong>J\u016bs<\/strong>\u00a0rei\u0161kia fizin\u012f asmen\u012f, kuris prieina ar naudojasi svetaine, arba \u012fmon\u0117 ar bet kuris juridinis asmuo, kurio vardu toks fizinis asmuo prisijungia ar naudojasi svetaine.<\/li><li><strong>Slapukai\u00a0<\/strong>rei\u0161kia ma\u017eus failus, kuriuos \u012f J\u016bs\u0173 kompiuter\u012f, mobil\u0173j\u012f \u012frengin\u012f ar bet kur\u012f kit\u0105 \u012frengin\u012f \u012fdeda svetain\u0117 ir kuriuose yra sukaupta i\u0161sami informacija apie j\u016bs\u0173 nar\u0161ymo istorij\u0105 toje svetain\u0117je.<\/li><li><strong>Svetain\u0117<\/strong>\u00a0rei\u0161kia odontologijosklinika.eu, prieinam\u0105 i\u0161 https:\/\/odontologijosklinika.eu\/.<\/li><\/ul><\/div><\/div><\/div><\/div>\t\t\t\t\t\t\t\t<\/div>\n\t\t\t\t<\/div>\n\t\t\t\t<div class=\"elementor-element elementor-element-13e03ed color-scheme-inherit text-left elementor-widget elementor-widget-text-editor\" data-id=\"13e03ed\" data-element_type=\"widget\" data-e-type=\"widget\" data-widget_type=\"text-editor.default\">\n\t\t\t\t<div class=\"elementor-widget-container\">\n\t\t\t\t\t\t\t\t\t<div class=\"elementor-element elementor-element-2ce28948 elementor-widget elementor-widget-heading animated fadeInDown\" data-id=\"2ce28948\" data-element_type=\"widget\" data-settings=\"{&quot;_animation&quot;:&quot;fadeInDown&quot;}\" data-widget_type=\"heading.default\"><div class=\"elementor-widget-container\"><div class=\"elementor-element elementor-element-157c3a2 elementor-widget elementor-widget-heading animated fadeInDown\" data-id=\"157c3a2\" data-element_type=\"widget\" data-settings=\"{&quot;_animation&quot;:&quot;fadeInDown&quot;}\" data-widget_type=\"heading.default\"><div class=\"elementor-widget-container\"><div class=\"elementor-element elementor-element-a1e14d8 elementor-widget elementor-widget-heading animated fadeInDown\" data-id=\"a1e14d8\" data-element_type=\"widget\" data-settings=\"{&quot;_animation&quot;:&quot;fadeInDown&quot;}\" data-widget_type=\"heading.default\"><div class=\"elementor-widget-container\"><h2 class=\"elementor-heading-title elementor-size-default\">Slapuk\u0173 naudojimas<\/h2><\/div><\/div><div class=\"elementor-element elementor-element-95bdbfb elementor-widget elementor-widget-text-editor animated fadeIn\" data-id=\"95bdbfb\" data-element_type=\"widget\" data-settings=\"{&quot;_animation&quot;:&quot;fadeIn&quot;}\" data-widget_type=\"text-editor.default\"><div class=\"elementor-widget-container\"><h3>M\u016bs\u0173 naudojam\u0173 Slapuk\u0173 r\u016b\u0161is<\/h3><p>Slapukai gali b\u016bti \u201enuolatiniai\u201d arba \u201esesijos\u201d Slapukai. Nuolatiniai Slapukai lieka J\u016bs\u0173 asmeniniame kompiuteryje ar mobiliajame \u012frenginyje, kai J\u016bs atsijungiate, o sesijos Slapukai i\u0161trinami, kai tik u\u017edarote savo interneto nar\u0161ykl\u0119.<\/p><p>Mes naudojame tiek sesijos, tiek nuolatinius Slapukus \u0161iais tikslais:<\/p><h4><strong>B\u016btini \/ Esminiai Slapukai<\/strong><\/h4><p>Tipas: Sesijos Slapukai<\/p><p>Administratorius: Mes<\/p><p>Tikslas: \u0160ie Slapukai yra b\u016btini norint suteikti Jums paslaugas, pasiekiamas per internetin\u0119 svetain\u0119, ir suteikti Jums galimyb\u0119 naudotis kai kuriomis jos funkcijomis. Jie padeda autentifikuoti vartotojus ir u\u017ekirsti keli\u0105 nes\u0105\u017einingam vartotoj\u0173 paskyr\u0173 naudojimui. Be \u0161i\u0173 Slapuk\u0173 negali b\u016bti teikiamos paslaugos, kuri\u0173 papra\u0161\u0117te, ir teikdami \u0161ias paslaugas mes naudojame tik \u0161iuos Slapukus.<\/p><h4><strong>Slapuk\u0173 politika \/ Prane\u0161im\u0173 pri\u0117mimo Slapukai<\/strong><\/h4><p>Tipas: Nuolatiniai Slapukai<\/p><p>Administratorius: Mes<\/p><p>Tikslas: \u0160ie Slapukai nustato, ar vartotojai sutiko su slapuk\u0173 naudojimu svetain\u0117je.<\/p><h4><strong>Funkcionalumo Slapukai<\/strong><\/h4><p>Tipas: Nuolatiniai Slapukai<\/p><p>Administratorius: Mes<\/p><p>Tikslas: \u0160ie Slapukai leid\u017eia mums atsiminti J\u016bs\u0173 pasirinkimus, kai naudojat\u0117s svetaine, pvz., atsiminti prisijungimo duomenis ar pasirinkti kalb\u0105. \u0160i\u0173 slapuk\u0173 tikslas \u2013 suteikti Jums daugiau asmenin\u0117s patirties ir i\u0161vengti \u00a0pakartotinio savo nustatym\u0173 \u012fvedimo kiekvien\u0105 kart\u0105 pradedant naudotis interneto svetaine.<\/p><h4><strong>Steb\u0117jimo ir na\u0161umo Slapukai<\/strong><\/h4><p>Tipas: Nuolatiniai Slapukai<\/p><p>Administratorius: Tre\u010diosios \u0161alys<\/p><p>Tikslas: \u0160ie Slapukai naudojami norint sekti svetain\u0117s srauto ir vartotoj\u0173 naudojimosi svetaine ypatum\u0173 informacij\u0105. Per \u0161iuos Slapukus surinkta informacija gali tiesiogiai ar netiesiogiai identifikuoti Jus kaip individual\u0173 lankytoj\u0105. Taip yra tod\u0117l, kad surinkta informacija paprastai yra susieta su slapyvard\u017eiu, susijusiu su \u012frenginiu, kur\u012f J\u016bs naudojate prieigai prie svetain\u0117s. Mes taip pat galime naudoti \u0161iuos Slapukus siekdami i\u0161bandyti naujus internetin\u0117s svetain\u0117s skelbimus, puslapius, savybes ar naujas funkcijas ir pamatyti, kaip m\u016bs\u0173 vartotojai \u012f juos reaguoja.<\/p><h4><strong>Taikymo ir reklamos Slapukai<\/strong><\/h4><p>Tipas: Nuolatiniai Slapukai<\/p><p>Administratorius: Tre\u010diosios \u0161alys<\/p><p>Tikslas: \u0160ie Slapukai stebi J\u016bs\u0173 nar\u0161ymo \u012fpro\u010dius, kad mes gal\u0117tume parinkti reklam\u0105, kuri gal\u0117t\u0173 Jus sudominti. \u0160ie Slapukai naudoja informacij\u0105 apie J\u016bs\u0173 nar\u0161ymo istorij\u0105, kad sugrupuot\u0173 Jus su kitais vartotojais, kurie turi pana\u0161i\u0173 pom\u0117gi\u0173. Remdamiesi ta informacija ir gav\u0119 m\u016bs\u0173 leidim\u0105, tre\u010di\u0173j\u0173 \u0161ali\u0173 reklamuotojai gali \u012fkelti Slapukus, kad jie gal\u0117t\u0173 rodyti reklam\u0105, kuri, m\u016bs\u0173 manymu, gal\u0117t\u0173 J\u016bs sudominti, kai lankot\u0117s tre\u010di\u0173j\u0173 \u0161ali\u0173 svetain\u0117se.<\/p><h4><strong>Socialin\u0117s \u017einiasklaidos Slapukai<\/strong><\/h4><p>Tipas: Nuolatiniai Slapukai<\/p><p>Administratorius: Tre\u010diosios \u0161alys<\/p><p>Tikslas: Be mums priklausan\u010di\u0173 Slapuk\u0173, mes taip pat galime naudoti \u012fvairius tre\u010di\u0173j\u0173 \u0161ali\u0173 Slapukus, kad sudarytume svetain\u0117s naudojimo statistik\u0105, parodytume reklam\u0105 svetain\u0117je ir per j\u0105 ir pan. \u0160ie Slapukai gali b\u016bti naudojami, kai dalijat\u0117s informacija socialin\u0117s \u017einiasklaidos tinklalapiuose, tokiuose kaip \u201eFacebook\u201d, \u201eInstagram\u201d, \u201eTwitter\u201d ar \u201eGoogle+\u201d.<\/p><\/div><\/div><\/div><\/div><\/div><\/div>\t\t\t\t\t\t\t\t<\/div>\n\t\t\t\t<\/div>\n\t\t\t\t<div class=\"elementor-element elementor-element-1f6627d color-scheme-inherit text-left elementor-widget elementor-widget-text-editor\" data-id=\"1f6627d\" data-element_type=\"widget\" data-e-type=\"widget\" data-widget_type=\"text-editor.default\">\n\t\t\t\t<div class=\"elementor-widget-container\">\n\t\t\t\t\t\t\t\t\t<div class=\"elementor-element elementor-element-2ce28948 elementor-widget elementor-widget-heading animated fadeInDown\" data-id=\"2ce28948\" data-element_type=\"widget\" data-settings=\"{&quot;_animation&quot;:&quot;fadeInDown&quot;}\" data-widget_type=\"heading.default\"><div class=\"elementor-widget-container\"><div class=\"elementor-element elementor-element-157c3a2 elementor-widget elementor-widget-heading animated fadeInDown\" data-id=\"157c3a2\" data-element_type=\"widget\" data-settings=\"{&quot;_animation&quot;:&quot;fadeInDown&quot;}\" data-widget_type=\"heading.default\"><div class=\"elementor-widget-container\"><div class=\"elementor-element elementor-element-a1e14d8 elementor-widget elementor-widget-heading animated fadeInDown\" data-id=\"a1e14d8\" data-element_type=\"widget\" data-settings=\"{&quot;_animation&quot;:&quot;fadeInDown&quot;}\" data-widget_type=\"heading.default\"><div class=\"elementor-widget-container\"><div class=\"elementor-element elementor-element-b59a4e4 elementor-widget elementor-widget-heading animated fadeInDown\" data-id=\"b59a4e4\" data-element_type=\"widget\" data-settings=\"{&quot;_animation&quot;:&quot;fadeInDown&quot;}\" data-widget_type=\"heading.default\"><div class=\"elementor-widget-container\"><h2 class=\"elementor-heading-title elementor-size-default\">J\u016bs\u0173 pasirinkimas d\u0117l Slapuk\u0173<\/h2><\/div><\/div><div class=\"elementor-element elementor-element-43c1f0e elementor-widget elementor-widget-text-editor animated fadeIn\" data-id=\"43c1f0e\" data-element_type=\"widget\" data-settings=\"{&quot;_animation&quot;:&quot;fadeIn&quot;}\" data-widget_type=\"text-editor.default\"><div class=\"elementor-widget-container\"><p>Jei norite i\u0161vengti Slapuk\u0173 naudojimo svetain\u0117je, pirmiausia turite i\u0161jungti Slapuk\u0173 naudojim\u0105 savo nar\u0161ykl\u0117je, o tada i\u0161trinti nar\u0161ykl\u0117je i\u0161saugotus Slapukus, susietus su \u0161ia svetaine. Parinkt\u012f nenaudoti Slapuk\u0173 galite nustatyti bet kuriuo metu.<\/p><p>Jei nepriimsite m\u016bs\u0173 Slapuk\u0173, naudodamiesi interneto svetaine galite patirti tam tikr\u0173 nepatogum\u0173, o kai kurios funkcijos gali veikti netinkamai.<\/p><p>Jei norite i\u0161trinti Slapukus arba nurodyti savo interneto nar\u0161yklei i\u0161trinti arba atsisakyti Slapuk\u0173, apsilankykite \u017einiatinklio nar\u0161ykl\u0117s pagalbos puslapiuose.<\/p><ul><li>Jei turite \u201eChrome\u201d \u017einiatinklio nar\u0161ykl\u0119, apsilankykite \u0161iame puslapyje i\u0161 \u201eGoogle\u201d: https:\/\/support.google.com\/accounts\/answer\/32050<\/li><li>Jei turite \u201eInternet Explorer\u201d \u017einiatinklio nar\u0161ykl\u0119, apsilankykite \u0161iame puslapyje i\u0161 \u201eMicrosoft\u201d: http:\/\/support.microsoft.com\/kb\/278835<\/li><li>Jei turite \u201eFirefox\u201d \u017einiatinklio nar\u0161ykl\u0119, apsilankykite \u0161iame puslapyje i\u0161 \u201eMozilla\u201d: https:\/\/support.mozilla.org\/en-US\/kb\/delete-cookies-remove-info-websites-stored<\/li><li>Jei turite \u201eSafari\u201d interneto nar\u0161ykl\u0119, apsilankykite \u0161iame puslapyje i\u0161 \u201eApple\u201d: https:\/\/support.apple.com\/guide\/safari\/manage-cookies-and-website-data-sfri11471\/mac<\/li><\/ul><p>Jei turite bet kuri\u0105 kit\u0105 interneto nar\u0161ykl\u0119, apsilankykite oficialiuose interneto nar\u0161ykl\u0117s puslapiuose.<\/p><h3>Daugiau informacijos apie Slapukus<\/h3><p>Daugiau apie Slapukus galite su\u017einoti \u0161iose tre\u010di\u0173j\u0173 \u0161ali\u0173 svetain\u0117se:<\/p><ul><li>Tinklo reklamos iniciatyva:\u00a0<a href=\"http:\/\/www.networkadvertising.org\/\" target=\"_blank\" rel=\"noopener\">http:\/\/www.networkadvertising.org\/<\/a><\/li><\/ul><\/div><\/div><\/div><\/div><\/div><\/div><\/div><\/div>\t\t\t\t\t\t\t\t<\/div>\n\t\t\t\t<\/div>\n\t\t\t\t\t<\/div>\n\t\t\t\t<\/div>\n\t\t\t\t<\/div>\n\t\t","protected":false},"excerpt":{"rendered":"<p>Slapuk\u0173 politika \u00a0 Paskutin\u012f kart\u0105 atnaujinta: 2021 m. baland\u017eio 10 d. \u0160i Slapuk\u0173 politika paai\u0161kina, kas yra Slapukai ir kaip<\/p>\n","protected":false},"author":1,"featured_media":0,"parent":0,"menu_order":0,"comment_status":"closed","ping_status":"closed","template":"","meta":{"_acf_changed":false,"footnotes":""},"class_list":["post-849","page","type-page","status-publish","hentry"],"acf":[],"_links":{"self":[{"href":"https:\/\/odontologijosklinika.eu\/plunge\/wp-json\/wp\/v2\/pages\/849","targetHints":{"allow":["GET"]}}],"collection":[{"href":"https:\/\/odontologijosklinika.eu\/plunge\/wp-json\/wp\/v2\/pages"}],"about":[{"href":"https:\/\/odontologijosklinika.eu\/plunge\/wp-json\/wp\/v2\/types\/page"}],"author":[{"embeddable":true,"href":"https:\/\/odontologijosklinika.eu\/plunge\/wp-json\/wp\/v2\/users\/1"}],"replies":[{"embeddable":true,"href":"https:\/\/odontologijosklinika.eu\/plunge\/wp-json\/wp\/v2\/comments?post=849"}],"version-history":[{"count":0,"href":"https:\/\/odontologijosklinika.eu\/plunge\/wp-json\/wp\/v2\/pages\/849\/revisions"}],"wp:attachment":[{"href":"https:\/\/odontologijosklinika.eu\/plunge\/wp-json\/wp\/v2\/media?parent=849"}],"curies":[{"name":"wp","href":"https:\/\/api.w.org\/{rel}","templated":true}]}}