{"id":502,"date":"2024-08-03T15:52:04","date_gmt":"2024-08-03T12:52:04","guid":{"rendered":"https:\/\/odontologijosklinika.eu\/plunge\/plunge\/?page_id=502"},"modified":"2024-08-16T16:25:54","modified_gmt":"2024-08-16T13:25:54","slug":"3d-kompiuterine-tomografija","status":"publish","type":"page","link":"https:\/\/odontologijosklinika.eu\/plunge\/paslaugos\/3d-kompiuterine-tomografija\/","title":{"rendered":"3D kompiuterin\u0117 tomografija"},"content":{"rendered":"\t\t<div data-elementor-type=\"wp-page\" data-elementor-id=\"502\" class=\"elementor elementor-502\">\n\t\t\t\t<div class=\"wd-negative-gap elementor-element elementor-element-93b3dd4 e-flex e-con-boxed e-con e-parent\" data-id=\"93b3dd4\" data-element_type=\"container\" data-e-type=\"container\">\n\t\t\t\t\t<div class=\"e-con-inner\">\n\t\t<div class=\"elementor-element elementor-element-3139ed2 e-con-full e-flex e-con e-child\" data-id=\"3139ed2\" data-element_type=\"container\" data-e-type=\"container\">\n\t\t\t\t<div class=\"elementor-element elementor-element-376e358 elementor-widget elementor-widget-image\" data-id=\"376e358\" data-element_type=\"widget\" data-e-type=\"widget\" data-widget_type=\"image.default\">\n\t\t\t\t<div class=\"elementor-widget-container\">\n\t\t\t\t\t\t\t\t\t\t\t\t\t\t\t<img fetchpriority=\"high\" decoding=\"async\" width=\"1300\" height=\"867\" src=\"https:\/\/odontologijosklinika.eu\/plunge\/wp-content\/uploads\/2024\/08\/IK_OK_383.jpg\" class=\"attachment-full size-full wp-image-540\" alt=\"IK odontologijos klinika Plung\u0117je\" srcset=\"https:\/\/odontologijosklinika.eu\/plunge\/wp-content\/uploads\/2024\/08\/IK_OK_383.jpg 1300w, https:\/\/odontologijosklinika.eu\/plunge\/wp-content\/uploads\/2024\/08\/IK_OK_383-300x200.jpg 300w, https:\/\/odontologijosklinika.eu\/plunge\/wp-content\/uploads\/2024\/08\/IK_OK_383-1024x683.jpg 1024w, https:\/\/odontologijosklinika.eu\/plunge\/wp-content\/uploads\/2024\/08\/IK_OK_383-768x512.jpg 768w\" sizes=\"(max-width: 1300px) 100vw, 1300px\" title=\"IK odontologijos klinika Plung\u0117je\">\t\t\t\t\t\t\t\t\t\t\t\t\t\t\t<\/div>\n\t\t\t\t<\/div>\n\t\t\t\t<div class=\"elementor-element elementor-element-924b220 elementor-widget elementor-widget-wd_text_block\" data-id=\"924b220\" data-element_type=\"widget\" data-e-type=\"widget\" data-widget_type=\"wd_text_block.default\">\n\t\t\t\t<div class=\"elementor-widget-container\">\n\t\t\t\t\t\t\t\t<link rel=\"stylesheet\" id=\"wd-text-block-css\" href=\"https:\/\/odontologijosklinika.eu\/plunge\/wp-content\/themes\/woodmart\/css\/parts\/el-text-block.min.css?ver=7.5.2\" type=\"text\/css\" media=\"all\" \/> \t\t\t\t\t<div class=\"wd-text-block reset-last-child text-left\">\n\t\t\t\n\t\t\t<p>Panoraminiu rentgeno aparatu daromos ypa\u010d auk\u0161tos rezoliucijos skaitmenin\u0117s panoramin\u0117s rentgeno nuotraukos (ortopantomograma). Tai svarbus ir informatyvus tyrimas odontologijoje. Nuotrauka apima vis\u0105 burn\u0105, visus dantis ir aplinkui esan\u010dias sritis (apatinio \u017eandikaulio s\u0105narius bei vir\u0161utinio \u017eandikaulio sinusus).<\/p><p>Didelis \u0161io tyrimo prana\u0161umas yra tas, kad darant panoramin\u0119 nuotrauk\u0105 pacientui tenka tik labai nedidel\u0117 rentgeno spinduli\u0173 doz\u0117. Taip yra d\u0117l to, kad rentgeno spinduli\u0173 \u0161altinis tolygiai juda paciento veido at\u017evilgiu. D\u0117l \u0161ios prie\u017easties panoraminio rentgeno tyrimo metu spinduli\u0173 doz\u0117 tik ma\u017edaug 2 kartus didesn\u0117, nei \u012fprastin\u0117s vieno danties rentgeno nuotraukos.<\/p><p>Skaitmenin\u0117 technologija leid\u017eia dar iki 70 % suma\u017einti rentgeno spinduli\u0173 doz\u0119. Be to, \u0161i technologija turi ir visus kitus skaitmenini\u0173 technologij\u0173 privalumus: gydytojas nuotrauk\u0105 mato savo kompiuteryje, gali j\u0105 analizuoti naudodamas speciali\u0105, svarbias detales i\u0161ry\u0161kinan\u010di\u0105, programin\u0119 \u012frang\u0105. Nuotrauk\u0105 galima perduoti elektroniniu pa\u0161tu, \u012fra\u0161yti \u012f kompiuterin\u0119 laikmen\u0105 arba atspausti ant fotopopieriaus.<\/p><p>Kompiuterin\u0117 tomografija \u2013 yra pats tiksliausias diagnostikos metodas, taikomas odontologijoje. Skaitmeniniu tomografu gauta 3D nuotrauka rodo labai tiksl\u0173, nei\u0161kraipyt\u0105, real\u0173 vir\u0161utinio ir apatinio \u017eandikauli\u0173 vaizd\u0105 bei aplink esan\u010dias sritis (sinusus, apatinio \u017eandikaulio s\u0105narius, kv\u0117pavimo takus). 3D nuotrauka ne tik parodo real\u0173 \u017eandikauli\u0173 bei aplink juos esan\u010di\u0173 sri\u010di\u0173 vaizd\u0105, bet ir leid\u017eia gydytojui tiksliai suplanuoti visus chirurginio gydymo etapus. IK odontologijos klinikoje 3D nuotrauka atliekama tais atvejais, kai pacientui planuojama taikyti sud\u0117tingesn\u012f chirurgin\u012f gydym\u0105: didesn\u0117s apimties dant\u0173 implantavimo proced\u016br\u0105, kaulo priauginimo bei sinuso dugno pak\u0117limo operacijas.<\/p><h2><strong>Ar ilgai trunka atlikti retgenologin\u012f tyrim\u0105?<\/strong><\/h2><p>Rentgenologinis tyrimas atliekamas greitai, pati proced\u016bra u\u017etrunka tik kelias minutes. V\u0117liau IK odontologijos klinikos specialistas \u012fvertina atlikt\u0105 tyrim\u0105 ir kartu su pacientu aptaria gautus rezultatus. Suplanuoja reikaling\u0105 gydym\u0105.<\/p><h2><strong>Ar rentgenologinis tyrimas\u00a0 tyrimas kenksmingas?<\/strong><\/h2><p>Daugelis pacient\u0173 nerimauja ar nepakenks j\u0173 sveikatai atliekamas rentgenloginis tyrimas. Nerimauti n\u0117ra ko. IK odontologijos klinikoje naudojami nauji \u0161iuolaikiniai rentgeno aparatai spinduliuoja ypa\u010d ma\u017eas rentgeno spinduli\u0173 dozes, o jautr\u016bs sensoriai sugeneruoja tiksl\u0173 ir verting\u0105 vaizd\u0105 reikaling\u0105 diagnozei nustatyti ar suplanuoti gydym\u0105. Visada atsi\u017evelgiama \u012f tai kokia \u017eala didesn\u0117 \u2013 netiksi diagnoz\u0117 ir laiku neprad\u0117tas gydymas ar gaunama spinduliuot\u0117. Tarp kitko m\u016bs\u0173 gyvenamoje aplinkoje gausu pana\u0161ios gamtin\u0117s spinduliuot\u0117s, kuri\u0105 gauname kas dien\u0105.<\/p>\n\t\t\t\t\t<\/div>\n\t\t\t\t\t\t<\/div>\n\t\t\t\t<\/div>\n\t\t\t\t<\/div>\n\t\t<div class=\"elementor-element elementor-element-9d13e1d e-con-full e-flex e-con e-child\" data-id=\"9d13e1d\" data-element_type=\"container\" data-e-type=\"container\">\n\t\t\t\t<div class=\"elementor-element elementor-element-07f57a5 make-sticky elementor-widget elementor-widget-wd_mega_menu\" data-id=\"07f57a5\" data-element_type=\"widget\" data-e-type=\"widget\" data-widget_type=\"wd_mega_menu.default\">\n\t\t\t\t<div class=\"elementor-widget-container\">\n\t\t\t\t\t\t\t\t<link rel=\"stylesheet\" id=\"wd-mod-nav-vertical-css\" href=\"https:\/\/odontologijosklinika.eu\/plunge\/wp-content\/themes\/woodmart\/css\/parts\/mod-nav-vertical.min.css?ver=7.5.2\" type=\"text\/css\" media=\"all\" \/> \t\t\t\t\t\t<link rel=\"stylesheet\" id=\"wd-mod-nav-vertical-design-with-bg-css\" href=\"https:\/\/odontologijosklinika.eu\/plunge\/wp-content\/themes\/woodmart\/css\/parts\/mod-nav-vertical-design-with-bg.min.css?ver=7.5.2\" type=\"text\/css\" media=\"all\" \/> \t\t\t\t\t\t<link rel=\"stylesheet\" id=\"wd-widget-nav-mega-menu-css\" href=\"https:\/\/odontologijosklinika.eu\/plunge\/wp-content\/themes\/woodmart\/css\/parts\/widget-nav-mega-menu.min.css?ver=7.5.2\" type=\"text\/css\" media=\"all\" \/> \t\t\t\t\t<div class=\"widget_nav_mega_menu\">\n\t\t\t\t\t\t\t<h5 class=\"widget-title color-scheme-dark\">\n\t\t\t\t\tM\u016bs\u0173 klinikos paslaugos\t\t\t\t<\/h5>\n\t\t\t\t\t\t<ul id=\"menu-paslaugos\" class=\"menu wd-nav wd-nav-vertical wd-design-with-bg wd-gap- wd-icon-left\"><li id=\"menu-item-630\" class=\"menu-item menu-item-type-post_type menu-item-object-page menu-item-630 item-level-0 menu-simple-dropdown wd-event-hover\" ><a href=\"https:\/\/odontologijosklinika.eu\/plunge\/paslaugos\/terapinis-dantu-gydymas\/\" class=\"woodmart-nav-link\"><span class=\"nav-link-text\">Terapinis dant\u0173 gydymas<\/span><\/a><\/li>\n<li id=\"menu-item-631\" class=\"menu-item menu-item-type-post_type menu-item-object-page menu-item-631 item-level-0 menu-simple-dropdown wd-event-hover\" ><a href=\"https:\/\/odontologijosklinika.eu\/plunge\/paslaugos\/vaiku-dantu-gydymas\/\" class=\"woodmart-nav-link\"><span class=\"nav-link-text\">Vaik\u0173 dant\u0173 gydymas<\/span><\/a><\/li>\n<li id=\"menu-item-623\" class=\"menu-item menu-item-type-post_type menu-item-object-page menu-item-623 item-level-0 menu-simple-dropdown wd-event-hover\" ><a href=\"https:\/\/odontologijosklinika.eu\/plunge\/paslaugos\/implantacija\/\" class=\"woodmart-nav-link\"><span class=\"nav-link-text\">Dant\u0173 implantavimas Plung\u0117je<\/span><\/a><\/li>\n<li id=\"menu-item-621\" class=\"menu-item menu-item-type-post_type menu-item-object-page menu-item-621 item-level-0 menu-simple-dropdown wd-event-hover\" ><a href=\"https:\/\/odontologijosklinika.eu\/plunge\/paslaugos\/estetinis-plombavimas\/\" class=\"woodmart-nav-link\"><span class=\"nav-link-text\">Estetinis plombavimas<\/span><\/a><\/li>\n<li id=\"menu-item-620\" class=\"menu-item menu-item-type-post_type menu-item-object-page menu-item-620 item-level-0 menu-simple-dropdown wd-event-hover\" ><a href=\"https:\/\/odontologijosklinika.eu\/plunge\/paslaugos\/endodontinis-gydymas\/\" class=\"woodmart-nav-link\"><span class=\"nav-link-text\">Endodontinis Gydymas<\/span><\/a><\/li>\n<li id=\"menu-item-629\" class=\"menu-item menu-item-type-post_type menu-item-object-page menu-item-629 item-level-0 menu-simple-dropdown wd-event-hover\" ><a href=\"https:\/\/odontologijosklinika.eu\/plunge\/paslaugos\/protezavimas\/\" class=\"woodmart-nav-link\"><span class=\"nav-link-text\">Protezavimas<\/span><\/a><\/li>\n<li id=\"menu-item-626\" class=\"menu-item menu-item-type-post_type menu-item-object-page menu-item-626 item-level-0 menu-simple-dropdown wd-event-hover\" ><a href=\"https:\/\/odontologijosklinika.eu\/plunge\/paslaugos\/ortodontijos-paslaugos\/\" class=\"woodmart-nav-link\"><span class=\"nav-link-text\">Lazerio proced\u016bros<\/span><\/a><\/li>\n<li id=\"menu-item-618\" class=\"menu-item menu-item-type-post_type menu-item-object-page menu-item-618 item-level-0 menu-simple-dropdown wd-event-hover\" ><a href=\"https:\/\/odontologijosklinika.eu\/plunge\/paslaugos\/burnos-chirurgija\/\" class=\"woodmart-nav-link\"><span class=\"nav-link-text\">Burnos chirurgija<\/span><\/a><\/li>\n<li id=\"menu-item-624\" class=\"menu-item menu-item-type-post_type menu-item-object-page menu-item-624 item-level-0 menu-simple-dropdown wd-event-hover\" ><a href=\"https:\/\/odontologijosklinika.eu\/plunge\/paslaugos\/kompleksinis-periodonto-gydymas\/\" class=\"woodmart-nav-link\"><span class=\"nav-link-text\">Kompleksinis periodonto gydymas<\/span><\/a><\/li>\n<li id=\"menu-item-628\" class=\"menu-item menu-item-type-post_type menu-item-object-page menu-item-628 item-level-0 menu-simple-dropdown wd-event-hover\" ><a href=\"https:\/\/odontologijosklinika.eu\/plunge\/paslaugos\/profesionali-burnos-higiena\/\" class=\"woodmart-nav-link\"><span class=\"nav-link-text\">Profesionali burnos higiena<\/span><\/a><\/li>\n<li id=\"menu-item-619\" class=\"menu-item menu-item-type-post_type menu-item-object-page menu-item-619 item-level-0 menu-simple-dropdown wd-event-hover\" ><a href=\"https:\/\/odontologijosklinika.eu\/plunge\/paslaugos\/dantu-balinimas-spalvos-korekcija\/\" class=\"woodmart-nav-link\"><span class=\"nav-link-text\">Dant\u0173 balinimas \u2013 spalvos korekcija<\/span><\/a><\/li>\n<li id=\"menu-item-622\" class=\"menu-item menu-item-type-post_type menu-item-object-page menu-item-622 item-level-0 menu-simple-dropdown wd-event-hover\" ><a href=\"https:\/\/odontologijosklinika.eu\/plunge\/paslaugos\/gydymas-taikant-sedacija\/\" class=\"woodmart-nav-link\"><span class=\"nav-link-text\">Gydymas taikant sedacij\u0105<\/span><\/a><\/li>\n<li id=\"menu-item-625\" class=\"menu-item menu-item-type-post_type menu-item-object-page menu-item-625 item-level-0 menu-simple-dropdown wd-event-hover\" ><a href=\"https:\/\/odontologijosklinika.eu\/plunge\/paslaugos\/lazerio-proceduros\/\" class=\"woodmart-nav-link\"><span class=\"nav-link-text\">Lazerio proced\u016bros<\/span><\/a><\/li>\n<li id=\"menu-item-627\" class=\"menu-item menu-item-type-post_type menu-item-object-page menu-item-627 item-level-0 menu-simple-dropdown wd-event-hover\" ><a href=\"https:\/\/odontologijosklinika.eu\/plunge\/paslaugos\/ozono-terapija\/\" class=\"woodmart-nav-link\"><span class=\"nav-link-text\">Ozono terapija<\/span><\/a><\/li>\n<li id=\"menu-item-617\" class=\"menu-item menu-item-type-post_type menu-item-object-page menu-item-617 item-level-0 menu-simple-dropdown wd-event-hover\" ><a href=\"https:\/\/odontologijosklinika.eu\/plunge\/paslaugos\/3d-kompiuterine-tomografija\/\" class=\"woodmart-nav-link\"><span class=\"nav-link-text\">3D kompiuterin\u0117 tomografija<\/span><\/a><\/li>\n<\/ul>\t\t<\/div>\n\t\t\t\t\t\t<\/div>\n\t\t\t\t<\/div>\n\t\t\t\t<\/div>\n\t\t\t\t\t<\/div>\n\t\t\t\t<\/div>\n\t\t\t\t<\/div>\n\t\t","protected":false},"excerpt":{"rendered":"<p>Panoraminiu rentgeno aparatu daromos ypa\u010d auk\u0161tos rezoliucijos skaitmenin\u0117s panoramin\u0117s rentgeno nuotraukos (ortopantomograma). Tai svarbus ir informatyvus tyrimas odontologijoje. Nuotrauka apima<\/p>\n","protected":false},"author":1,"featured_media":0,"parent":471,"menu_order":0,"comment_status":"closed","ping_status":"closed","template":"","meta":{"_acf_changed":false,"footnotes":""},"class_list":["post-502","page","type-page","status-publish","hentry"],"acf":[],"_links":{"self":[{"href":"https:\/\/odontologijosklinika.eu\/plunge\/wp-json\/wp\/v2\/pages\/502","targetHints":{"allow":["GET"]}}],"collection":[{"href":"https:\/\/odontologijosklinika.eu\/plunge\/wp-json\/wp\/v2\/pages"}],"about":[{"href":"https:\/\/odontologijosklinika.eu\/plunge\/wp-json\/wp\/v2\/types\/page"}],"author":[{"embeddable":true,"href":"https:\/\/odontologijosklinika.eu\/plunge\/wp-json\/wp\/v2\/users\/1"}],"replies":[{"embeddable":true,"href":"https:\/\/odontologijosklinika.eu\/plunge\/wp-json\/wp\/v2\/comments?post=502"}],"version-history":[{"count":0,"href":"https:\/\/odontologijosklinika.eu\/plunge\/wp-json\/wp\/v2\/pages\/502\/revisions"}],"up":[{"embeddable":true,"href":"https:\/\/odontologijosklinika.eu\/plunge\/wp-json\/wp\/v2\/pages\/471"}],"wp:attachment":[{"href":"https:\/\/odontologijosklinika.eu\/plunge\/wp-json\/wp\/v2\/media?parent=502"}],"curies":[{"name":"wp","href":"https:\/\/api.w.org\/{rel}","templated":true}]}}