{"id":498,"date":"2024-08-03T15:51:17","date_gmt":"2024-08-03T12:51:17","guid":{"rendered":"https:\/\/odontologijosklinika.eu\/plunge\/plunge\/?page_id=498"},"modified":"2024-08-16T16:28:33","modified_gmt":"2024-08-16T13:28:33","slug":"lazerio-proceduros","status":"publish","type":"page","link":"https:\/\/odontologijosklinika.eu\/plunge\/paslaugos\/lazerio-proceduros\/","title":{"rendered":"Lazerio proced\u016bros"},"content":{"rendered":"\t\t<div data-elementor-type=\"wp-page\" data-elementor-id=\"498\" class=\"elementor elementor-498\">\n\t\t\t\t<div class=\"wd-negative-gap elementor-element elementor-element-d59f18c e-flex e-con-boxed e-con e-parent\" data-id=\"d59f18c\" data-element_type=\"container\" data-e-type=\"container\">\n\t\t\t\t\t<div class=\"e-con-inner\">\n\t\t<div class=\"elementor-element elementor-element-31d6fac e-con-full e-flex e-con e-child\" data-id=\"31d6fac\" data-element_type=\"container\" data-e-type=\"container\">\n\t\t\t\t<div class=\"elementor-element elementor-element-7e7c209 elementor-widget elementor-widget-image\" data-id=\"7e7c209\" data-element_type=\"widget\" data-e-type=\"widget\" data-widget_type=\"image.default\">\n\t\t\t\t<div class=\"elementor-widget-container\">\n\t\t\t\t\t\t\t\t\t\t\t\t\t\t\t<img fetchpriority=\"high\" decoding=\"async\" width=\"800\" height=\"1114\" src=\"https:\/\/odontologijosklinika.eu\/plunge\/wp-content\/uploads\/2024\/08\/DSC06362-1-e1622108036388.jpg\" class=\"attachment-full size-full wp-image-538\" alt=\"IK odontologijos klinika Plung\u0117je\" srcset=\"https:\/\/odontologijosklinika.eu\/plunge\/wp-content\/uploads\/2024\/08\/DSC06362-1-e1622108036388.jpg 800w, https:\/\/odontologijosklinika.eu\/plunge\/wp-content\/uploads\/2024\/08\/DSC06362-1-e1622108036388-215x300.jpg 215w, https:\/\/odontologijosklinika.eu\/plunge\/wp-content\/uploads\/2024\/08\/DSC06362-1-e1622108036388-735x1024.jpg 735w, https:\/\/odontologijosklinika.eu\/plunge\/wp-content\/uploads\/2024\/08\/DSC06362-1-e1622108036388-768x1069.jpg 768w\" sizes=\"(max-width: 800px) 100vw, 800px\" title=\"IK odontologijos klinika Plung\u0117je\">\t\t\t\t\t\t\t\t\t\t\t\t\t\t\t<\/div>\n\t\t\t\t<\/div>\n\t\t\t\t<div class=\"elementor-element elementor-element-e6bc7a4 elementor-widget elementor-widget-wd_text_block\" data-id=\"e6bc7a4\" data-element_type=\"widget\" data-e-type=\"widget\" data-widget_type=\"wd_text_block.default\">\n\t\t\t\t<div class=\"elementor-widget-container\">\n\t\t\t\t\t\t\t\t<link rel=\"stylesheet\" id=\"wd-text-block-css\" href=\"https:\/\/odontologijosklinika.eu\/plunge\/wp-content\/themes\/woodmart\/css\/parts\/el-text-block.min.css?ver=7.5.2\" type=\"text\/css\" media=\"all\" \/> \t\t\t\t\t<div class=\"wd-text-block reset-last-child text-left\">\n\t\t\t\n\t\t\t<p>IK odontologijos klinikose naudojamas \u0161iuolaikinis\u00a0 odontologinis lazeris EPIC 10, kurio pagalba galime atlikti daugel\u012f proced\u016br\u0173 ir dar labiau pagerinti gydymo kokyb\u0119.<\/p><p><strong>Danten\u0173 korekcija lazeriu.<\/strong>\u00a0Pacientams, kuriems \u0161ypsantis matosi vir\u0161utinio \u017eandikaulio priekini\u0173 dant\u0173 srityje didelis danten\u0173 kiekis (gummy smile), dentaliniu lazeriu atliekama kosmetin\u0117 proced\u016bra, kurios metu dalis danten\u0173 pa\u0161alinama, atidengiama daugiau danties audini\u0173. Po tokios proced\u016bros dantenos greitai gyja, n\u0117ra stipraus skausmo. Danten\u0173 korekcija lazeriu padeda pasiekti maksimal\u0173 estetin\u012f rezultat\u0105 atliekant estetin\u012f plombavim\u0105 ar estetin\u012f protezavim\u0105.<\/p><p><strong>Perioki\u0161eni\u0173 gydymas lazeriu.<\/strong>\u00a0Esant nedideliems periodonto pakenkimams,\u00a0 lazerio energija panaudojama nukenksminti infekcij\u0105, esan\u010di\u0105 danten\u0173 vagel\u0117se ir perioki\u0161en\u0117se. \u0160i proced\u016bra grie\u017etai derinama kartu su profesionalia burnos higiena<\/p><p><strong>L\u016bpos ar lie\u017euvio pasait\u0117li\u0173 plastika lazeriu.<\/strong>\u00a0Lazerio spindulio energijos pagalba koreguojamas pasait\u0117lis, kartu operuojamoje srityje efektyviai naikinami mikroorganizmai, i\u0161 kart stabdomas kraujavimas, apsaugoma nuo infekcijos, skatinamas audini\u0173\u00a0 gijimas, stabdomas rand\u0173 susidarymas.<\/p><p><strong>Biostimuliacija lazeriu.<\/strong>\u00a0Atlikus sud\u0117tingas chirurgines operacijas\u00a0 taikoma, vos kelias minutes trunkanti, proced\u016bra\u00a0akivaizd\u017eiai paspartina audini\u0173 gijim\u0105, nuslopina skausm\u0105 ir tinim\u0105, u\u017ekerta keli\u0105 u\u017edegimui. Veikiant lazerio \u0161viesai aktyvinamas l\u0105steli\u0173 gyvybingumas ir regeneracija.<\/p><h2><strong>Ar danten\u0173 korekcija lazeriu skausmina? <\/strong><\/h2><p>Ik odontologijos klinikoje danten\u0173 korekcija lazeriu atliekama infiltracin\u0117je nejautroje. Proced\u016bra n\u0117ra ilga, \u017einoma priklauso nuo dantuk\u0173 apie kuriuos koreguojama dantena skai\u010diaus. Po proced\u016bros lazeriu apdorota vieta gyja be skausmo ir labai greitai.<\/p><h2><strong>Kaip pri\u017ei\u016br\u0117ti \u017eaizd\u0105 po lazerio proced\u016bros, toki\u0173 kaip pasait\u0117lio plastika ar danten\u0173 korekcija? <\/strong><\/h2><p>Dantys valomi \u012fprastai tik naudojamas mink\u0161tas dant\u0173 \u0161epetukas, danten\u0105 ar kit\u0105 operuot\u0105 viet\u0105 galima ir net b\u016btina liesti ir valyti. Pacient\u0173 pra\u0161ome operuot\u0105 viet\u0105 tepti vitamino A aliejiniu tirpalu, recept\u0105 para\u0161ome po proced\u016bros IK odontologijos klinikoje.<\/p><h2><strong>Ar atliekant biostimuliacij\u0105 lazeriu reikia nuskausminti?<\/strong><\/h2><p>Ik odontologijos klinikoje biostimuliacija atliekama gana da\u017enai, ypa\u010d po dideli\u0173 chirurgini\u0173 operacij\u0173. Nejautra nereikalinga. Pacientas jau\u010dia maloni\u0105 \u0161ilum\u0105. Proced\u016bra trunka apie 5-6 min. o netrukus jau\u010diamas palengv\u0117jimas operuotoje vietoje, ma\u017e\u0117ja tinimas, skirstosi susikaup\u0119 audini\u0173 skys\u010diai, o svarbiausia atl\u0117gsta skausmas.<\/p>\n\t\t\t\t\t<\/div>\n\t\t\t\t\t\t<\/div>\n\t\t\t\t<\/div>\n\t\t\t\t<\/div>\n\t\t<div class=\"elementor-element elementor-element-0a1186b e-con-full e-flex e-con e-child\" data-id=\"0a1186b\" data-element_type=\"container\" data-e-type=\"container\">\n\t\t\t\t<div class=\"elementor-element elementor-element-41433d5 make-sticky elementor-widget elementor-widget-wd_mega_menu\" data-id=\"41433d5\" data-element_type=\"widget\" data-e-type=\"widget\" data-widget_type=\"wd_mega_menu.default\">\n\t\t\t\t<div class=\"elementor-widget-container\">\n\t\t\t\t\t\t\t\t<link rel=\"stylesheet\" id=\"wd-mod-nav-vertical-css\" href=\"https:\/\/odontologijosklinika.eu\/plunge\/wp-content\/themes\/woodmart\/css\/parts\/mod-nav-vertical.min.css?ver=7.5.2\" type=\"text\/css\" media=\"all\" \/> \t\t\t\t\t\t<link rel=\"stylesheet\" id=\"wd-mod-nav-vertical-design-with-bg-css\" href=\"https:\/\/odontologijosklinika.eu\/plunge\/wp-content\/themes\/woodmart\/css\/parts\/mod-nav-vertical-design-with-bg.min.css?ver=7.5.2\" type=\"text\/css\" media=\"all\" \/> \t\t\t\t\t\t<link rel=\"stylesheet\" id=\"wd-widget-nav-mega-menu-css\" href=\"https:\/\/odontologijosklinika.eu\/plunge\/wp-content\/themes\/woodmart\/css\/parts\/widget-nav-mega-menu.min.css?ver=7.5.2\" type=\"text\/css\" media=\"all\" \/> \t\t\t\t\t<div class=\"widget_nav_mega_menu\">\n\t\t\t\t\t\t\t<h5 class=\"widget-title color-scheme-dark\">\n\t\t\t\t\tM\u016bs\u0173 klinikos paslaugos\t\t\t\t<\/h5>\n\t\t\t\t\t\t<ul id=\"menu-paslaugos\" class=\"menu wd-nav wd-nav-vertical wd-design-with-bg wd-gap- wd-icon-left\"><li id=\"menu-item-630\" class=\"menu-item menu-item-type-post_type menu-item-object-page menu-item-630 item-level-0 menu-simple-dropdown wd-event-hover\" ><a href=\"https:\/\/odontologijosklinika.eu\/plunge\/paslaugos\/terapinis-dantu-gydymas\/\" class=\"woodmart-nav-link\"><span class=\"nav-link-text\">Terapinis dant\u0173 gydymas<\/span><\/a><\/li>\n<li id=\"menu-item-631\" class=\"menu-item menu-item-type-post_type menu-item-object-page menu-item-631 item-level-0 menu-simple-dropdown wd-event-hover\" ><a href=\"https:\/\/odontologijosklinika.eu\/plunge\/paslaugos\/vaiku-dantu-gydymas\/\" class=\"woodmart-nav-link\"><span class=\"nav-link-text\">Vaik\u0173 dant\u0173 gydymas<\/span><\/a><\/li>\n<li id=\"menu-item-623\" class=\"menu-item menu-item-type-post_type menu-item-object-page menu-item-623 item-level-0 menu-simple-dropdown wd-event-hover\" ><a href=\"https:\/\/odontologijosklinika.eu\/plunge\/paslaugos\/implantacija\/\" class=\"woodmart-nav-link\"><span class=\"nav-link-text\">Dant\u0173 implantavimas Plung\u0117je<\/span><\/a><\/li>\n<li id=\"menu-item-621\" class=\"menu-item menu-item-type-post_type menu-item-object-page menu-item-621 item-level-0 menu-simple-dropdown wd-event-hover\" ><a href=\"https:\/\/odontologijosklinika.eu\/plunge\/paslaugos\/estetinis-plombavimas\/\" class=\"woodmart-nav-link\"><span class=\"nav-link-text\">Estetinis plombavimas<\/span><\/a><\/li>\n<li id=\"menu-item-620\" class=\"menu-item menu-item-type-post_type menu-item-object-page menu-item-620 item-level-0 menu-simple-dropdown wd-event-hover\" ><a href=\"https:\/\/odontologijosklinika.eu\/plunge\/paslaugos\/endodontinis-gydymas\/\" class=\"woodmart-nav-link\"><span class=\"nav-link-text\">Endodontinis Gydymas<\/span><\/a><\/li>\n<li id=\"menu-item-629\" class=\"menu-item menu-item-type-post_type menu-item-object-page menu-item-629 item-level-0 menu-simple-dropdown wd-event-hover\" ><a href=\"https:\/\/odontologijosklinika.eu\/plunge\/paslaugos\/protezavimas\/\" class=\"woodmart-nav-link\"><span class=\"nav-link-text\">Protezavimas<\/span><\/a><\/li>\n<li id=\"menu-item-626\" class=\"menu-item menu-item-type-post_type menu-item-object-page menu-item-626 item-level-0 menu-simple-dropdown wd-event-hover\" ><a href=\"https:\/\/odontologijosklinika.eu\/plunge\/paslaugos\/ortodontijos-paslaugos\/\" class=\"woodmart-nav-link\"><span class=\"nav-link-text\">Lazerio proced\u016bros<\/span><\/a><\/li>\n<li id=\"menu-item-618\" class=\"menu-item menu-item-type-post_type menu-item-object-page menu-item-618 item-level-0 menu-simple-dropdown wd-event-hover\" ><a href=\"https:\/\/odontologijosklinika.eu\/plunge\/paslaugos\/burnos-chirurgija\/\" class=\"woodmart-nav-link\"><span class=\"nav-link-text\">Burnos chirurgija<\/span><\/a><\/li>\n<li id=\"menu-item-624\" class=\"menu-item menu-item-type-post_type menu-item-object-page menu-item-624 item-level-0 menu-simple-dropdown wd-event-hover\" ><a href=\"https:\/\/odontologijosklinika.eu\/plunge\/paslaugos\/kompleksinis-periodonto-gydymas\/\" class=\"woodmart-nav-link\"><span class=\"nav-link-text\">Kompleksinis periodonto gydymas<\/span><\/a><\/li>\n<li id=\"menu-item-628\" class=\"menu-item menu-item-type-post_type menu-item-object-page menu-item-628 item-level-0 menu-simple-dropdown wd-event-hover\" ><a href=\"https:\/\/odontologijosklinika.eu\/plunge\/paslaugos\/profesionali-burnos-higiena\/\" class=\"woodmart-nav-link\"><span class=\"nav-link-text\">Profesionali burnos higiena<\/span><\/a><\/li>\n<li id=\"menu-item-619\" class=\"menu-item menu-item-type-post_type menu-item-object-page menu-item-619 item-level-0 menu-simple-dropdown wd-event-hover\" ><a href=\"https:\/\/odontologijosklinika.eu\/plunge\/paslaugos\/dantu-balinimas-spalvos-korekcija\/\" class=\"woodmart-nav-link\"><span class=\"nav-link-text\">Dant\u0173 balinimas \u2013 spalvos korekcija<\/span><\/a><\/li>\n<li id=\"menu-item-622\" class=\"menu-item menu-item-type-post_type menu-item-object-page menu-item-622 item-level-0 menu-simple-dropdown wd-event-hover\" ><a href=\"https:\/\/odontologijosklinika.eu\/plunge\/paslaugos\/gydymas-taikant-sedacija\/\" class=\"woodmart-nav-link\"><span class=\"nav-link-text\">Gydymas taikant sedacij\u0105<\/span><\/a><\/li>\n<li id=\"menu-item-625\" class=\"menu-item menu-item-type-post_type menu-item-object-page menu-item-625 item-level-0 menu-simple-dropdown wd-event-hover\" ><a href=\"https:\/\/odontologijosklinika.eu\/plunge\/paslaugos\/lazerio-proceduros\/\" class=\"woodmart-nav-link\"><span class=\"nav-link-text\">Lazerio proced\u016bros<\/span><\/a><\/li>\n<li id=\"menu-item-627\" class=\"menu-item menu-item-type-post_type menu-item-object-page menu-item-627 item-level-0 menu-simple-dropdown wd-event-hover\" ><a href=\"https:\/\/odontologijosklinika.eu\/plunge\/paslaugos\/ozono-terapija\/\" class=\"woodmart-nav-link\"><span class=\"nav-link-text\">Ozono terapija<\/span><\/a><\/li>\n<li id=\"menu-item-617\" class=\"menu-item menu-item-type-post_type menu-item-object-page menu-item-617 item-level-0 menu-simple-dropdown wd-event-hover\" ><a href=\"https:\/\/odontologijosklinika.eu\/plunge\/paslaugos\/3d-kompiuterine-tomografija\/\" class=\"woodmart-nav-link\"><span class=\"nav-link-text\">3D kompiuterin\u0117 tomografija<\/span><\/a><\/li>\n<\/ul>\t\t<\/div>\n\t\t\t\t\t\t<\/div>\n\t\t\t\t<\/div>\n\t\t\t\t<\/div>\n\t\t\t\t\t<\/div>\n\t\t\t\t<\/div>\n\t\t\t\t<\/div>\n\t\t","protected":false},"excerpt":{"rendered":"<p>IK odontologijos klinikose naudojamas \u0161iuolaikinis\u00a0 odontologinis lazeris EPIC 10, kurio pagalba galime atlikti daugel\u012f proced\u016br\u0173 ir dar labiau pagerinti gydymo<\/p>\n","protected":false},"author":1,"featured_media":0,"parent":471,"menu_order":0,"comment_status":"closed","ping_status":"closed","template":"","meta":{"_acf_changed":false,"footnotes":""},"class_list":["post-498","page","type-page","status-publish","hentry"],"acf":[],"_links":{"self":[{"href":"https:\/\/odontologijosklinika.eu\/plunge\/wp-json\/wp\/v2\/pages\/498","targetHints":{"allow":["GET"]}}],"collection":[{"href":"https:\/\/odontologijosklinika.eu\/plunge\/wp-json\/wp\/v2\/pages"}],"about":[{"href":"https:\/\/odontologijosklinika.eu\/plunge\/wp-json\/wp\/v2\/types\/page"}],"author":[{"embeddable":true,"href":"https:\/\/odontologijosklinika.eu\/plunge\/wp-json\/wp\/v2\/users\/1"}],"replies":[{"embeddable":true,"href":"https:\/\/odontologijosklinika.eu\/plunge\/wp-json\/wp\/v2\/comments?post=498"}],"version-history":[{"count":0,"href":"https:\/\/odontologijosklinika.eu\/plunge\/wp-json\/wp\/v2\/pages\/498\/revisions"}],"up":[{"embeddable":true,"href":"https:\/\/odontologijosklinika.eu\/plunge\/wp-json\/wp\/v2\/pages\/471"}],"wp:attachment":[{"href":"https:\/\/odontologijosklinika.eu\/plunge\/wp-json\/wp\/v2\/media?parent=498"}],"curies":[{"name":"wp","href":"https:\/\/api.w.org\/{rel}","templated":true}]}}