{"id":496,"date":"2024-08-03T15:50:54","date_gmt":"2024-08-03T12:50:54","guid":{"rendered":"https:\/\/odontologijosklinika.eu\/plunge\/plunge\/?page_id=496"},"modified":"2024-08-16T16:28:17","modified_gmt":"2024-08-16T13:28:17","slug":"gydymas-taikant-sedacija","status":"publish","type":"page","link":"https:\/\/odontologijosklinika.eu\/plunge\/paslaugos\/gydymas-taikant-sedacija\/","title":{"rendered":"Gydymas taikant sedacij\u0105"},"content":{"rendered":"\t\t<div data-elementor-type=\"wp-page\" data-elementor-id=\"496\" class=\"elementor elementor-496\">\n\t\t\t\t<div class=\"wd-negative-gap elementor-element elementor-element-ef72707 e-flex e-con-boxed e-con e-parent\" data-id=\"ef72707\" data-element_type=\"container\" data-e-type=\"container\">\n\t\t\t\t\t<div class=\"e-con-inner\">\n\t\t<div class=\"elementor-element elementor-element-6a80911 e-con-full e-flex e-con e-child\" data-id=\"6a80911\" data-element_type=\"container\" data-e-type=\"container\">\n\t\t\t\t<div class=\"elementor-element elementor-element-227a8f5 elementor-widget elementor-widget-image\" data-id=\"227a8f5\" data-element_type=\"widget\" data-e-type=\"widget\" data-widget_type=\"image.default\">\n\t\t\t\t<div class=\"elementor-widget-container\">\n\t\t\t\t\t\t\t\t\t\t\t\t\t\t\t<img fetchpriority=\"high\" decoding=\"async\" width=\"1920\" height=\"800\" src=\"https:\/\/odontologijosklinika.eu\/plunge\/wp-content\/uploads\/2024\/08\/sedation-1.jpg\" class=\"attachment-full size-full wp-image-537\" alt=\"IK odontologijos klinika Plung\u0117je\" srcset=\"https:\/\/odontologijosklinika.eu\/plunge\/wp-content\/uploads\/2024\/08\/sedation-1.jpg 1920w, https:\/\/odontologijosklinika.eu\/plunge\/wp-content\/uploads\/2024\/08\/sedation-1-300x125.jpg 300w, https:\/\/odontologijosklinika.eu\/plunge\/wp-content\/uploads\/2024\/08\/sedation-1-1024x427.jpg 1024w, https:\/\/odontologijosklinika.eu\/plunge\/wp-content\/uploads\/2024\/08\/sedation-1-768x320.jpg 768w, https:\/\/odontologijosklinika.eu\/plunge\/wp-content\/uploads\/2024\/08\/sedation-1-1536x640.jpg 1536w\" sizes=\"(max-width: 1920px) 100vw, 1920px\" title=\"IK odontologijos klinika Plung\u0117je\">\t\t\t\t\t\t\t\t\t\t\t\t\t\t\t<\/div>\n\t\t\t\t<\/div>\n\t\t\t\t<div class=\"elementor-element elementor-element-411421f elementor-widget elementor-widget-wd_text_block\" data-id=\"411421f\" data-element_type=\"widget\" data-e-type=\"widget\" data-widget_type=\"wd_text_block.default\">\n\t\t\t\t<div class=\"elementor-widget-container\">\n\t\t\t\t\t\t\t\t<link rel=\"stylesheet\" id=\"wd-text-block-css\" href=\"https:\/\/odontologijosklinika.eu\/plunge\/wp-content\/themes\/woodmart\/css\/parts\/el-text-block.min.css?ver=7.5.2\" type=\"text\/css\" media=\"all\" \/> \t\t\t\t\t<div class=\"wd-text-block reset-last-child text-left\">\n\t\t\t\n\t\t\t<p><strong>Didel\u0117 dalis \u017emoni\u0173 su baime \u017evelgia \u012f odontologines proced\u016bras<\/strong>, tai jiems asocijuojasi su skausmu ir nemaloniai poj\u016b\u010diais. M\u016bs\u0173 klinikoje <strong>tokiems pacientams si\u016blome gydym\u0105 taikant nejautr\u0105, kitaip tariant sedacij\u0105, pri\u017ei\u016brint gydytojui anesteziologui.<\/strong><\/p><p><strong>Sedacija<\/strong> \u2013 tai medikament\u0173 sukeltas s\u0105mon\u0117s slopinimas ir raminimas, norint suteikti pacientui komfort\u0105 ir ramyb\u0119. Tai atlieka kvalifikuotas gydytojas anesteziologas reanimatologas. Sedacijos metu pacientas yra nemiegantis, bet atsipalaidav\u0119s, nejau\u010dia baim\u0117s, arba miegas yra toks i\u0161 kurio pacientas lengvai pa\u017eadinamas. Pacientas nesir\u016bpina kas vyksta aplinkui, proced\u016bros visi\u0161kai arba i\u0161 dalies neatsimena. Sedacijos lygis \u2013 nuo lengvos iki gilios \u2013 parenkamas pagal paciento b\u016bkl\u0119 bei numatomos proced\u016bros apimt\u012f.<\/p><h2><strong>\u0160tai keletas sedacin\u0117s odontologijos prana\u0161um\u0173:<\/strong><\/h2><ul><li>Pa\u0161alina nerim\u0105;<\/li><li>Ma\u017eas \u0161alutinis poveikis;<\/li><li>Kiekvieno apsilankymo klinikoje metu galima atlikti daugiau u\u017eduo\u010di\u0173;<\/li><li>N\u0117ra skausmo;<\/li><li>Visi\u0161kai saugu;<\/li><li>Proced\u016bros atrodo trumpesn\u0117s.<\/li><\/ul><p>Intravenin\u0117 sedacija yra vidutinio sunkumo sedacijos tipas. Pacientai, kuriems buvo atlikta intravenin\u0117 sedacija, teigia, kad per vis\u0105 proced\u016br\u0105 jie jaut\u0117si taip, lyg b\u016bt\u0173 miegoj\u0119. Intraveniniai raminamieji vaistai paprastai naudojami trumpesniam gydymui. Kadangi jie \u0161virk\u0161\u010diami tiesiogine injekcija \u012f krauj\u0105, poveikis pasirei\u0161kia nedelsiant. Kartais pacientai jau\u010dia mieguistum\u0105 ir mieguistum\u0105, kai nutraukiamas intraveninis raminamasis preparatas. \u0160tai kod\u0117l svarbu po proced\u016bros tur\u0117ti vairuotoj\u0105, kad b\u016bt\u0173 galima gr\u012f\u017eti namo.<\/p>\n\t\t\t\t\t<\/div>\n\t\t\t\t\t\t<\/div>\n\t\t\t\t<\/div>\n\t\t\t\t<\/div>\n\t\t<div class=\"elementor-element elementor-element-f10f9eb e-con-full e-flex e-con e-child\" data-id=\"f10f9eb\" data-element_type=\"container\" data-e-type=\"container\">\n\t\t\t\t<div class=\"elementor-element elementor-element-afbccd9 make-sticky elementor-widget elementor-widget-wd_mega_menu\" data-id=\"afbccd9\" data-element_type=\"widget\" data-e-type=\"widget\" data-widget_type=\"wd_mega_menu.default\">\n\t\t\t\t<div class=\"elementor-widget-container\">\n\t\t\t\t\t\t\t\t<link rel=\"stylesheet\" id=\"wd-mod-nav-vertical-css\" href=\"https:\/\/odontologijosklinika.eu\/plunge\/wp-content\/themes\/woodmart\/css\/parts\/mod-nav-vertical.min.css?ver=7.5.2\" type=\"text\/css\" media=\"all\" \/> \t\t\t\t\t\t<link rel=\"stylesheet\" id=\"wd-mod-nav-vertical-design-with-bg-css\" href=\"https:\/\/odontologijosklinika.eu\/plunge\/wp-content\/themes\/woodmart\/css\/parts\/mod-nav-vertical-design-with-bg.min.css?ver=7.5.2\" type=\"text\/css\" media=\"all\" \/> \t\t\t\t\t\t<link rel=\"stylesheet\" id=\"wd-widget-nav-mega-menu-css\" href=\"https:\/\/odontologijosklinika.eu\/plunge\/wp-content\/themes\/woodmart\/css\/parts\/widget-nav-mega-menu.min.css?ver=7.5.2\" type=\"text\/css\" media=\"all\" \/> \t\t\t\t\t<div class=\"widget_nav_mega_menu\">\n\t\t\t\t\t\t\t<h5 class=\"widget-title color-scheme-dark\">\n\t\t\t\t\tM\u016bs\u0173 klinikos paslaugos\t\t\t\t<\/h5>\n\t\t\t\t\t\t<ul id=\"menu-paslaugos\" class=\"menu wd-nav wd-nav-vertical wd-design-with-bg wd-gap- wd-icon-left\"><li id=\"menu-item-630\" class=\"menu-item menu-item-type-post_type menu-item-object-page menu-item-630 item-level-0 menu-simple-dropdown wd-event-hover\" ><a href=\"https:\/\/odontologijosklinika.eu\/plunge\/paslaugos\/terapinis-dantu-gydymas\/\" class=\"woodmart-nav-link\"><span class=\"nav-link-text\">Terapinis dant\u0173 gydymas<\/span><\/a><\/li>\n<li id=\"menu-item-631\" class=\"menu-item menu-item-type-post_type menu-item-object-page menu-item-631 item-level-0 menu-simple-dropdown wd-event-hover\" ><a href=\"https:\/\/odontologijosklinika.eu\/plunge\/paslaugos\/vaiku-dantu-gydymas\/\" class=\"woodmart-nav-link\"><span class=\"nav-link-text\">Vaik\u0173 dant\u0173 gydymas<\/span><\/a><\/li>\n<li id=\"menu-item-623\" class=\"menu-item menu-item-type-post_type menu-item-object-page menu-item-623 item-level-0 menu-simple-dropdown wd-event-hover\" ><a href=\"https:\/\/odontologijosklinika.eu\/plunge\/paslaugos\/implantacija\/\" class=\"woodmart-nav-link\"><span class=\"nav-link-text\">Dant\u0173 implantavimas Plung\u0117je<\/span><\/a><\/li>\n<li id=\"menu-item-621\" class=\"menu-item menu-item-type-post_type menu-item-object-page menu-item-621 item-level-0 menu-simple-dropdown wd-event-hover\" ><a href=\"https:\/\/odontologijosklinika.eu\/plunge\/paslaugos\/estetinis-plombavimas\/\" class=\"woodmart-nav-link\"><span class=\"nav-link-text\">Estetinis plombavimas<\/span><\/a><\/li>\n<li id=\"menu-item-620\" class=\"menu-item menu-item-type-post_type menu-item-object-page menu-item-620 item-level-0 menu-simple-dropdown wd-event-hover\" ><a href=\"https:\/\/odontologijosklinika.eu\/plunge\/paslaugos\/endodontinis-gydymas\/\" class=\"woodmart-nav-link\"><span class=\"nav-link-text\">Endodontinis Gydymas<\/span><\/a><\/li>\n<li id=\"menu-item-629\" class=\"menu-item menu-item-type-post_type menu-item-object-page menu-item-629 item-level-0 menu-simple-dropdown wd-event-hover\" ><a href=\"https:\/\/odontologijosklinika.eu\/plunge\/paslaugos\/protezavimas\/\" class=\"woodmart-nav-link\"><span class=\"nav-link-text\">Protezavimas<\/span><\/a><\/li>\n<li id=\"menu-item-626\" class=\"menu-item menu-item-type-post_type menu-item-object-page menu-item-626 item-level-0 menu-simple-dropdown wd-event-hover\" ><a href=\"https:\/\/odontologijosklinika.eu\/plunge\/paslaugos\/ortodontijos-paslaugos\/\" class=\"woodmart-nav-link\"><span class=\"nav-link-text\">Lazerio proced\u016bros<\/span><\/a><\/li>\n<li id=\"menu-item-618\" class=\"menu-item menu-item-type-post_type menu-item-object-page menu-item-618 item-level-0 menu-simple-dropdown wd-event-hover\" ><a href=\"https:\/\/odontologijosklinika.eu\/plunge\/paslaugos\/burnos-chirurgija\/\" class=\"woodmart-nav-link\"><span class=\"nav-link-text\">Burnos chirurgija<\/span><\/a><\/li>\n<li id=\"menu-item-624\" class=\"menu-item menu-item-type-post_type menu-item-object-page menu-item-624 item-level-0 menu-simple-dropdown wd-event-hover\" ><a href=\"https:\/\/odontologijosklinika.eu\/plunge\/paslaugos\/kompleksinis-periodonto-gydymas\/\" class=\"woodmart-nav-link\"><span class=\"nav-link-text\">Kompleksinis periodonto gydymas<\/span><\/a><\/li>\n<li id=\"menu-item-628\" class=\"menu-item menu-item-type-post_type menu-item-object-page menu-item-628 item-level-0 menu-simple-dropdown wd-event-hover\" ><a href=\"https:\/\/odontologijosklinika.eu\/plunge\/paslaugos\/profesionali-burnos-higiena\/\" class=\"woodmart-nav-link\"><span class=\"nav-link-text\">Profesionali burnos higiena<\/span><\/a><\/li>\n<li id=\"menu-item-619\" class=\"menu-item menu-item-type-post_type menu-item-object-page menu-item-619 item-level-0 menu-simple-dropdown wd-event-hover\" ><a href=\"https:\/\/odontologijosklinika.eu\/plunge\/paslaugos\/dantu-balinimas-spalvos-korekcija\/\" class=\"woodmart-nav-link\"><span class=\"nav-link-text\">Dant\u0173 balinimas \u2013 spalvos korekcija<\/span><\/a><\/li>\n<li id=\"menu-item-622\" class=\"menu-item menu-item-type-post_type menu-item-object-page menu-item-622 item-level-0 menu-simple-dropdown wd-event-hover\" ><a href=\"https:\/\/odontologijosklinika.eu\/plunge\/paslaugos\/gydymas-taikant-sedacija\/\" class=\"woodmart-nav-link\"><span class=\"nav-link-text\">Gydymas taikant sedacij\u0105<\/span><\/a><\/li>\n<li id=\"menu-item-625\" class=\"menu-item menu-item-type-post_type menu-item-object-page menu-item-625 item-level-0 menu-simple-dropdown wd-event-hover\" ><a href=\"https:\/\/odontologijosklinika.eu\/plunge\/paslaugos\/lazerio-proceduros\/\" class=\"woodmart-nav-link\"><span class=\"nav-link-text\">Lazerio proced\u016bros<\/span><\/a><\/li>\n<li id=\"menu-item-627\" class=\"menu-item menu-item-type-post_type menu-item-object-page menu-item-627 item-level-0 menu-simple-dropdown wd-event-hover\" ><a href=\"https:\/\/odontologijosklinika.eu\/plunge\/paslaugos\/ozono-terapija\/\" class=\"woodmart-nav-link\"><span class=\"nav-link-text\">Ozono terapija<\/span><\/a><\/li>\n<li id=\"menu-item-617\" class=\"menu-item menu-item-type-post_type menu-item-object-page menu-item-617 item-level-0 menu-simple-dropdown wd-event-hover\" ><a href=\"https:\/\/odontologijosklinika.eu\/plunge\/paslaugos\/3d-kompiuterine-tomografija\/\" class=\"woodmart-nav-link\"><span class=\"nav-link-text\">3D kompiuterin\u0117 tomografija<\/span><\/a><\/li>\n<\/ul>\t\t<\/div>\n\t\t\t\t\t\t<\/div>\n\t\t\t\t<\/div>\n\t\t\t\t<\/div>\n\t\t\t\t\t<\/div>\n\t\t\t\t<\/div>\n\t\t\t\t<\/div>\n\t\t","protected":false},"excerpt":{"rendered":"<p>Didel\u0117 dalis \u017emoni\u0173 su baime \u017evelgia \u012f odontologines proced\u016bras, tai jiems asocijuojasi su skausmu ir nemaloniai poj\u016b\u010diais. M\u016bs\u0173 klinikoje tokiems<\/p>\n","protected":false},"author":1,"featured_media":0,"parent":471,"menu_order":0,"comment_status":"closed","ping_status":"closed","template":"","meta":{"_acf_changed":false,"footnotes":""},"class_list":["post-496","page","type-page","status-publish","hentry"],"acf":[],"_links":{"self":[{"href":"https:\/\/odontologijosklinika.eu\/plunge\/wp-json\/wp\/v2\/pages\/496","targetHints":{"allow":["GET"]}}],"collection":[{"href":"https:\/\/odontologijosklinika.eu\/plunge\/wp-json\/wp\/v2\/pages"}],"about":[{"href":"https:\/\/odontologijosklinika.eu\/plunge\/wp-json\/wp\/v2\/types\/page"}],"author":[{"embeddable":true,"href":"https:\/\/odontologijosklinika.eu\/plunge\/wp-json\/wp\/v2\/users\/1"}],"replies":[{"embeddable":true,"href":"https:\/\/odontologijosklinika.eu\/plunge\/wp-json\/wp\/v2\/comments?post=496"}],"version-history":[{"count":0,"href":"https:\/\/odontologijosklinika.eu\/plunge\/wp-json\/wp\/v2\/pages\/496\/revisions"}],"up":[{"embeddable":true,"href":"https:\/\/odontologijosklinika.eu\/plunge\/wp-json\/wp\/v2\/pages\/471"}],"wp:attachment":[{"href":"https:\/\/odontologijosklinika.eu\/plunge\/wp-json\/wp\/v2\/media?parent=496"}],"curies":[{"name":"wp","href":"https:\/\/api.w.org\/{rel}","templated":true}]}}