{"id":494,"date":"2024-08-03T15:50:38","date_gmt":"2024-08-03T12:50:38","guid":{"rendered":"https:\/\/odontologijosklinika.eu\/plunge\/plunge\/?page_id=494"},"modified":"2024-08-16T16:27:47","modified_gmt":"2024-08-16T13:27:47","slug":"dantu-balinimas-spalvos-korekcija","status":"publish","type":"page","link":"https:\/\/odontologijosklinika.eu\/plunge\/paslaugos\/dantu-balinimas-spalvos-korekcija\/","title":{"rendered":"Dant\u0173 balinimas \u2013 spalvos korekcija"},"content":{"rendered":"\t\t<div data-elementor-type=\"wp-page\" data-elementor-id=\"494\" class=\"elementor elementor-494\">\n\t\t\t\t<div class=\"wd-negative-gap elementor-element elementor-element-cefa8b6 e-flex e-con-boxed e-con e-parent\" data-id=\"cefa8b6\" data-element_type=\"container\" data-e-type=\"container\">\n\t\t\t\t\t<div class=\"e-con-inner\">\n\t\t<div class=\"elementor-element elementor-element-befe300 e-con-full e-flex e-con e-child\" data-id=\"befe300\" data-element_type=\"container\" data-e-type=\"container\">\n\t\t\t\t<div class=\"elementor-element elementor-element-ba1e09d elementor-widget elementor-widget-image\" data-id=\"ba1e09d\" data-element_type=\"widget\" data-e-type=\"widget\" data-widget_type=\"image.default\">\n\t\t\t\t<div class=\"elementor-widget-container\">\n\t\t\t\t\t\t\t\t\t\t\t\t\t\t\t<img fetchpriority=\"high\" decoding=\"async\" width=\"800\" height=\"1119\" src=\"https:\/\/odontologijosklinika.eu\/plunge\/wp-content\/uploads\/2024\/08\/DSC06369-Edit-1-e1622107750877.jpg\" class=\"attachment-full size-full wp-image-536\" alt=\"IK odontologijos klinika Plung\u0117je\" srcset=\"https:\/\/odontologijosklinika.eu\/plunge\/wp-content\/uploads\/2024\/08\/DSC06369-Edit-1-e1622107750877.jpg 800w, https:\/\/odontologijosklinika.eu\/plunge\/wp-content\/uploads\/2024\/08\/DSC06369-Edit-1-e1622107750877-214x300.jpg 214w, https:\/\/odontologijosklinika.eu\/plunge\/wp-content\/uploads\/2024\/08\/DSC06369-Edit-1-e1622107750877-732x1024.jpg 732w, https:\/\/odontologijosklinika.eu\/plunge\/wp-content\/uploads\/2024\/08\/DSC06369-Edit-1-e1622107750877-768x1074.jpg 768w\" sizes=\"(max-width: 800px) 100vw, 800px\" title=\"IK odontologijos klinika Plung\u0117je\">\t\t\t\t\t\t\t\t\t\t\t\t\t\t\t<\/div>\n\t\t\t\t<\/div>\n\t\t\t\t<div class=\"elementor-element elementor-element-00ce4f9 elementor-widget elementor-widget-wd_text_block\" data-id=\"00ce4f9\" data-element_type=\"widget\" data-e-type=\"widget\" data-widget_type=\"wd_text_block.default\">\n\t\t\t\t<div class=\"elementor-widget-container\">\n\t\t\t\t\t\t\t\t<link rel=\"stylesheet\" id=\"wd-text-block-css\" href=\"https:\/\/odontologijosklinika.eu\/plunge\/wp-content\/themes\/woodmart\/css\/parts\/el-text-block.min.css?ver=7.5.2\" type=\"text\/css\" media=\"all\" \/> \t\t\t\t\t<div class=\"wd-text-block reset-last-child text-left\">\n\t\t\t\n\t\t\t<p>IK odontologijos klinikoje dant\u0173 balinimas yra viena populiariausi\u0173 estetin\u0117s odontologijos proced\u016br\u0173. Dant\u0173 emalio spalva kei\u010diasi d\u0117l \u012fvairi\u0173 prie\u017eas\u010di\u0173, pvz. nuo maisto ar g\u0117rim\u0173 (kavos, arbatos, tabako ir pan.), \u012fvairi\u0173 dant\u0173 traum\u0173, kai kuri\u0173 vaist\u0173 vartojimo, paveldimumo, senyvo am\u017eiaus ir kt. Dant\u0173 balinimas yra itin veiksminga proced\u016bra kovojant su \u0161iais veiksniais.<\/p><h2><strong>Balinimas lazeriu<\/strong><\/h2><p>Dant\u0173 balinimas lazeriu \u2013 saugiausias ir efektyviausias dant\u0173 balinimo metodas, nekenkiantis nei dantims nei dantenoms. Balinant dantis lazeriu EPIC10 pasiekiamas giluminis balinimo efektas \u2013 lazerio \u0161viesa aktyvuojamas balinimo med\u017eiaga pasiekia ne tik emal\u012f, bet ir dentin\u0105, tod\u0117l i\u0161balina dantis iki maksimalaus baltumo. Dant\u0173 balinimo proced\u016bros pabaigoje dantys padengiami nujautrinan\u010diu geliu.<\/p><h2><strong>Balinimas individualiomis kapomis namuose<\/strong><\/h2><p>Balinimo gelis \u012f\u0161virk\u0161\u010diamas \u012f pagamintas individualias kapas ir jos dedamos nak\u010diai ant dant\u0173. Lipnios konsistencijos gelis (balinimo med\u017eiaga) nei\u0161teka i\u0161 kap\u0173 ir tvirtai prilipina prie dant\u0173. Rezultatai matomi jau pirm\u0105j\u0105 savait\u0119, o geriausi rezultatai pasiekiami po 10 nakt\u0173.<\/p><h2><strong>Ar efektyvios balinamosios dant\u0173 pastos?<\/strong><\/h2><p>Ne, dant\u0173 pastos dant\u0173 nebalina. Da\u017eniausiai \u0161ios pastos savo sud\u0117tyje turi daug agresyvi\u0173 abrazyvini\u0173 daleli\u0173, kurios tik pa\u0161alina susikaupus\u012f pigment\u0105, tod\u0117l ilg\u0105 laik\u0105 toki\u0173 past\u0173 naudoti nerekomenduojama, nes jos gali sukelti emalio pa\u017eeidimus, dant\u0173 jautrum\u0105 ypa\u010d naudojamos su elektriniais ar ultragarsiniais dant\u0173 \u0161epet\u0117liais. Taip pat nerekomenduojame namuose naudoti sodos, druskos ar aktyvintos anglies kapsuli\u0173 siekiant dant\u0173 baltumo.<\/p><h2><strong>Kod\u0117l po balinimo tapo jautresni? Kaip tai suma\u017einti?<\/strong><\/h2><p>Po dant\u0173 balinimo jautrumas gali b\u016bti, nes aktyvioms med\u017eiagoms besiskverbiant \u012f audinius susidaro mikroporos. Siekiant to i\u0161vengti rekomenduojama po dant\u0173 balinimo naudoti jautrum\u0105 ma\u017einan\u010dias pastas ar nujautrinan\u010di\u0173 dant\u0173 krem\u0173 aplikacijas.<\/p><h2><strong>Ar balinimo rezultatas ilgalaikis?<\/strong><\/h2><p>Taip, bet ilgalaikiams rezultatams labai svarbi J\u016bs\u0173 asmenin\u0117 burnos higiena, laiku atliekama profesionali burnos higiena ir da\u017ean\u010di\u0173 maisto produkt\u0173 ir g\u0117rim\u0173 ribojimas.<\/p><h2><strong>Ko reik\u0117t\u0173 vengti po dant\u0173 balinimo proced\u016bros?<\/strong><\/h2><p>Reik\u0117t\u0173 vengti da\u017ean\u010di\u0173 ir ry\u0161kius pigmentus turin\u010di\u0173 maisto produkt\u0173 ir g\u0117rim\u0173 (burok\u0117liai, kava, raudonas vyras).<\/p><h2><strong>Ar balinimo metu galima i\u0161balinti negyvus ( endodonti\u0161kai gydytus dantis?<\/strong><\/h2><p>Ne, \u0161io balinimo metu endodonti\u0161kai gydyti dantys nei\u0161bal\u0105 arba efektas labai minimalus. Tod\u0117l \u0161iems dantis taikomas vidinis dant\u0173 balinimas arba protezavimas.<\/p><h2><strong>Ar plombos pa\u0161vies\u0117ja dant\u0173 balinimo metu?<\/strong><\/h2><p>Ne, profesionalaus balinimo metu ar balinimo namuose su kapomis metu yra paveikiami tik danties audiniai, plombin\u0117s med\u017eiagos savo spalvos nekei\u010dia, tod\u0117l po balinimo norint suvienodinti dant\u0173 ir restauracij\u0173 spalvas jas gali tekti keisti naujomis.<\/p>\n\t\t\t\t\t<\/div>\n\t\t\t\t\t\t<\/div>\n\t\t\t\t<\/div>\n\t\t\t\t<\/div>\n\t\t<div class=\"elementor-element elementor-element-5a3528c e-con-full e-flex e-con e-child\" data-id=\"5a3528c\" data-element_type=\"container\" data-e-type=\"container\">\n\t\t\t\t<div class=\"elementor-element elementor-element-a8aa349 make-sticky elementor-widget elementor-widget-wd_mega_menu\" data-id=\"a8aa349\" data-element_type=\"widget\" data-e-type=\"widget\" data-widget_type=\"wd_mega_menu.default\">\n\t\t\t\t<div class=\"elementor-widget-container\">\n\t\t\t\t\t\t\t\t<link rel=\"stylesheet\" id=\"wd-mod-nav-vertical-css\" href=\"https:\/\/odontologijosklinika.eu\/plunge\/wp-content\/themes\/woodmart\/css\/parts\/mod-nav-vertical.min.css?ver=7.5.2\" type=\"text\/css\" media=\"all\" \/> \t\t\t\t\t\t<link rel=\"stylesheet\" id=\"wd-mod-nav-vertical-design-with-bg-css\" href=\"https:\/\/odontologijosklinika.eu\/plunge\/wp-content\/themes\/woodmart\/css\/parts\/mod-nav-vertical-design-with-bg.min.css?ver=7.5.2\" type=\"text\/css\" media=\"all\" \/> \t\t\t\t\t\t<link rel=\"stylesheet\" id=\"wd-widget-nav-mega-menu-css\" href=\"https:\/\/odontologijosklinika.eu\/plunge\/wp-content\/themes\/woodmart\/css\/parts\/widget-nav-mega-menu.min.css?ver=7.5.2\" type=\"text\/css\" media=\"all\" \/> \t\t\t\t\t<div class=\"widget_nav_mega_menu\">\n\t\t\t\t\t\t\t<h5 class=\"widget-title color-scheme-dark\">\n\t\t\t\t\tM\u016bs\u0173 klinikos paslaugos\t\t\t\t<\/h5>\n\t\t\t\t\t\t<ul id=\"menu-paslaugos\" class=\"menu wd-nav wd-nav-vertical wd-design-with-bg wd-gap- wd-icon-left\"><li id=\"menu-item-630\" class=\"menu-item menu-item-type-post_type menu-item-object-page menu-item-630 item-level-0 menu-simple-dropdown wd-event-hover\" ><a href=\"https:\/\/odontologijosklinika.eu\/plunge\/paslaugos\/terapinis-dantu-gydymas\/\" class=\"woodmart-nav-link\"><span class=\"nav-link-text\">Terapinis dant\u0173 gydymas<\/span><\/a><\/li>\n<li id=\"menu-item-631\" class=\"menu-item menu-item-type-post_type menu-item-object-page menu-item-631 item-level-0 menu-simple-dropdown wd-event-hover\" ><a href=\"https:\/\/odontologijosklinika.eu\/plunge\/paslaugos\/vaiku-dantu-gydymas\/\" class=\"woodmart-nav-link\"><span class=\"nav-link-text\">Vaik\u0173 dant\u0173 gydymas<\/span><\/a><\/li>\n<li id=\"menu-item-623\" class=\"menu-item menu-item-type-post_type menu-item-object-page menu-item-623 item-level-0 menu-simple-dropdown wd-event-hover\" ><a href=\"https:\/\/odontologijosklinika.eu\/plunge\/paslaugos\/implantacija\/\" class=\"woodmart-nav-link\"><span class=\"nav-link-text\">Dant\u0173 implantavimas Plung\u0117je<\/span><\/a><\/li>\n<li id=\"menu-item-621\" class=\"menu-item menu-item-type-post_type menu-item-object-page menu-item-621 item-level-0 menu-simple-dropdown wd-event-hover\" ><a href=\"https:\/\/odontologijosklinika.eu\/plunge\/paslaugos\/estetinis-plombavimas\/\" class=\"woodmart-nav-link\"><span class=\"nav-link-text\">Estetinis plombavimas<\/span><\/a><\/li>\n<li id=\"menu-item-620\" class=\"menu-item menu-item-type-post_type menu-item-object-page menu-item-620 item-level-0 menu-simple-dropdown wd-event-hover\" ><a href=\"https:\/\/odontologijosklinika.eu\/plunge\/paslaugos\/endodontinis-gydymas\/\" class=\"woodmart-nav-link\"><span class=\"nav-link-text\">Endodontinis Gydymas<\/span><\/a><\/li>\n<li id=\"menu-item-629\" class=\"menu-item menu-item-type-post_type menu-item-object-page menu-item-629 item-level-0 menu-simple-dropdown wd-event-hover\" ><a href=\"https:\/\/odontologijosklinika.eu\/plunge\/paslaugos\/protezavimas\/\" class=\"woodmart-nav-link\"><span class=\"nav-link-text\">Protezavimas<\/span><\/a><\/li>\n<li id=\"menu-item-626\" class=\"menu-item menu-item-type-post_type menu-item-object-page menu-item-626 item-level-0 menu-simple-dropdown wd-event-hover\" ><a href=\"https:\/\/odontologijosklinika.eu\/plunge\/paslaugos\/ortodontijos-paslaugos\/\" class=\"woodmart-nav-link\"><span class=\"nav-link-text\">Lazerio proced\u016bros<\/span><\/a><\/li>\n<li id=\"menu-item-618\" class=\"menu-item menu-item-type-post_type menu-item-object-page menu-item-618 item-level-0 menu-simple-dropdown wd-event-hover\" ><a href=\"https:\/\/odontologijosklinika.eu\/plunge\/paslaugos\/burnos-chirurgija\/\" class=\"woodmart-nav-link\"><span class=\"nav-link-text\">Burnos chirurgija<\/span><\/a><\/li>\n<li id=\"menu-item-624\" class=\"menu-item menu-item-type-post_type menu-item-object-page menu-item-624 item-level-0 menu-simple-dropdown wd-event-hover\" ><a href=\"https:\/\/odontologijosklinika.eu\/plunge\/paslaugos\/kompleksinis-periodonto-gydymas\/\" class=\"woodmart-nav-link\"><span class=\"nav-link-text\">Kompleksinis periodonto gydymas<\/span><\/a><\/li>\n<li id=\"menu-item-628\" class=\"menu-item menu-item-type-post_type menu-item-object-page menu-item-628 item-level-0 menu-simple-dropdown wd-event-hover\" ><a href=\"https:\/\/odontologijosklinika.eu\/plunge\/paslaugos\/profesionali-burnos-higiena\/\" class=\"woodmart-nav-link\"><span class=\"nav-link-text\">Profesionali burnos higiena<\/span><\/a><\/li>\n<li id=\"menu-item-619\" class=\"menu-item menu-item-type-post_type menu-item-object-page menu-item-619 item-level-0 menu-simple-dropdown wd-event-hover\" ><a href=\"https:\/\/odontologijosklinika.eu\/plunge\/paslaugos\/dantu-balinimas-spalvos-korekcija\/\" class=\"woodmart-nav-link\"><span class=\"nav-link-text\">Dant\u0173 balinimas \u2013 spalvos korekcija<\/span><\/a><\/li>\n<li id=\"menu-item-622\" class=\"menu-item menu-item-type-post_type menu-item-object-page menu-item-622 item-level-0 menu-simple-dropdown wd-event-hover\" ><a href=\"https:\/\/odontologijosklinika.eu\/plunge\/paslaugos\/gydymas-taikant-sedacija\/\" class=\"woodmart-nav-link\"><span class=\"nav-link-text\">Gydymas taikant sedacij\u0105<\/span><\/a><\/li>\n<li id=\"menu-item-625\" class=\"menu-item menu-item-type-post_type menu-item-object-page menu-item-625 item-level-0 menu-simple-dropdown wd-event-hover\" ><a href=\"https:\/\/odontologijosklinika.eu\/plunge\/paslaugos\/lazerio-proceduros\/\" class=\"woodmart-nav-link\"><span class=\"nav-link-text\">Lazerio proced\u016bros<\/span><\/a><\/li>\n<li id=\"menu-item-627\" class=\"menu-item menu-item-type-post_type menu-item-object-page menu-item-627 item-level-0 menu-simple-dropdown wd-event-hover\" ><a href=\"https:\/\/odontologijosklinika.eu\/plunge\/paslaugos\/ozono-terapija\/\" class=\"woodmart-nav-link\"><span class=\"nav-link-text\">Ozono terapija<\/span><\/a><\/li>\n<li id=\"menu-item-617\" class=\"menu-item menu-item-type-post_type menu-item-object-page menu-item-617 item-level-0 menu-simple-dropdown wd-event-hover\" ><a href=\"https:\/\/odontologijosklinika.eu\/plunge\/paslaugos\/3d-kompiuterine-tomografija\/\" class=\"woodmart-nav-link\"><span class=\"nav-link-text\">3D kompiuterin\u0117 tomografija<\/span><\/a><\/li>\n<\/ul>\t\t<\/div>\n\t\t\t\t\t\t<\/div>\n\t\t\t\t<\/div>\n\t\t\t\t<\/div>\n\t\t\t\t\t<\/div>\n\t\t\t\t<\/div>\n\t\t\t\t<\/div>\n\t\t","protected":false},"excerpt":{"rendered":"<p>IK odontologijos klinikoje dant\u0173 balinimas yra viena populiariausi\u0173 estetin\u0117s odontologijos proced\u016br\u0173. Dant\u0173 emalio spalva kei\u010diasi d\u0117l \u012fvairi\u0173 prie\u017eas\u010di\u0173, pvz. nuo<\/p>\n","protected":false},"author":1,"featured_media":0,"parent":471,"menu_order":0,"comment_status":"closed","ping_status":"closed","template":"","meta":{"_acf_changed":false,"footnotes":""},"class_list":["post-494","page","type-page","status-publish","hentry"],"acf":[],"_links":{"self":[{"href":"https:\/\/odontologijosklinika.eu\/plunge\/wp-json\/wp\/v2\/pages\/494","targetHints":{"allow":["GET"]}}],"collection":[{"href":"https:\/\/odontologijosklinika.eu\/plunge\/wp-json\/wp\/v2\/pages"}],"about":[{"href":"https:\/\/odontologijosklinika.eu\/plunge\/wp-json\/wp\/v2\/types\/page"}],"author":[{"embeddable":true,"href":"https:\/\/odontologijosklinika.eu\/plunge\/wp-json\/wp\/v2\/users\/1"}],"replies":[{"embeddable":true,"href":"https:\/\/odontologijosklinika.eu\/plunge\/wp-json\/wp\/v2\/comments?post=494"}],"version-history":[{"count":0,"href":"https:\/\/odontologijosklinika.eu\/plunge\/wp-json\/wp\/v2\/pages\/494\/revisions"}],"up":[{"embeddable":true,"href":"https:\/\/odontologijosklinika.eu\/plunge\/wp-json\/wp\/v2\/pages\/471"}],"wp:attachment":[{"href":"https:\/\/odontologijosklinika.eu\/plunge\/wp-json\/wp\/v2\/media?parent=494"}],"curies":[{"name":"wp","href":"https:\/\/api.w.org\/{rel}","templated":true}]}}