{"id":490,"date":"2024-08-03T15:49:48","date_gmt":"2024-08-03T12:49:48","guid":{"rendered":"https:\/\/odontologijosklinika.eu\/plunge\/plunge\/?page_id=490"},"modified":"2024-08-16T16:28:29","modified_gmt":"2024-08-16T13:28:29","slug":"kompleksinis-periodonto-gydymas","status":"publish","type":"page","link":"https:\/\/odontologijosklinika.eu\/plunge\/paslaugos\/kompleksinis-periodonto-gydymas\/","title":{"rendered":"Kompleksinis periodonto gydymas"},"content":{"rendered":"\t\t<div data-elementor-type=\"wp-page\" data-elementor-id=\"490\" class=\"elementor elementor-490\">\n\t\t\t\t<div class=\"wd-negative-gap elementor-element elementor-element-5723bb4 e-flex e-con-boxed e-con e-parent\" data-id=\"5723bb4\" data-element_type=\"container\" data-e-type=\"container\">\n\t\t\t\t\t<div class=\"e-con-inner\">\n\t\t<div class=\"elementor-element elementor-element-c583dbd e-con-full e-flex e-con e-child\" data-id=\"c583dbd\" data-element_type=\"container\" data-e-type=\"container\">\n\t\t\t\t<div class=\"elementor-element elementor-element-d04bebc elementor-widget elementor-widget-image\" data-id=\"d04bebc\" data-element_type=\"widget\" data-e-type=\"widget\" data-widget_type=\"image.default\">\n\t\t\t\t<div class=\"elementor-widget-container\">\n\t\t\t\t\t\t\t\t\t\t\t\t\t\t\t<img fetchpriority=\"high\" decoding=\"async\" width=\"2048\" height=\"1365\" src=\"https:\/\/odontologijosklinika.eu\/plunge\/wp-content\/uploads\/2024\/08\/DSC06544-Edit.jpg\" class=\"attachment-full size-full wp-image-534\" alt=\"IK odontologijos klinika Plung\u0117je\" srcset=\"https:\/\/odontologijosklinika.eu\/plunge\/wp-content\/uploads\/2024\/08\/DSC06544-Edit.jpg 2048w, https:\/\/odontologijosklinika.eu\/plunge\/wp-content\/uploads\/2024\/08\/DSC06544-Edit-300x200.jpg 300w, https:\/\/odontologijosklinika.eu\/plunge\/wp-content\/uploads\/2024\/08\/DSC06544-Edit-1024x683.jpg 1024w, https:\/\/odontologijosklinika.eu\/plunge\/wp-content\/uploads\/2024\/08\/DSC06544-Edit-768x512.jpg 768w, https:\/\/odontologijosklinika.eu\/plunge\/wp-content\/uploads\/2024\/08\/DSC06544-Edit-1536x1024.jpg 1536w\" sizes=\"(max-width: 2048px) 100vw, 2048px\" title=\"IK odontologijos klinika Plung\u0117je\">\t\t\t\t\t\t\t\t\t\t\t\t\t\t\t<\/div>\n\t\t\t\t<\/div>\n\t\t\t\t<div class=\"elementor-element elementor-element-8126595 elementor-widget elementor-widget-wd_text_block\" data-id=\"8126595\" data-element_type=\"widget\" data-e-type=\"widget\" data-widget_type=\"wd_text_block.default\">\n\t\t\t\t<div class=\"elementor-widget-container\">\n\t\t\t\t\t\t\t\t<link rel=\"stylesheet\" id=\"wd-text-block-css\" href=\"https:\/\/odontologijosklinika.eu\/plunge\/wp-content\/themes\/woodmart\/css\/parts\/el-text-block.min.css?ver=7.5.2\" type=\"text\/css\" media=\"all\" \/> \t\t\t\t\t<div class=\"wd-text-block reset-last-child text-left\">\n\t\t\t\n\t\t\t<p>Kompleksinis periodonto gydymas prasideda nuo akmen\u0173 ir mink\u0161to apna\u0161o valymo, dant\u0173 bei dant\u0173 \u0161akn\u0173 poliravimo proced\u016br\u0173. \u0160is etapas vadinamas nechirurginiu periodontito gydymu ir reikalauja keli\u0173 paciento vizit\u0173 su 1-2 savai\u010di\u0173 intervalu. Valymas atliekamas atlikus vietin\u0119 nejautr\u0105 naudojant ultragarsinius instrumentus. Jau po pirmojo vizito burnos higienist\u0117 parenka optimalias higienos priemones, paai\u0161kina, kaip teisingai valytis dantis namuose.<\/p><p>Da\u017eniausiai antra periodontito gydymo stadija pradedama pra\u0117jus 3 m\u0117nesiams nuo pirmosios pabaigos, o kartais ir po 4-6 savai\u010di\u0173. \u0160io laikotarpio metu negilios danten\u0173 ki\u0161en\u0117s gali visai i\u0161nykti, o gilios \u2013 \u017eymiai suma\u017e\u0117ti. Sunkiais atvejais reikalinga chirurgin\u0117 j\u0173 korekcija, vadinama lopo operacija. Skiriamas ir medikamentinis gydymas.<\/p><p>Palaikomasis gydymas reikalingas tam, kad ateityje b\u016bt\u0173 i\u0161vengta ligos pasikartojimo. B\u016btina periodi\u0161kai atlikti profesionali\u0105 burnos higienos proced\u016br\u0105 bei palaikyti burnos ertm\u0117s imunin\u0119 apsaug\u0105.<\/p><h2><strong>Ar paradontoz\u0117 paveldima?<\/strong><\/h2><p>Taip tyrimais \u012frodyta kad polinkis sirgti kra\u0161tinio periodontoto susirgimas yra paveldimas. Tai vienas svarbus faktorius klini\u0161kai pasireik\u0161ti ligai. \u017dinoma mil\u017eini\u0161k\u0105 reik\u0161m\u0119 turi asmenin\u0117 burnos higiena ir \u017emogaus imunitetas. Jei \u017emogaus burnos higiena bus puiki, imunitetas stiprus paradontoz\u0117s klinikin\u0117s i\u0161rai\u0161kos gali ir neb\u016bti.<\/p><h2><strong>Kod\u0117l valant dantis kraujuoja?<\/strong><\/h2><p>Jeigu \u00a0pasteb\u0117jote, kad valant dantis dant\u0173 \u0161epetukas tampa kruvinas, ar skalaujamas vanduo tampa ro\u017einis, b\u016btina susir\u016bpinti. Tai danten\u0173 u\u017edegimo simtomas. Danten\u0173 u\u017edegim\u0105 sukelia mink\u0161tos apna\u0161os, kurios v\u0117liau tampa kietais dant\u0173 akmenimis. Blogai valant dantis ar net kelias dienas nei\u0161valytas mink\u0161tas apna\u0161as sukelia prad\u017eioje lengv\u0105, da\u017enai nepastebim\u0105 danten\u0173 u\u017edegim\u0105, v\u0117liau u\u017edegimas stipr\u0117ja, gali dantenas per\u0161t\u0117ti, prilietus kraujuoti, o v\u0117liau atsiranda net ir labai intensyvus skausmas, kraujavimas net ir neprilietus. Negydomas toks u\u017edegimas spar\u010diai pa\u017eeid\u017eia ir kra\u0161tin\u012f kaul\u0105 apie dantis, taip negydomas danten\u0173 u\u017edegimas komplikuojasi kra\u0161tiniu periodontitu, vadinamu paradontoze.<\/p><h2><strong>\u00a0<\/strong><strong>Kod\u0117l dantys prad\u0117jo klib\u0117ti?<\/strong><\/h2><p>Dantys gali prad\u0117ti klib\u0117ti kai kra\u0161tinio periodonto ( rai\u0161\u010dio kuris laiko dant\u012f \u012fsitvirtinus\u012f \u012f kaul\u0105) pa\u017eeidimas jau gana ry\u0161kus. Rei\u0161kia u\u017edegimas, kuris buvo laiku nepasteb\u0117tas pasiek\u0117 tok\u012f lyg\u012f, kad dantys jau nebe taip tvirtai laikosi kaule, prad\u0117jo klib\u0117ti. Tokiu atveju da\u017enai stebime kra\u0161tinio kaulo netekim\u0105, \u017eandikaulio kaulo nykim\u0105 d\u0117l ilgalaikio u\u017edegimo, kur\u012f suk\u0117l\u0117 mink\u0161tos ir kietos apna\u0161os, dant\u0173 akmenys.<\/p>\n\t\t\t\t\t<\/div>\n\t\t\t\t\t\t<\/div>\n\t\t\t\t<\/div>\n\t\t\t\t<\/div>\n\t\t<div class=\"elementor-element elementor-element-c7cc38e e-con-full e-flex e-con e-child\" data-id=\"c7cc38e\" data-element_type=\"container\" data-e-type=\"container\">\n\t\t\t\t<div class=\"elementor-element elementor-element-9a361bf make-sticky elementor-widget elementor-widget-wd_mega_menu\" data-id=\"9a361bf\" data-element_type=\"widget\" data-e-type=\"widget\" data-widget_type=\"wd_mega_menu.default\">\n\t\t\t\t<div class=\"elementor-widget-container\">\n\t\t\t\t\t\t\t\t<link rel=\"stylesheet\" id=\"wd-mod-nav-vertical-css\" href=\"https:\/\/odontologijosklinika.eu\/plunge\/wp-content\/themes\/woodmart\/css\/parts\/mod-nav-vertical.min.css?ver=7.5.2\" type=\"text\/css\" media=\"all\" \/> \t\t\t\t\t\t<link rel=\"stylesheet\" id=\"wd-mod-nav-vertical-design-with-bg-css\" href=\"https:\/\/odontologijosklinika.eu\/plunge\/wp-content\/themes\/woodmart\/css\/parts\/mod-nav-vertical-design-with-bg.min.css?ver=7.5.2\" type=\"text\/css\" media=\"all\" \/> \t\t\t\t\t\t<link rel=\"stylesheet\" id=\"wd-widget-nav-mega-menu-css\" href=\"https:\/\/odontologijosklinika.eu\/plunge\/wp-content\/themes\/woodmart\/css\/parts\/widget-nav-mega-menu.min.css?ver=7.5.2\" type=\"text\/css\" media=\"all\" \/> \t\t\t\t\t<div class=\"widget_nav_mega_menu\">\n\t\t\t\t\t\t\t<h5 class=\"widget-title color-scheme-dark\">\n\t\t\t\t\tM\u016bs\u0173 klinikos paslaugos\t\t\t\t<\/h5>\n\t\t\t\t\t\t<ul id=\"menu-paslaugos\" class=\"menu wd-nav wd-nav-vertical wd-design-with-bg wd-gap- wd-icon-left\"><li id=\"menu-item-630\" class=\"menu-item menu-item-type-post_type menu-item-object-page menu-item-630 item-level-0 menu-simple-dropdown wd-event-hover\" ><a href=\"https:\/\/odontologijosklinika.eu\/plunge\/paslaugos\/terapinis-dantu-gydymas\/\" class=\"woodmart-nav-link\"><span class=\"nav-link-text\">Terapinis dant\u0173 gydymas<\/span><\/a><\/li>\n<li id=\"menu-item-631\" class=\"menu-item menu-item-type-post_type menu-item-object-page menu-item-631 item-level-0 menu-simple-dropdown wd-event-hover\" ><a href=\"https:\/\/odontologijosklinika.eu\/plunge\/paslaugos\/vaiku-dantu-gydymas\/\" class=\"woodmart-nav-link\"><span class=\"nav-link-text\">Vaik\u0173 dant\u0173 gydymas<\/span><\/a><\/li>\n<li id=\"menu-item-623\" class=\"menu-item menu-item-type-post_type menu-item-object-page menu-item-623 item-level-0 menu-simple-dropdown wd-event-hover\" ><a href=\"https:\/\/odontologijosklinika.eu\/plunge\/paslaugos\/implantacija\/\" class=\"woodmart-nav-link\"><span class=\"nav-link-text\">Dant\u0173 implantavimas Plung\u0117je<\/span><\/a><\/li>\n<li id=\"menu-item-621\" class=\"menu-item menu-item-type-post_type menu-item-object-page menu-item-621 item-level-0 menu-simple-dropdown wd-event-hover\" ><a href=\"https:\/\/odontologijosklinika.eu\/plunge\/paslaugos\/estetinis-plombavimas\/\" class=\"woodmart-nav-link\"><span class=\"nav-link-text\">Estetinis plombavimas<\/span><\/a><\/li>\n<li id=\"menu-item-620\" class=\"menu-item menu-item-type-post_type menu-item-object-page menu-item-620 item-level-0 menu-simple-dropdown wd-event-hover\" ><a href=\"https:\/\/odontologijosklinika.eu\/plunge\/paslaugos\/endodontinis-gydymas\/\" class=\"woodmart-nav-link\"><span class=\"nav-link-text\">Endodontinis Gydymas<\/span><\/a><\/li>\n<li id=\"menu-item-629\" class=\"menu-item menu-item-type-post_type menu-item-object-page menu-item-629 item-level-0 menu-simple-dropdown wd-event-hover\" ><a href=\"https:\/\/odontologijosklinika.eu\/plunge\/paslaugos\/protezavimas\/\" class=\"woodmart-nav-link\"><span class=\"nav-link-text\">Protezavimas<\/span><\/a><\/li>\n<li id=\"menu-item-626\" class=\"menu-item menu-item-type-post_type menu-item-object-page menu-item-626 item-level-0 menu-simple-dropdown wd-event-hover\" ><a href=\"https:\/\/odontologijosklinika.eu\/plunge\/paslaugos\/ortodontijos-paslaugos\/\" class=\"woodmart-nav-link\"><span class=\"nav-link-text\">Lazerio proced\u016bros<\/span><\/a><\/li>\n<li id=\"menu-item-618\" class=\"menu-item menu-item-type-post_type menu-item-object-page menu-item-618 item-level-0 menu-simple-dropdown wd-event-hover\" ><a href=\"https:\/\/odontologijosklinika.eu\/plunge\/paslaugos\/burnos-chirurgija\/\" class=\"woodmart-nav-link\"><span class=\"nav-link-text\">Burnos chirurgija<\/span><\/a><\/li>\n<li id=\"menu-item-624\" class=\"menu-item menu-item-type-post_type menu-item-object-page menu-item-624 item-level-0 menu-simple-dropdown wd-event-hover\" ><a href=\"https:\/\/odontologijosklinika.eu\/plunge\/paslaugos\/kompleksinis-periodonto-gydymas\/\" class=\"woodmart-nav-link\"><span class=\"nav-link-text\">Kompleksinis periodonto gydymas<\/span><\/a><\/li>\n<li id=\"menu-item-628\" class=\"menu-item menu-item-type-post_type menu-item-object-page menu-item-628 item-level-0 menu-simple-dropdown wd-event-hover\" ><a href=\"https:\/\/odontologijosklinika.eu\/plunge\/paslaugos\/profesionali-burnos-higiena\/\" class=\"woodmart-nav-link\"><span class=\"nav-link-text\">Profesionali burnos higiena<\/span><\/a><\/li>\n<li id=\"menu-item-619\" class=\"menu-item menu-item-type-post_type menu-item-object-page menu-item-619 item-level-0 menu-simple-dropdown wd-event-hover\" ><a href=\"https:\/\/odontologijosklinika.eu\/plunge\/paslaugos\/dantu-balinimas-spalvos-korekcija\/\" class=\"woodmart-nav-link\"><span class=\"nav-link-text\">Dant\u0173 balinimas \u2013 spalvos korekcija<\/span><\/a><\/li>\n<li id=\"menu-item-622\" class=\"menu-item menu-item-type-post_type menu-item-object-page menu-item-622 item-level-0 menu-simple-dropdown wd-event-hover\" ><a href=\"https:\/\/odontologijosklinika.eu\/plunge\/paslaugos\/gydymas-taikant-sedacija\/\" class=\"woodmart-nav-link\"><span class=\"nav-link-text\">Gydymas taikant sedacij\u0105<\/span><\/a><\/li>\n<li id=\"menu-item-625\" class=\"menu-item menu-item-type-post_type menu-item-object-page menu-item-625 item-level-0 menu-simple-dropdown wd-event-hover\" ><a href=\"https:\/\/odontologijosklinika.eu\/plunge\/paslaugos\/lazerio-proceduros\/\" class=\"woodmart-nav-link\"><span class=\"nav-link-text\">Lazerio proced\u016bros<\/span><\/a><\/li>\n<li id=\"menu-item-627\" class=\"menu-item menu-item-type-post_type menu-item-object-page menu-item-627 item-level-0 menu-simple-dropdown wd-event-hover\" ><a href=\"https:\/\/odontologijosklinika.eu\/plunge\/paslaugos\/ozono-terapija\/\" class=\"woodmart-nav-link\"><span class=\"nav-link-text\">Ozono terapija<\/span><\/a><\/li>\n<li id=\"menu-item-617\" class=\"menu-item menu-item-type-post_type menu-item-object-page menu-item-617 item-level-0 menu-simple-dropdown wd-event-hover\" ><a href=\"https:\/\/odontologijosklinika.eu\/plunge\/paslaugos\/3d-kompiuterine-tomografija\/\" class=\"woodmart-nav-link\"><span class=\"nav-link-text\">3D kompiuterin\u0117 tomografija<\/span><\/a><\/li>\n<\/ul>\t\t<\/div>\n\t\t\t\t\t\t<\/div>\n\t\t\t\t<\/div>\n\t\t\t\t<\/div>\n\t\t\t\t\t<\/div>\n\t\t\t\t<\/div>\n\t\t\t\t<\/div>\n\t\t","protected":false},"excerpt":{"rendered":"<p>Kompleksinis periodonto gydymas prasideda nuo akmen\u0173 ir mink\u0161to apna\u0161o valymo, dant\u0173 bei dant\u0173 \u0161akn\u0173 poliravimo proced\u016br\u0173. \u0160is etapas vadinamas nechirurginiu<\/p>\n","protected":false},"author":1,"featured_media":0,"parent":471,"menu_order":0,"comment_status":"closed","ping_status":"closed","template":"","meta":{"_acf_changed":false,"footnotes":""},"class_list":["post-490","page","type-page","status-publish","hentry"],"acf":[],"_links":{"self":[{"href":"https:\/\/odontologijosklinika.eu\/plunge\/wp-json\/wp\/v2\/pages\/490","targetHints":{"allow":["GET"]}}],"collection":[{"href":"https:\/\/odontologijosklinika.eu\/plunge\/wp-json\/wp\/v2\/pages"}],"about":[{"href":"https:\/\/odontologijosklinika.eu\/plunge\/wp-json\/wp\/v2\/types\/page"}],"author":[{"embeddable":true,"href":"https:\/\/odontologijosklinika.eu\/plunge\/wp-json\/wp\/v2\/users\/1"}],"replies":[{"embeddable":true,"href":"https:\/\/odontologijosklinika.eu\/plunge\/wp-json\/wp\/v2\/comments?post=490"}],"version-history":[{"count":0,"href":"https:\/\/odontologijosklinika.eu\/plunge\/wp-json\/wp\/v2\/pages\/490\/revisions"}],"up":[{"embeddable":true,"href":"https:\/\/odontologijosklinika.eu\/plunge\/wp-json\/wp\/v2\/pages\/471"}],"wp:attachment":[{"href":"https:\/\/odontologijosklinika.eu\/plunge\/wp-json\/wp\/v2\/media?parent=490"}],"curies":[{"name":"wp","href":"https:\/\/api.w.org\/{rel}","templated":true}]}}