{"id":488,"date":"2024-08-03T15:49:26","date_gmt":"2024-08-03T12:49:26","guid":{"rendered":"https:\/\/odontologijosklinika.eu\/plunge\/plunge\/?page_id=488"},"modified":"2024-08-16T16:26:21","modified_gmt":"2024-08-16T13:26:21","slug":"burnos-chirurgija","status":"publish","type":"page","link":"https:\/\/odontologijosklinika.eu\/plunge\/paslaugos\/burnos-chirurgija\/","title":{"rendered":"Burnos chirurgija"},"content":{"rendered":"\t\t<div data-elementor-type=\"wp-page\" data-elementor-id=\"488\" class=\"elementor elementor-488\">\n\t\t\t\t<div class=\"wd-negative-gap elementor-element elementor-element-1cc647c e-flex e-con-boxed e-con e-parent\" data-id=\"1cc647c\" data-element_type=\"container\" data-e-type=\"container\">\n\t\t\t\t\t<div class=\"e-con-inner\">\n\t\t<div class=\"elementor-element elementor-element-e90e87b e-con-full e-flex e-con e-child\" data-id=\"e90e87b\" data-element_type=\"container\" data-e-type=\"container\">\n\t\t\t\t<div class=\"elementor-element elementor-element-e1d5494 elementor-widget elementor-widget-image\" data-id=\"e1d5494\" data-element_type=\"widget\" data-e-type=\"widget\" data-widget_type=\"image.default\">\n\t\t\t\t<div class=\"elementor-widget-container\">\n\t\t\t\t\t\t\t\t\t\t\t\t\t\t\t<img fetchpriority=\"high\" decoding=\"async\" width=\"1300\" height=\"867\" src=\"https:\/\/odontologijosklinika.eu\/plunge\/wp-content\/uploads\/2024\/08\/IK_OK_969.jpg\" class=\"attachment-full size-full wp-image-533\" alt=\"IK odontologijos klinika Plung\u0117je\" srcset=\"https:\/\/odontologijosklinika.eu\/plunge\/wp-content\/uploads\/2024\/08\/IK_OK_969.jpg 1300w, https:\/\/odontologijosklinika.eu\/plunge\/wp-content\/uploads\/2024\/08\/IK_OK_969-300x200.jpg 300w, https:\/\/odontologijosklinika.eu\/plunge\/wp-content\/uploads\/2024\/08\/IK_OK_969-1024x683.jpg 1024w, https:\/\/odontologijosklinika.eu\/plunge\/wp-content\/uploads\/2024\/08\/IK_OK_969-768x512.jpg 768w\" sizes=\"(max-width: 1300px) 100vw, 1300px\" title=\"IK odontologijos klinika Plung\u0117je\">\t\t\t\t\t\t\t\t\t\t\t\t\t\t\t<\/div>\n\t\t\t\t<\/div>\n\t\t\t\t<div class=\"elementor-element elementor-element-1757bcb elementor-widget elementor-widget-wd_text_block\" data-id=\"1757bcb\" data-element_type=\"widget\" data-e-type=\"widget\" data-widget_type=\"wd_text_block.default\">\n\t\t\t\t<div class=\"elementor-widget-container\">\n\t\t\t\t\t\t\t\t<link rel=\"stylesheet\" id=\"wd-text-block-css\" href=\"https:\/\/odontologijosklinika.eu\/plunge\/wp-content\/themes\/woodmart\/css\/parts\/el-text-block.min.css?ver=7.5.2\" type=\"text\/css\" media=\"all\" \/> \t\t\t\t\t<div class=\"wd-text-block reset-last-child text-left\">\n\t\t\t\n\t\t\t<p>Burnos chirurgija yra specializuota odontologijos sritis, apimanti visas chirurgines proced\u016bras ir lig\u0173 diagnostik\u0105 burnos ertm\u0117je, veido bei \u017eandikaulio srityse. Chirurgini\u0173 proced\u016br\u0173 prireikia d\u0117l \u012fvairi\u0173 \u017eandikaulio, seili\u0173 liauk\u0173 patologij\u0173, diagnozavus navikus. Da\u017eniausiai atliekama chirurgin\u0117 proced\u016bra odontologo kabinete \u2013 danties \u0161alinimas. Taip pat burnos chirurgija neatsiejama nuo implantacijos. M\u016bs\u0173 klinikoje atliekamos visos burnos chirurgin\u0117s proced\u016bros nuo paprasto atraumatinio danties rovimo iki sud\u0117tingo operacinio (protinio retinuoto, t. y. nei\u0161dygusio ar netaisyklingoje pad\u0117tyje esan\u010dio) danties pa\u0161alinimo.<\/p><p>IK odontoligijos klinikoje taip pat atliekama trumpo l\u016bpos ar lie\u017euvio pasait\u0117lio plastika, \u017eandikauli\u0173 kaulo augmentacijos (priauginimo) proced\u016bros, kurios atliekamos prie\u0161 implantacij\u0105 arba jos metu; sinuso dugno pak\u0117limas.<\/p><p>Chirurgin\u0117s proced\u016bros IK odontologijos klinikoje atliekamos naudojant ypa\u010d pa\u017eangi\u0105 A-PRF metodik\u0105 (Advenced \u2013 Platelet Rich Fibrin). Tai trombocitais papildytas fibrinas, kuris i\u0161gaunamas i\u0161 paties paciento kraujo. PRF stabdo kraujavim\u0105, skatina nauj\u0173 kraujagysli\u0173 susiformavim\u0105, stimuliuoja kaul\u0173 bei mink\u0161t\u0173j\u0173 audini\u0173 regeneracij\u0105, skatina gijim\u0105, ypa\u010d ankstyvuoju laikotarpiu po atliktos operacijos.<\/p><p>Did\u017eiausias \u0161ios metodikos privalumas \u2013 gijimo procesui skatinti nenaudojamos jokios chemin\u0117s med\u017eiagos.<\/p><h2><strong>Kod\u0117l verta rinktis chirurgines proced\u016bros, kuriose naudojama A-PRF metodik\u0105 (Advenced \u2013 Platelet Rich Fibrin) metodika?<\/strong><\/h2><p>Veiklioji PRF med\u017eiaga \u2013 paciento kraujyje esan\u010dios biologi\u0161kai aktyvios med\u017eiagos, augimo faktoriai, kurie l\u0117tai ir tolygiai i\u0161laisvinami, taip stimuliuojant gijimo ir atsistatymo procesus. D\u0117l PRF grei\u010diau atsikuria kraujo cirkuliacija, tod\u0117l suma\u017e\u0117ja tinimas bei skausmas. PRF esantys koncentruoti augimo faktoriai turi antimikrobin\u012f poveik\u012f, tod\u0117l \u017eymiai suma\u017e\u0117ja pooperacini\u0173 infekcij\u0173 rizika. PRF metodas ypa\u010d naudingas pacientams, kurie serga l\u0117tin\u0117mis ligomis, kuri\u0173 imunitetas yra nusilp\u0119s, tiems, kurie vartoja vaistus, galin\u010dius tur\u0117ti \u012ftakos gijimo procesui, r\u016bkantiems (r\u016bkymas padidina komplikacij\u0173 tikimyb\u0119 gijimo metu, l\u0117tina proces\u0105).<\/p><h2><strong>Kokiose proced\u016brose taikoma A-PRF metodik\u0105 (Advenced \u2013 Platelet Rich Fibrin) metodika?<\/strong><\/h2><p>\u0160i metodika taikoma atliekant implantacij\u0105, kaulo augmentacij\u0105, kai kuriais atvejais, gydant kra\u0161tinio periodontito paveiktus dantis, taip pat po sud\u0117ting\u0173 dant\u0173 rovim\u0173.<\/p><h2><strong>Kaip atliekama A-PRF metodik\u0105 (Advenced \u2013 Platelet Rich Fibrin) proced\u016br\u0105?<\/strong><\/h2><p>PRF vyksta nesud\u0117tingai \u2013 prie\u0161 chirurgin\u0119 proced\u016br\u0105 i\u0161 paciento venos paimamas kraujas ir patalpinamas \u012f sterilius m\u0117gintuv\u0117lius, kurie centrif\u016bguojami apie 12 minu\u010di\u0173, kol kraujas atsiskiria \u012f atskirus komponentus. Po operacijos sritis u\u017edengiama keletu biomembranos sluoksni\u0173 ir \u017eaizda u\u017esiuvama.<\/p>\n\t\t\t\t\t<\/div>\n\t\t\t\t\t\t<\/div>\n\t\t\t\t<\/div>\n\t\t\t\t<\/div>\n\t\t<div class=\"elementor-element elementor-element-39ed42d e-con-full e-flex e-con e-child\" data-id=\"39ed42d\" data-element_type=\"container\" data-e-type=\"container\">\n\t\t\t\t<div class=\"elementor-element elementor-element-bc32b48 make-sticky elementor-widget elementor-widget-wd_mega_menu\" data-id=\"bc32b48\" data-element_type=\"widget\" data-e-type=\"widget\" data-widget_type=\"wd_mega_menu.default\">\n\t\t\t\t<div class=\"elementor-widget-container\">\n\t\t\t\t\t\t\t\t<link rel=\"stylesheet\" id=\"wd-mod-nav-vertical-css\" href=\"https:\/\/odontologijosklinika.eu\/plunge\/wp-content\/themes\/woodmart\/css\/parts\/mod-nav-vertical.min.css?ver=7.5.2\" type=\"text\/css\" media=\"all\" \/> \t\t\t\t\t\t<link rel=\"stylesheet\" id=\"wd-mod-nav-vertical-design-with-bg-css\" href=\"https:\/\/odontologijosklinika.eu\/plunge\/wp-content\/themes\/woodmart\/css\/parts\/mod-nav-vertical-design-with-bg.min.css?ver=7.5.2\" type=\"text\/css\" media=\"all\" \/> \t\t\t\t\t\t<link rel=\"stylesheet\" id=\"wd-widget-nav-mega-menu-css\" href=\"https:\/\/odontologijosklinika.eu\/plunge\/wp-content\/themes\/woodmart\/css\/parts\/widget-nav-mega-menu.min.css?ver=7.5.2\" type=\"text\/css\" media=\"all\" \/> \t\t\t\t\t<div class=\"widget_nav_mega_menu\">\n\t\t\t\t\t\t\t<h5 class=\"widget-title color-scheme-dark\">\n\t\t\t\t\tM\u016bs\u0173 klinikos paslaugos\t\t\t\t<\/h5>\n\t\t\t\t\t\t<ul id=\"menu-paslaugos\" class=\"menu wd-nav wd-nav-vertical wd-design-with-bg wd-gap- wd-icon-left\"><li id=\"menu-item-630\" class=\"menu-item menu-item-type-post_type menu-item-object-page menu-item-630 item-level-0 menu-simple-dropdown wd-event-hover\" ><a href=\"https:\/\/odontologijosklinika.eu\/plunge\/paslaugos\/terapinis-dantu-gydymas\/\" class=\"woodmart-nav-link\"><span class=\"nav-link-text\">Terapinis dant\u0173 gydymas<\/span><\/a><\/li>\n<li id=\"menu-item-631\" class=\"menu-item menu-item-type-post_type menu-item-object-page menu-item-631 item-level-0 menu-simple-dropdown wd-event-hover\" ><a href=\"https:\/\/odontologijosklinika.eu\/plunge\/paslaugos\/vaiku-dantu-gydymas\/\" class=\"woodmart-nav-link\"><span class=\"nav-link-text\">Vaik\u0173 dant\u0173 gydymas<\/span><\/a><\/li>\n<li id=\"menu-item-623\" class=\"menu-item menu-item-type-post_type menu-item-object-page menu-item-623 item-level-0 menu-simple-dropdown wd-event-hover\" ><a href=\"https:\/\/odontologijosklinika.eu\/plunge\/paslaugos\/implantacija\/\" class=\"woodmart-nav-link\"><span class=\"nav-link-text\">Dant\u0173 implantavimas Plung\u0117je<\/span><\/a><\/li>\n<li id=\"menu-item-621\" class=\"menu-item menu-item-type-post_type menu-item-object-page menu-item-621 item-level-0 menu-simple-dropdown wd-event-hover\" ><a href=\"https:\/\/odontologijosklinika.eu\/plunge\/paslaugos\/estetinis-plombavimas\/\" class=\"woodmart-nav-link\"><span class=\"nav-link-text\">Estetinis plombavimas<\/span><\/a><\/li>\n<li id=\"menu-item-620\" class=\"menu-item menu-item-type-post_type menu-item-object-page menu-item-620 item-level-0 menu-simple-dropdown wd-event-hover\" ><a href=\"https:\/\/odontologijosklinika.eu\/plunge\/paslaugos\/endodontinis-gydymas\/\" class=\"woodmart-nav-link\"><span class=\"nav-link-text\">Endodontinis Gydymas<\/span><\/a><\/li>\n<li id=\"menu-item-629\" class=\"menu-item menu-item-type-post_type menu-item-object-page menu-item-629 item-level-0 menu-simple-dropdown wd-event-hover\" ><a href=\"https:\/\/odontologijosklinika.eu\/plunge\/paslaugos\/protezavimas\/\" class=\"woodmart-nav-link\"><span class=\"nav-link-text\">Protezavimas<\/span><\/a><\/li>\n<li id=\"menu-item-626\" class=\"menu-item menu-item-type-post_type menu-item-object-page menu-item-626 item-level-0 menu-simple-dropdown wd-event-hover\" ><a href=\"https:\/\/odontologijosklinika.eu\/plunge\/paslaugos\/ortodontijos-paslaugos\/\" class=\"woodmart-nav-link\"><span class=\"nav-link-text\">Lazerio proced\u016bros<\/span><\/a><\/li>\n<li id=\"menu-item-618\" class=\"menu-item menu-item-type-post_type menu-item-object-page menu-item-618 item-level-0 menu-simple-dropdown wd-event-hover\" ><a href=\"https:\/\/odontologijosklinika.eu\/plunge\/paslaugos\/burnos-chirurgija\/\" class=\"woodmart-nav-link\"><span class=\"nav-link-text\">Burnos chirurgija<\/span><\/a><\/li>\n<li id=\"menu-item-624\" class=\"menu-item menu-item-type-post_type menu-item-object-page menu-item-624 item-level-0 menu-simple-dropdown wd-event-hover\" ><a href=\"https:\/\/odontologijosklinika.eu\/plunge\/paslaugos\/kompleksinis-periodonto-gydymas\/\" class=\"woodmart-nav-link\"><span class=\"nav-link-text\">Kompleksinis periodonto gydymas<\/span><\/a><\/li>\n<li id=\"menu-item-628\" class=\"menu-item menu-item-type-post_type menu-item-object-page menu-item-628 item-level-0 menu-simple-dropdown wd-event-hover\" ><a href=\"https:\/\/odontologijosklinika.eu\/plunge\/paslaugos\/profesionali-burnos-higiena\/\" class=\"woodmart-nav-link\"><span class=\"nav-link-text\">Profesionali burnos higiena<\/span><\/a><\/li>\n<li id=\"menu-item-619\" class=\"menu-item menu-item-type-post_type menu-item-object-page menu-item-619 item-level-0 menu-simple-dropdown wd-event-hover\" ><a href=\"https:\/\/odontologijosklinika.eu\/plunge\/paslaugos\/dantu-balinimas-spalvos-korekcija\/\" class=\"woodmart-nav-link\"><span class=\"nav-link-text\">Dant\u0173 balinimas \u2013 spalvos korekcija<\/span><\/a><\/li>\n<li id=\"menu-item-622\" class=\"menu-item menu-item-type-post_type menu-item-object-page menu-item-622 item-level-0 menu-simple-dropdown wd-event-hover\" ><a href=\"https:\/\/odontologijosklinika.eu\/plunge\/paslaugos\/gydymas-taikant-sedacija\/\" class=\"woodmart-nav-link\"><span class=\"nav-link-text\">Gydymas taikant sedacij\u0105<\/span><\/a><\/li>\n<li id=\"menu-item-625\" class=\"menu-item menu-item-type-post_type menu-item-object-page menu-item-625 item-level-0 menu-simple-dropdown wd-event-hover\" ><a href=\"https:\/\/odontologijosklinika.eu\/plunge\/paslaugos\/lazerio-proceduros\/\" class=\"woodmart-nav-link\"><span class=\"nav-link-text\">Lazerio proced\u016bros<\/span><\/a><\/li>\n<li id=\"menu-item-627\" class=\"menu-item menu-item-type-post_type menu-item-object-page menu-item-627 item-level-0 menu-simple-dropdown wd-event-hover\" ><a href=\"https:\/\/odontologijosklinika.eu\/plunge\/paslaugos\/ozono-terapija\/\" class=\"woodmart-nav-link\"><span class=\"nav-link-text\">Ozono terapija<\/span><\/a><\/li>\n<li id=\"menu-item-617\" class=\"menu-item menu-item-type-post_type menu-item-object-page menu-item-617 item-level-0 menu-simple-dropdown wd-event-hover\" ><a href=\"https:\/\/odontologijosklinika.eu\/plunge\/paslaugos\/3d-kompiuterine-tomografija\/\" class=\"woodmart-nav-link\"><span class=\"nav-link-text\">3D kompiuterin\u0117 tomografija<\/span><\/a><\/li>\n<\/ul>\t\t<\/div>\n\t\t\t\t\t\t<\/div>\n\t\t\t\t<\/div>\n\t\t\t\t<\/div>\n\t\t\t\t\t<\/div>\n\t\t\t\t<\/div>\n\t\t\t\t<\/div>\n\t\t","protected":false},"excerpt":{"rendered":"<p>Burnos chirurgija yra specializuota odontologijos sritis, apimanti visas chirurgines proced\u016bras ir lig\u0173 diagnostik\u0105 burnos ertm\u0117je, veido bei \u017eandikaulio srityse. Chirurgini\u0173<\/p>\n","protected":false},"author":1,"featured_media":0,"parent":471,"menu_order":0,"comment_status":"closed","ping_status":"closed","template":"","meta":{"_acf_changed":false,"footnotes":""},"class_list":["post-488","page","type-page","status-publish","hentry"],"acf":[],"_links":{"self":[{"href":"https:\/\/odontologijosklinika.eu\/plunge\/wp-json\/wp\/v2\/pages\/488","targetHints":{"allow":["GET"]}}],"collection":[{"href":"https:\/\/odontologijosklinika.eu\/plunge\/wp-json\/wp\/v2\/pages"}],"about":[{"href":"https:\/\/odontologijosklinika.eu\/plunge\/wp-json\/wp\/v2\/types\/page"}],"author":[{"embeddable":true,"href":"https:\/\/odontologijosklinika.eu\/plunge\/wp-json\/wp\/v2\/users\/1"}],"replies":[{"embeddable":true,"href":"https:\/\/odontologijosklinika.eu\/plunge\/wp-json\/wp\/v2\/comments?post=488"}],"version-history":[{"count":0,"href":"https:\/\/odontologijosklinika.eu\/plunge\/wp-json\/wp\/v2\/pages\/488\/revisions"}],"up":[{"embeddable":true,"href":"https:\/\/odontologijosklinika.eu\/plunge\/wp-json\/wp\/v2\/pages\/471"}],"wp:attachment":[{"href":"https:\/\/odontologijosklinika.eu\/plunge\/wp-json\/wp\/v2\/media?parent=488"}],"curies":[{"name":"wp","href":"https:\/\/api.w.org\/{rel}","templated":true}]}}