{"id":486,"date":"2024-08-03T15:49:08","date_gmt":"2024-08-03T12:49:08","guid":{"rendered":"https:\/\/odontologijosklinika.eu\/plunge\/plunge\/?page_id=486"},"modified":"2024-08-16T16:28:37","modified_gmt":"2024-08-16T13:28:37","slug":"ortodontijos-paslaugos","status":"publish","type":"page","link":"https:\/\/odontologijosklinika.eu\/plunge\/paslaugos\/ortodontijos-paslaugos\/","title":{"rendered":"Lazerio proced\u016bros"},"content":{"rendered":"\t\t<div data-elementor-type=\"wp-page\" data-elementor-id=\"486\" class=\"elementor elementor-486\">\n\t\t\t\t<div class=\"wd-negative-gap elementor-element elementor-element-6904e37 e-flex e-con-boxed e-con e-parent\" data-id=\"6904e37\" data-element_type=\"container\" data-e-type=\"container\">\n\t\t\t\t\t<div class=\"e-con-inner\">\n\t\t<div class=\"elementor-element elementor-element-9e75601 e-con-full e-flex e-con e-child\" data-id=\"9e75601\" data-element_type=\"container\" data-e-type=\"container\">\n\t\t\t\t<div class=\"elementor-element elementor-element-8009311 elementor-widget elementor-widget-image\" data-id=\"8009311\" data-element_type=\"widget\" data-e-type=\"widget\" data-widget_type=\"image.default\">\n\t\t\t\t<div class=\"elementor-widget-container\">\n\t\t\t\t\t\t\t\t\t\t\t\t\t\t\t<img fetchpriority=\"high\" decoding=\"async\" width=\"1300\" height=\"867\" src=\"https:\/\/odontologijosklinika.eu\/plunge\/wp-content\/uploads\/2024\/08\/Ortodontijos-paslaugos.png\" class=\"attachment-full size-full wp-image-531\" alt=\"IK odontologijos klinika Plung\u0117je\" srcset=\"https:\/\/odontologijosklinika.eu\/plunge\/wp-content\/uploads\/2024\/08\/Ortodontijos-paslaugos.png 1300w, https:\/\/odontologijosklinika.eu\/plunge\/wp-content\/uploads\/2024\/08\/Ortodontijos-paslaugos-300x200.png 300w, https:\/\/odontologijosklinika.eu\/plunge\/wp-content\/uploads\/2024\/08\/Ortodontijos-paslaugos-1024x683.png 1024w, https:\/\/odontologijosklinika.eu\/plunge\/wp-content\/uploads\/2024\/08\/Ortodontijos-paslaugos-768x512.png 768w\" sizes=\"(max-width: 1300px) 100vw, 1300px\" title=\"IK odontologijos klinika Plung\u0117je\">\t\t\t\t\t\t\t\t\t\t\t\t\t\t\t<\/div>\n\t\t\t\t<\/div>\n\t\t\t\t<div class=\"elementor-element elementor-element-d6f8f14 elementor-widget elementor-widget-wd_text_block\" data-id=\"d6f8f14\" data-element_type=\"widget\" data-e-type=\"widget\" data-widget_type=\"wd_text_block.default\">\n\t\t\t\t<div class=\"elementor-widget-container\">\n\t\t\t\t\t\t\t\t<link rel=\"stylesheet\" id=\"wd-text-block-css\" href=\"https:\/\/odontologijosklinika.eu\/plunge\/wp-content\/themes\/woodmart\/css\/parts\/el-text-block.min.css?ver=7.5.2\" type=\"text\/css\" media=\"all\" \/> \t\t\t\t\t<div class=\"wd-text-block reset-last-child text-left\">\n\t\t\t\n\t\t\t<p><strong>Ortodontija<\/strong> \u2013 tai neteisingos dant\u0173 pad\u0117ties ir s\u0105kand\u017eio korekcija. Gydymu siekiant sukurti ne tik esteti\u0161k\u0105, \u0161ypsen\u0105, bet ir funkci\u0161kai taisykling\u0105 s\u0105kand\u012f, atstatyti sutrikusios kalbos, rijimo ir kramtymo funkcijas.<\/p><p>Ortodontinis gydymas atliekamas tiek vaikams, tiek suaugusiems. Ypa\u010d svarbu atkreipti d\u0117mes\u012f \u012f 7-14 met\u0173 vaik\u0173 dant\u0173 lank\u0173 b\u016bkl\u0119. Ankstyvas ortodontini\u0173 anomalij\u0173 diagnozavimas ir gydymas b\u016bna lengvesnis, efektyvesnis, trumpesnis ir padeda i\u0161vengti sud\u0117tingesnio gydymo ateityje. \u0160iuo laikotarpiu galima pasiekti itin ger\u0173 rezultat\u0173, nes dar vyksta \u017eandikauli\u0173 ir dant\u0173 augimas.<\/p><h2><strong>Ortodontijoje da\u017eniausiai naudojamos:<\/strong><\/h2><p><strong>Kapos \u2013 <\/strong>\u00a0inovatyvus ir naujas gydymo metodas naudojant skaidrias, individualiai pagamintas kapas, kurios tiesina dantis. \u0160is gydymas yra alternatyva gydymui breket\u0173 sistema, kapos yra beveik nepastebimos, atrodo esteti\u0161kai bei yra tinkamos pacientams, alergi\u0161kiems metalui, taip pat daug lengviau palaikyti ger\u0105 burnos higien\u0105. Gydymas kapomis vyksta jas ne\u0161iojant ne ma\u017eiau nei 22 val. per dien\u0105 bei kas por\u0105 savai\u010di\u0173 kei\u010diant naujomis. D\u0117vint kapas, dantys yra veikiami nestipria j\u0117ga ir po truput\u012f juda \u012f reikiam\u0105 pus\u0119.<\/p><p><strong>Gydymas breket\u0173 sistema<\/strong> \u2013 pradedamas i\u0161dygus nuolatiniams dantims, arba dant\u0173 kaitos laikotarpio pabaigoje. Breket\u0173 sistem\u0105 sudaro ant dant\u0173 pavir\u0161i\u0173 fiksuojami breketai (metaliniai, keramikiniai, beligat\u016briai, safyriniai), ir prie j\u0173 tvirtinami ortodontiniai lankai. Kartu gali b\u016bti naudojamos elastin\u0117s gumos, fiksuoti funkciniai aparatai, gomuriniai ir lie\u017euviniai lankai, miniimplantai.<\/p><p><strong>Ortodontin\u0117s plok\u0161tel\u0117s <\/strong>\u2013\u00a0 tai nuimami ortodontiniai aparatai, turintys plastmasin\u012f pagrind\u0105, prie kurio tvirtinami \u012fvair\u016bs metaliniai elementai: spyruokl\u0117s, sraigtai, apkab\u0117l\u0117s. Gana efektyvus ir nebrangus gydymo metodas, ta\u010diau tinkantis ne vis\u0173 anomalij\u0173 atvejais. Pagrindinis plok\u0161teli\u0173 tr\u016bkumas \u2013 didesnis diskomfortas (da\u017enai jau\u010diamas nepatoguma, sutrinka kalba).<\/p><h2><strong>Kiek laiko trunka ortodontinis gydymas?<\/strong><\/h2><p>Vidutini\u0161kai 1,5 \u2013 2,5 met\u0173. Gydymo trukm\u0117 priklauso nuo: klinikinio atvejo sud\u0117tingumo, esamos patologijos,pasirinktos ortodontinio aparato sistemos, am\u017eiaus, kuomet buvo prad\u0117tas gydymas, gydymo apimties ir paciento pareigingumo. Gydymas u\u017etrunka, jei pacientas neatvyksta pakartotinei ap\u017ei\u016brai, bei nesilaiko gydytojo nurodym\u0173. Ortodontinis gydymas apima dvi fazes: aktyvi\u0105 ir pasyvi\u0105 \u2013 retencij\u0105. Aktyvios gydymo faz\u0117s metu tiesinami dantys ir koreguojamas s\u0105kandis. Pacientas pas gydytoj\u0105 turi lankytis vidutini\u0161kai kas 4-8 savaites. Koreguojant s\u0105kand\u012f, modifikuojant \u017eandikauli\u0173 augim\u0105, gydymas atliekamas etapais. Tokiu atveju gali prireikti keli\u0173 r\u016b\u0161i\u0173 aparat\u0173, o gydymas trunka ilgiau.<\/p><p>Ortodontinio gydymo pasiekt\u0173 rezultat\u0173 i\u0161laikymo u\u017etikrinimui po gydymo naudojami reteineriai (fiksuojami, ar ne\u0161iojami i\u0161imami aparatai). Retencijos trukm\u0117 priklauso nuo ortodontin\u0117s anomalijos sud\u0117tingumo, o kartais trunka vis\u0105 gyvenim\u0105.<\/p><h2><strong>Ar gali po ortodontinio gydymo dantys gr\u012f\u017eti \u012f savo buvusias vietas?<\/strong><\/h2><p>Gali, siekiant to i\u0161vengti naudojami reteineriai (speciali ortodontin\u0117 vielute fiksuojami vir\u0161utinio ir\/ arba tik apatinio \u017eandikaulio dantys, taip pat gali b\u016bti naudojamos i\u0161imamos kapos, kurias reikia \u012fsid\u0117ti nak\u010diai).<\/p>\n\t\t\t\t\t<\/div>\n\t\t\t\t\t\t<\/div>\n\t\t\t\t<\/div>\n\t\t\t\t<\/div>\n\t\t<div class=\"elementor-element elementor-element-db7fd9a e-con-full e-flex e-con e-child\" data-id=\"db7fd9a\" data-element_type=\"container\" data-e-type=\"container\">\n\t\t\t\t<div class=\"elementor-element elementor-element-268a2b7 make-sticky elementor-widget elementor-widget-wd_mega_menu\" data-id=\"268a2b7\" data-element_type=\"widget\" data-e-type=\"widget\" data-widget_type=\"wd_mega_menu.default\">\n\t\t\t\t<div class=\"elementor-widget-container\">\n\t\t\t\t\t\t\t\t<link rel=\"stylesheet\" id=\"wd-mod-nav-vertical-css\" href=\"https:\/\/odontologijosklinika.eu\/plunge\/wp-content\/themes\/woodmart\/css\/parts\/mod-nav-vertical.min.css?ver=7.5.2\" type=\"text\/css\" media=\"all\" \/> \t\t\t\t\t\t<link rel=\"stylesheet\" id=\"wd-mod-nav-vertical-design-with-bg-css\" href=\"https:\/\/odontologijosklinika.eu\/plunge\/wp-content\/themes\/woodmart\/css\/parts\/mod-nav-vertical-design-with-bg.min.css?ver=7.5.2\" type=\"text\/css\" media=\"all\" \/> \t\t\t\t\t\t<link rel=\"stylesheet\" id=\"wd-widget-nav-mega-menu-css\" href=\"https:\/\/odontologijosklinika.eu\/plunge\/wp-content\/themes\/woodmart\/css\/parts\/widget-nav-mega-menu.min.css?ver=7.5.2\" type=\"text\/css\" media=\"all\" \/> \t\t\t\t\t<div class=\"widget_nav_mega_menu\">\n\t\t\t\t\t\t\t<h5 class=\"widget-title color-scheme-dark\">\n\t\t\t\t\tM\u016bs\u0173 klinikos paslaugos\t\t\t\t<\/h5>\n\t\t\t\t\t\t<ul id=\"menu-paslaugos\" class=\"menu wd-nav wd-nav-vertical wd-design-with-bg wd-gap- wd-icon-left\"><li id=\"menu-item-630\" class=\"menu-item menu-item-type-post_type menu-item-object-page menu-item-630 item-level-0 menu-simple-dropdown wd-event-hover\" ><a href=\"https:\/\/odontologijosklinika.eu\/plunge\/paslaugos\/terapinis-dantu-gydymas\/\" class=\"woodmart-nav-link\"><span class=\"nav-link-text\">Terapinis dant\u0173 gydymas<\/span><\/a><\/li>\n<li id=\"menu-item-631\" class=\"menu-item menu-item-type-post_type menu-item-object-page menu-item-631 item-level-0 menu-simple-dropdown wd-event-hover\" ><a href=\"https:\/\/odontologijosklinika.eu\/plunge\/paslaugos\/vaiku-dantu-gydymas\/\" class=\"woodmart-nav-link\"><span class=\"nav-link-text\">Vaik\u0173 dant\u0173 gydymas<\/span><\/a><\/li>\n<li id=\"menu-item-623\" class=\"menu-item menu-item-type-post_type menu-item-object-page menu-item-623 item-level-0 menu-simple-dropdown wd-event-hover\" ><a href=\"https:\/\/odontologijosklinika.eu\/plunge\/paslaugos\/implantacija\/\" class=\"woodmart-nav-link\"><span class=\"nav-link-text\">Dant\u0173 implantavimas Plung\u0117je<\/span><\/a><\/li>\n<li id=\"menu-item-621\" class=\"menu-item menu-item-type-post_type menu-item-object-page menu-item-621 item-level-0 menu-simple-dropdown wd-event-hover\" ><a href=\"https:\/\/odontologijosklinika.eu\/plunge\/paslaugos\/estetinis-plombavimas\/\" class=\"woodmart-nav-link\"><span class=\"nav-link-text\">Estetinis plombavimas<\/span><\/a><\/li>\n<li id=\"menu-item-620\" class=\"menu-item menu-item-type-post_type menu-item-object-page menu-item-620 item-level-0 menu-simple-dropdown wd-event-hover\" ><a href=\"https:\/\/odontologijosklinika.eu\/plunge\/paslaugos\/endodontinis-gydymas\/\" class=\"woodmart-nav-link\"><span class=\"nav-link-text\">Endodontinis Gydymas<\/span><\/a><\/li>\n<li id=\"menu-item-629\" class=\"menu-item menu-item-type-post_type menu-item-object-page menu-item-629 item-level-0 menu-simple-dropdown wd-event-hover\" ><a href=\"https:\/\/odontologijosklinika.eu\/plunge\/paslaugos\/protezavimas\/\" class=\"woodmart-nav-link\"><span class=\"nav-link-text\">Protezavimas<\/span><\/a><\/li>\n<li id=\"menu-item-626\" class=\"menu-item menu-item-type-post_type menu-item-object-page menu-item-626 item-level-0 menu-simple-dropdown wd-event-hover\" ><a href=\"https:\/\/odontologijosklinika.eu\/plunge\/paslaugos\/ortodontijos-paslaugos\/\" class=\"woodmart-nav-link\"><span class=\"nav-link-text\">Lazerio proced\u016bros<\/span><\/a><\/li>\n<li id=\"menu-item-618\" class=\"menu-item menu-item-type-post_type menu-item-object-page menu-item-618 item-level-0 menu-simple-dropdown wd-event-hover\" ><a href=\"https:\/\/odontologijosklinika.eu\/plunge\/paslaugos\/burnos-chirurgija\/\" class=\"woodmart-nav-link\"><span class=\"nav-link-text\">Burnos chirurgija<\/span><\/a><\/li>\n<li id=\"menu-item-624\" class=\"menu-item menu-item-type-post_type menu-item-object-page menu-item-624 item-level-0 menu-simple-dropdown wd-event-hover\" ><a href=\"https:\/\/odontologijosklinika.eu\/plunge\/paslaugos\/kompleksinis-periodonto-gydymas\/\" class=\"woodmart-nav-link\"><span class=\"nav-link-text\">Kompleksinis periodonto gydymas<\/span><\/a><\/li>\n<li id=\"menu-item-628\" class=\"menu-item menu-item-type-post_type menu-item-object-page menu-item-628 item-level-0 menu-simple-dropdown wd-event-hover\" ><a href=\"https:\/\/odontologijosklinika.eu\/plunge\/paslaugos\/profesionali-burnos-higiena\/\" class=\"woodmart-nav-link\"><span class=\"nav-link-text\">Profesionali burnos higiena<\/span><\/a><\/li>\n<li id=\"menu-item-619\" class=\"menu-item menu-item-type-post_type menu-item-object-page menu-item-619 item-level-0 menu-simple-dropdown wd-event-hover\" ><a href=\"https:\/\/odontologijosklinika.eu\/plunge\/paslaugos\/dantu-balinimas-spalvos-korekcija\/\" class=\"woodmart-nav-link\"><span class=\"nav-link-text\">Dant\u0173 balinimas \u2013 spalvos korekcija<\/span><\/a><\/li>\n<li id=\"menu-item-622\" class=\"menu-item menu-item-type-post_type menu-item-object-page menu-item-622 item-level-0 menu-simple-dropdown wd-event-hover\" ><a href=\"https:\/\/odontologijosklinika.eu\/plunge\/paslaugos\/gydymas-taikant-sedacija\/\" class=\"woodmart-nav-link\"><span class=\"nav-link-text\">Gydymas taikant sedacij\u0105<\/span><\/a><\/li>\n<li id=\"menu-item-625\" class=\"menu-item menu-item-type-post_type menu-item-object-page menu-item-625 item-level-0 menu-simple-dropdown wd-event-hover\" ><a href=\"https:\/\/odontologijosklinika.eu\/plunge\/paslaugos\/lazerio-proceduros\/\" class=\"woodmart-nav-link\"><span class=\"nav-link-text\">Lazerio proced\u016bros<\/span><\/a><\/li>\n<li id=\"menu-item-627\" class=\"menu-item menu-item-type-post_type menu-item-object-page menu-item-627 item-level-0 menu-simple-dropdown wd-event-hover\" ><a href=\"https:\/\/odontologijosklinika.eu\/plunge\/paslaugos\/ozono-terapija\/\" class=\"woodmart-nav-link\"><span class=\"nav-link-text\">Ozono terapija<\/span><\/a><\/li>\n<li id=\"menu-item-617\" class=\"menu-item menu-item-type-post_type menu-item-object-page menu-item-617 item-level-0 menu-simple-dropdown wd-event-hover\" ><a href=\"https:\/\/odontologijosklinika.eu\/plunge\/paslaugos\/3d-kompiuterine-tomografija\/\" class=\"woodmart-nav-link\"><span class=\"nav-link-text\">3D kompiuterin\u0117 tomografija<\/span><\/a><\/li>\n<\/ul>\t\t<\/div>\n\t\t\t\t\t\t<\/div>\n\t\t\t\t<\/div>\n\t\t\t\t<\/div>\n\t\t\t\t\t<\/div>\n\t\t\t\t<\/div>\n\t\t\t\t<\/div>\n\t\t","protected":false},"excerpt":{"rendered":"<p>Ortodontija \u2013 tai neteisingos dant\u0173 pad\u0117ties ir s\u0105kand\u017eio korekcija. Gydymu siekiant sukurti ne tik esteti\u0161k\u0105, \u0161ypsen\u0105, bet ir funkci\u0161kai taisykling\u0105<\/p>\n","protected":false},"author":1,"featured_media":0,"parent":471,"menu_order":0,"comment_status":"closed","ping_status":"closed","template":"","meta":{"_acf_changed":false,"footnotes":""},"class_list":["post-486","page","type-page","status-publish","hentry"],"acf":[],"_links":{"self":[{"href":"https:\/\/odontologijosklinika.eu\/plunge\/wp-json\/wp\/v2\/pages\/486","targetHints":{"allow":["GET"]}}],"collection":[{"href":"https:\/\/odontologijosklinika.eu\/plunge\/wp-json\/wp\/v2\/pages"}],"about":[{"href":"https:\/\/odontologijosklinika.eu\/plunge\/wp-json\/wp\/v2\/types\/page"}],"author":[{"embeddable":true,"href":"https:\/\/odontologijosklinika.eu\/plunge\/wp-json\/wp\/v2\/users\/1"}],"replies":[{"embeddable":true,"href":"https:\/\/odontologijosklinika.eu\/plunge\/wp-json\/wp\/v2\/comments?post=486"}],"version-history":[{"count":0,"href":"https:\/\/odontologijosklinika.eu\/plunge\/wp-json\/wp\/v2\/pages\/486\/revisions"}],"up":[{"embeddable":true,"href":"https:\/\/odontologijosklinika.eu\/plunge\/wp-json\/wp\/v2\/pages\/471"}],"wp:attachment":[{"href":"https:\/\/odontologijosklinika.eu\/plunge\/wp-json\/wp\/v2\/media?parent=486"}],"curies":[{"name":"wp","href":"https:\/\/api.w.org\/{rel}","templated":true}]}}