{"id":484,"date":"2024-08-03T15:48:47","date_gmt":"2024-08-03T12:48:47","guid":{"rendered":"https:\/\/odontologijosklinika.eu\/plunge\/plunge\/?page_id=484"},"modified":"2024-08-16T16:28:52","modified_gmt":"2024-08-16T13:28:52","slug":"protezavimas","status":"publish","type":"page","link":"https:\/\/odontologijosklinika.eu\/plunge\/paslaugos\/protezavimas\/","title":{"rendered":"Protezavimas"},"content":{"rendered":"\t\t<div data-elementor-type=\"wp-page\" data-elementor-id=\"484\" class=\"elementor elementor-484\">\n\t\t\t\t<div class=\"wd-negative-gap elementor-element elementor-element-4f471b0 e-flex e-con-boxed e-con e-parent\" data-id=\"4f471b0\" data-element_type=\"container\" data-e-type=\"container\">\n\t\t\t\t\t<div class=\"e-con-inner\">\n\t\t<div class=\"elementor-element elementor-element-93cae82 e-con-full e-flex e-con e-child\" data-id=\"93cae82\" data-element_type=\"container\" data-e-type=\"container\">\n\t\t\t\t<div class=\"elementor-element elementor-element-c91fe34 elementor-widget elementor-widget-image\" data-id=\"c91fe34\" data-element_type=\"widget\" data-e-type=\"widget\" data-widget_type=\"image.default\">\n\t\t\t\t<div class=\"elementor-widget-container\">\n\t\t\t\t\t\t\t\t\t\t\t\t\t\t\t<img fetchpriority=\"high\" decoding=\"async\" width=\"1300\" height=\"865\" src=\"https:\/\/odontologijosklinika.eu\/plunge\/wp-content\/uploads\/2024\/08\/Protezavimas.jpg\" class=\"attachment-full size-full wp-image-530\" alt=\"IK odontologijos klinika Plung\u0117je\" srcset=\"https:\/\/odontologijosklinika.eu\/plunge\/wp-content\/uploads\/2024\/08\/Protezavimas.jpg 1300w, https:\/\/odontologijosklinika.eu\/plunge\/wp-content\/uploads\/2024\/08\/Protezavimas-300x200.jpg 300w, https:\/\/odontologijosklinika.eu\/plunge\/wp-content\/uploads\/2024\/08\/Protezavimas-1024x681.jpg 1024w, https:\/\/odontologijosklinika.eu\/plunge\/wp-content\/uploads\/2024\/08\/Protezavimas-768x511.jpg 768w\" sizes=\"(max-width: 1300px) 100vw, 1300px\" title=\"IK odontologijos klinika Plung\u0117je\">\t\t\t\t\t\t\t\t\t\t\t\t\t\t\t<\/div>\n\t\t\t\t<\/div>\n\t\t\t\t<div class=\"elementor-element elementor-element-1f42cbd elementor-widget elementor-widget-wd_text_block\" data-id=\"1f42cbd\" data-element_type=\"widget\" data-e-type=\"widget\" data-widget_type=\"wd_text_block.default\">\n\t\t\t\t<div class=\"elementor-widget-container\">\n\t\t\t\t\t\t\t\t<link rel=\"stylesheet\" id=\"wd-text-block-css\" href=\"https:\/\/odontologijosklinika.eu\/plunge\/wp-content\/themes\/woodmart\/css\/parts\/el-text-block.min.css?ver=7.5.2\" type=\"text\/css\" media=\"all\" \/> \t\t\t\t\t<div class=\"wd-text-block reset-last-child text-left\">\n\t\t\t\n\t\t\t<p>Pagrindinis dant\u0173 protezavimo tikslas \u2013 atkurti prarastus danties audinius ar prarastus dantis taip atkuriant kramtymo funkcij\u0105 ir estetik\u0105. Protezavimas atliekamas \u012fvairiais protezais. Fiksuoti dant\u0173 protezai (metalo keramikos, bemetal\u0117s keramikos vainik\u0117liai, tiltai) \u2013 \u0161ios restauracijos fiksuojamos prie likusi\u0173 dant\u0173 arba implant\u0173 suteikia ger\u0105 estetin\u0119 i\u0161vaizd\u0105, pagerina kramtymo efektyvum\u0105.<\/p><p>I\u0161imami daliniai protezai (plok\u0161tel\u0117s, lanko atraminiai protezai, elastin\u0117s plok\u0161tel\u0117s) \u2013 skirti pacientams, kurie neteko keli\u0173 dant\u0173 vir\u0161utiniame ar apatiniame \u017eandikaulyje. \u0160i\u0173 protez\u0173 estetin\u0117 i\u0161vaizda pakankamai gera, ta\u010diau d\u0117l ma\u017eesnio protez\u0173 stabilumo grei\u010diau d\u0117visi \u017eandikaulio kaulas.<\/p><p>I\u0161imami pilni protezai (plok\u0161tel\u0117s) \u2013 skirti pacientams, kurie netek\u0119 vis\u0173 dant\u0173, esan\u010di\u0173 apatiniame ar\/ir vir\u0161utiniame dant\u0173 lanke. I\u0161imami protezai gali b\u016bti fiksuojami ant implant\u0173, kurie pagerina protez\u0173 fiksacij\u0105 ir paciento komfort\u0105.<\/p><p>Mikroprotezavimas \u2013 danties audinius tausojantis gydymo metodas. Esteti\u0161ki, bet kartu tvirti bemetal\u0117s keramikos \u012fklotai \u2013 u\u017eklotai puikiai atstato danties vainiko defektus ir yra daug patikimesnis ir ilgaam\u017ei\u0161kesni u\u017e dideles restauracijas i\u0161 plombin\u0117s med\u017eiagos. Priekini\u0173 dant\u0173 estetikos atk\u016brimui naudojamos laminat\u0117s \u2013\u00a0 labai plonos keramin\u0117s plok\u0161tel\u0117s priekiniams dantims, kurios fiksuojamos specialiais adheziniais cementais prie dant\u0173 emalio i\u0161oriniame danties pavir\u0161iuje.<\/p><h2><strong>Kas yra keramikos u\u017eklotas?<\/strong><\/h2><p>Kai gyvo danties vainikas pa\u017eeistas ar plombuotas daugiau nei pus\u0117, rekomenduojama restauruoti porcelianiniais (keramikos) u\u017eklotais. Gerai pagamintas u\u017eklotas yra \u017eymiai tikslesnis, ilgaam\u017ei\u0161kesnis, esteti\u0161kesnis u\u017e plomb\u0105.<\/p><h2><strong>Kas yra danties laminat\u0117?<\/strong><\/h2><p>Porceliano (keramikos) laminat\u0117 \u2013 plona, bemetal\u0117s keramikos plok\u0161tel\u0117, priklijuojama ant i\u0161orinio danties pavir\u0161iaus. Taip galima koreguoti danties form\u0105, spalv\u0105. Laminat\u0117s privalumas prie\u0161 vainik\u0117l\u012f \u2013 tausojami danties audiniai. Jos gaminamos priekini\u0173 dant\u0173 grupei. Yra ypa\u010d esteti\u0161kos ir nat\u016braliai atkuria dant\u0173 vaizd\u0105.<\/p><h2><strong>Ar laminat\u0117 laikui b\u0117gant pakei\u010dia spalv\u0105?<\/strong><\/h2><p>Laminat\u0117 gaminama dant\u0173 technik\u0173 laboratorijoje, sud\u0117tingos gamybos procese gaunama ypa\u010d tvirta ir stabili restauracija, laikui b\u0117gant nekei\u010dia spalvos. J\u0105 galime palyginti su stiklu ar porcelianu. Precizi\u0161kai atliktas darbas gali burnoje tarnauti 10-20 met\u0173.<\/p><h2><strong>Kod\u0117l gaminami laikini vainik\u0117liai protezuojant dantis? Ar jie b\u016btini?<\/strong><\/h2><p>Laikini vainik\u0117liai apsaugo nu\u0161lifuotus dantis nuo temperat\u016bros, mechanini\u0173, bakterini\u0173 dirgikli\u0173, po atspaudo nu\u0117mimo dantims neleid\u017eia migruoti, formuoja dantenas.<\/p><h2><strong>Ar protezuojami dantys turi b\u016bti i\u0161gydyti endodonti\u0161kai?<\/strong><\/h2><p>Ne,\u00a0 jei protezuojamas dantis neturi simtomatikos , t. y. jo mink\u0161tieji audiniai (nervas) n\u0117ra pa\u017eeisti, IK odontologijos klinikoje visada stengiam\u0117s i\u0161saugoti danties gyvybingum\u0105 ir net atikus protezavim\u0105 i\u0161saugoti dant\u012f su jo nepa\u017eeistu nervu. Toks dantis tarnaus ilgiau ir yra tvirtesnis.<\/p>\n\t\t\t\t\t<\/div>\n\t\t\t\t\t\t<\/div>\n\t\t\t\t<\/div>\n\t\t\t\t<\/div>\n\t\t<div class=\"elementor-element elementor-element-78f9155 e-con-full e-flex e-con e-child\" data-id=\"78f9155\" data-element_type=\"container\" data-e-type=\"container\">\n\t\t\t\t<div class=\"elementor-element elementor-element-6dba8ad make-sticky elementor-widget elementor-widget-wd_mega_menu\" data-id=\"6dba8ad\" data-element_type=\"widget\" data-e-type=\"widget\" data-widget_type=\"wd_mega_menu.default\">\n\t\t\t\t<div class=\"elementor-widget-container\">\n\t\t\t\t\t\t\t\t<link rel=\"stylesheet\" id=\"wd-mod-nav-vertical-css\" href=\"https:\/\/odontologijosklinika.eu\/plunge\/wp-content\/themes\/woodmart\/css\/parts\/mod-nav-vertical.min.css?ver=7.5.2\" type=\"text\/css\" media=\"all\" \/> \t\t\t\t\t\t<link rel=\"stylesheet\" id=\"wd-mod-nav-vertical-design-with-bg-css\" href=\"https:\/\/odontologijosklinika.eu\/plunge\/wp-content\/themes\/woodmart\/css\/parts\/mod-nav-vertical-design-with-bg.min.css?ver=7.5.2\" type=\"text\/css\" media=\"all\" \/> \t\t\t\t\t\t<link rel=\"stylesheet\" id=\"wd-widget-nav-mega-menu-css\" href=\"https:\/\/odontologijosklinika.eu\/plunge\/wp-content\/themes\/woodmart\/css\/parts\/widget-nav-mega-menu.min.css?ver=7.5.2\" type=\"text\/css\" media=\"all\" \/> \t\t\t\t\t<div class=\"widget_nav_mega_menu\">\n\t\t\t\t\t\t\t<h5 class=\"widget-title color-scheme-dark\">\n\t\t\t\t\tM\u016bs\u0173 klinikos paslaugos\t\t\t\t<\/h5>\n\t\t\t\t\t\t<ul id=\"menu-paslaugos\" class=\"menu wd-nav wd-nav-vertical wd-design-with-bg wd-gap- wd-icon-left\"><li id=\"menu-item-630\" class=\"menu-item menu-item-type-post_type menu-item-object-page menu-item-630 item-level-0 menu-simple-dropdown wd-event-hover\" ><a href=\"https:\/\/odontologijosklinika.eu\/plunge\/paslaugos\/terapinis-dantu-gydymas\/\" class=\"woodmart-nav-link\"><span class=\"nav-link-text\">Terapinis dant\u0173 gydymas<\/span><\/a><\/li>\n<li id=\"menu-item-631\" class=\"menu-item menu-item-type-post_type menu-item-object-page menu-item-631 item-level-0 menu-simple-dropdown wd-event-hover\" ><a href=\"https:\/\/odontologijosklinika.eu\/plunge\/paslaugos\/vaiku-dantu-gydymas\/\" class=\"woodmart-nav-link\"><span class=\"nav-link-text\">Vaik\u0173 dant\u0173 gydymas<\/span><\/a><\/li>\n<li id=\"menu-item-623\" class=\"menu-item menu-item-type-post_type menu-item-object-page menu-item-623 item-level-0 menu-simple-dropdown wd-event-hover\" ><a href=\"https:\/\/odontologijosklinika.eu\/plunge\/paslaugos\/implantacija\/\" class=\"woodmart-nav-link\"><span class=\"nav-link-text\">Dant\u0173 implantavimas Plung\u0117je<\/span><\/a><\/li>\n<li id=\"menu-item-621\" class=\"menu-item menu-item-type-post_type menu-item-object-page menu-item-621 item-level-0 menu-simple-dropdown wd-event-hover\" ><a href=\"https:\/\/odontologijosklinika.eu\/plunge\/paslaugos\/estetinis-plombavimas\/\" class=\"woodmart-nav-link\"><span class=\"nav-link-text\">Estetinis plombavimas<\/span><\/a><\/li>\n<li id=\"menu-item-620\" class=\"menu-item menu-item-type-post_type menu-item-object-page menu-item-620 item-level-0 menu-simple-dropdown wd-event-hover\" ><a href=\"https:\/\/odontologijosklinika.eu\/plunge\/paslaugos\/endodontinis-gydymas\/\" class=\"woodmart-nav-link\"><span class=\"nav-link-text\">Endodontinis Gydymas<\/span><\/a><\/li>\n<li id=\"menu-item-629\" class=\"menu-item menu-item-type-post_type menu-item-object-page menu-item-629 item-level-0 menu-simple-dropdown wd-event-hover\" ><a href=\"https:\/\/odontologijosklinika.eu\/plunge\/paslaugos\/protezavimas\/\" class=\"woodmart-nav-link\"><span class=\"nav-link-text\">Protezavimas<\/span><\/a><\/li>\n<li id=\"menu-item-626\" class=\"menu-item menu-item-type-post_type menu-item-object-page menu-item-626 item-level-0 menu-simple-dropdown wd-event-hover\" ><a href=\"https:\/\/odontologijosklinika.eu\/plunge\/paslaugos\/ortodontijos-paslaugos\/\" class=\"woodmart-nav-link\"><span class=\"nav-link-text\">Lazerio proced\u016bros<\/span><\/a><\/li>\n<li id=\"menu-item-618\" class=\"menu-item menu-item-type-post_type menu-item-object-page menu-item-618 item-level-0 menu-simple-dropdown wd-event-hover\" ><a href=\"https:\/\/odontologijosklinika.eu\/plunge\/paslaugos\/burnos-chirurgija\/\" class=\"woodmart-nav-link\"><span class=\"nav-link-text\">Burnos chirurgija<\/span><\/a><\/li>\n<li id=\"menu-item-624\" class=\"menu-item menu-item-type-post_type menu-item-object-page menu-item-624 item-level-0 menu-simple-dropdown wd-event-hover\" ><a href=\"https:\/\/odontologijosklinika.eu\/plunge\/paslaugos\/kompleksinis-periodonto-gydymas\/\" class=\"woodmart-nav-link\"><span class=\"nav-link-text\">Kompleksinis periodonto gydymas<\/span><\/a><\/li>\n<li id=\"menu-item-628\" class=\"menu-item menu-item-type-post_type menu-item-object-page menu-item-628 item-level-0 menu-simple-dropdown wd-event-hover\" ><a href=\"https:\/\/odontologijosklinika.eu\/plunge\/paslaugos\/profesionali-burnos-higiena\/\" class=\"woodmart-nav-link\"><span class=\"nav-link-text\">Profesionali burnos higiena<\/span><\/a><\/li>\n<li id=\"menu-item-619\" class=\"menu-item menu-item-type-post_type menu-item-object-page menu-item-619 item-level-0 menu-simple-dropdown wd-event-hover\" ><a href=\"https:\/\/odontologijosklinika.eu\/plunge\/paslaugos\/dantu-balinimas-spalvos-korekcija\/\" class=\"woodmart-nav-link\"><span class=\"nav-link-text\">Dant\u0173 balinimas \u2013 spalvos korekcija<\/span><\/a><\/li>\n<li id=\"menu-item-622\" class=\"menu-item menu-item-type-post_type menu-item-object-page menu-item-622 item-level-0 menu-simple-dropdown wd-event-hover\" ><a href=\"https:\/\/odontologijosklinika.eu\/plunge\/paslaugos\/gydymas-taikant-sedacija\/\" class=\"woodmart-nav-link\"><span class=\"nav-link-text\">Gydymas taikant sedacij\u0105<\/span><\/a><\/li>\n<li id=\"menu-item-625\" class=\"menu-item menu-item-type-post_type menu-item-object-page menu-item-625 item-level-0 menu-simple-dropdown wd-event-hover\" ><a href=\"https:\/\/odontologijosklinika.eu\/plunge\/paslaugos\/lazerio-proceduros\/\" class=\"woodmart-nav-link\"><span class=\"nav-link-text\">Lazerio proced\u016bros<\/span><\/a><\/li>\n<li id=\"menu-item-627\" class=\"menu-item menu-item-type-post_type menu-item-object-page menu-item-627 item-level-0 menu-simple-dropdown wd-event-hover\" ><a href=\"https:\/\/odontologijosklinika.eu\/plunge\/paslaugos\/ozono-terapija\/\" class=\"woodmart-nav-link\"><span class=\"nav-link-text\">Ozono terapija<\/span><\/a><\/li>\n<li id=\"menu-item-617\" class=\"menu-item menu-item-type-post_type menu-item-object-page menu-item-617 item-level-0 menu-simple-dropdown wd-event-hover\" ><a href=\"https:\/\/odontologijosklinika.eu\/plunge\/paslaugos\/3d-kompiuterine-tomografija\/\" class=\"woodmart-nav-link\"><span class=\"nav-link-text\">3D kompiuterin\u0117 tomografija<\/span><\/a><\/li>\n<\/ul>\t\t<\/div>\n\t\t\t\t\t\t<\/div>\n\t\t\t\t<\/div>\n\t\t\t\t<\/div>\n\t\t\t\t\t<\/div>\n\t\t\t\t<\/div>\n\t\t\t\t<\/div>\n\t\t","protected":false},"excerpt":{"rendered":"<p>Pagrindinis dant\u0173 protezavimo tikslas \u2013 atkurti prarastus danties audinius ar prarastus dantis taip atkuriant kramtymo funkcij\u0105 ir estetik\u0105. Protezavimas atliekamas<\/p>\n","protected":false},"author":1,"featured_media":0,"parent":471,"menu_order":0,"comment_status":"closed","ping_status":"closed","template":"","meta":{"_acf_changed":false,"footnotes":""},"class_list":["post-484","page","type-page","status-publish","hentry"],"acf":[],"_links":{"self":[{"href":"https:\/\/odontologijosklinika.eu\/plunge\/wp-json\/wp\/v2\/pages\/484","targetHints":{"allow":["GET"]}}],"collection":[{"href":"https:\/\/odontologijosklinika.eu\/plunge\/wp-json\/wp\/v2\/pages"}],"about":[{"href":"https:\/\/odontologijosklinika.eu\/plunge\/wp-json\/wp\/v2\/types\/page"}],"author":[{"embeddable":true,"href":"https:\/\/odontologijosklinika.eu\/plunge\/wp-json\/wp\/v2\/users\/1"}],"replies":[{"embeddable":true,"href":"https:\/\/odontologijosklinika.eu\/plunge\/wp-json\/wp\/v2\/comments?post=484"}],"version-history":[{"count":0,"href":"https:\/\/odontologijosklinika.eu\/plunge\/wp-json\/wp\/v2\/pages\/484\/revisions"}],"up":[{"embeddable":true,"href":"https:\/\/odontologijosklinika.eu\/plunge\/wp-json\/wp\/v2\/pages\/471"}],"wp:attachment":[{"href":"https:\/\/odontologijosklinika.eu\/plunge\/wp-json\/wp\/v2\/media?parent=484"}],"curies":[{"name":"wp","href":"https:\/\/api.w.org\/{rel}","templated":true}]}}