{"id":482,"date":"2024-08-03T15:48:31","date_gmt":"2024-08-03T12:48:31","guid":{"rendered":"https:\/\/odontologijosklinika.eu\/plunge\/plunge\/?page_id=482"},"modified":"2024-08-16T16:28:04","modified_gmt":"2024-08-16T13:28:04","slug":"endodontinis-gydymas","status":"publish","type":"page","link":"https:\/\/odontologijosklinika.eu\/plunge\/paslaugos\/endodontinis-gydymas\/","title":{"rendered":"Endodontinis Gydymas"},"content":{"rendered":"\t\t<div data-elementor-type=\"wp-page\" data-elementor-id=\"482\" class=\"elementor elementor-482\">\n\t\t\t\t<div class=\"wd-negative-gap elementor-element elementor-element-32626c0 e-flex e-con-boxed e-con e-parent\" data-id=\"32626c0\" data-element_type=\"container\" data-e-type=\"container\">\n\t\t\t\t\t<div class=\"e-con-inner\">\n\t\t<div class=\"elementor-element elementor-element-b1773a2 e-con-full e-flex e-con e-child\" data-id=\"b1773a2\" data-element_type=\"container\" data-e-type=\"container\">\n\t\t\t\t<div class=\"elementor-element elementor-element-84253e6 elementor-widget elementor-widget-image\" data-id=\"84253e6\" data-element_type=\"widget\" data-e-type=\"widget\" data-widget_type=\"image.default\">\n\t\t\t\t<div class=\"elementor-widget-container\">\n\t\t\t\t\t\t\t\t\t\t\t\t\t\t\t<img fetchpriority=\"high\" decoding=\"async\" width=\"1300\" height=\"867\" src=\"https:\/\/odontologijosklinika.eu\/plunge\/wp-content\/uploads\/2024\/08\/IK_OK_92.jpg\" class=\"attachment-full size-full wp-image-529\" alt=\"IK odontologijos klinika Plung\u0117je\" srcset=\"https:\/\/odontologijosklinika.eu\/plunge\/wp-content\/uploads\/2024\/08\/IK_OK_92.jpg 1300w, https:\/\/odontologijosklinika.eu\/plunge\/wp-content\/uploads\/2024\/08\/IK_OK_92-300x200.jpg 300w, https:\/\/odontologijosklinika.eu\/plunge\/wp-content\/uploads\/2024\/08\/IK_OK_92-1024x683.jpg 1024w, https:\/\/odontologijosklinika.eu\/plunge\/wp-content\/uploads\/2024\/08\/IK_OK_92-768x512.jpg 768w\" sizes=\"(max-width: 1300px) 100vw, 1300px\" title=\"IK odontologijos klinika Plung\u0117je\">\t\t\t\t\t\t\t\t\t\t\t\t\t\t\t<\/div>\n\t\t\t\t<\/div>\n\t\t\t\t<div class=\"elementor-element elementor-element-bc2fc49 elementor-widget elementor-widget-wd_text_block\" data-id=\"bc2fc49\" data-element_type=\"widget\" data-e-type=\"widget\" data-widget_type=\"wd_text_block.default\">\n\t\t\t\t<div class=\"elementor-widget-container\">\n\t\t\t\t\t\t\t\t<link rel=\"stylesheet\" id=\"wd-text-block-css\" href=\"https:\/\/odontologijosklinika.eu\/plunge\/wp-content\/themes\/woodmart\/css\/parts\/el-text-block.min.css?ver=7.5.2\" type=\"text\/css\" media=\"all\" \/> \t\t\t\t\t<div class=\"wd-text-block reset-last-child text-left\">\n\t\t\t\n\t\t\t<p>Endodontinis gydymas \u2013 tai odontologijos sritis apimanti dant\u0173 \u0161akn\u0173 kanal\u0173 gydym\u0105. \u0160io gydymo prireikia, kai mink\u0161tuosius danties audinius, danties nerv\u0105 pa\u017eeid\u017eia ten patekusi\u00a0 infekcija. Emalio pavir\u0161iuje atsiranda \u012ftr\u016bkimai \u2013 to prie\u017eastis gali b\u016bti traumos ar negydomas \u0117duonis \u2013 per \u0161iuos \u012ftr\u016bkimus mikroorganizmai patenka \u012f danties pulp\u0105 ir sukelia tolimesnes komplikacijas. Net i\u0161ori\u0161kai atrodantis sveikas dantis gali b\u016bti pa\u017eeistas. Pirmasis \u012fsp\u0117jimas apie \u0161akn\u0173 kanal\u0173 problemas \u2013 yra skausmas, kurio da\u017enai nepavyksta numal\u0161inti net medikamentais. Taip pat gali atsirasti p\u016blinys (vadinamas abscesu), tokiais atveju b\u016btina kuo skubiau kreiptis \u012f gydytoj\u0105 odontolog\u0105.<\/p><p>\u0160iuolaikinis endodontinis gydymas ne\u012fmanomas be papildomo ap\u0161vietimo ir padidinimo. Tam m\u016bs\u0173 klinikoje naudojamas odontologinis mikroskopas padidina reg\u0117jimo lauk\u0105 nuo 3,4 iki beveik 21 karto, leid\u017eia matyti gydomas strukt\u016bras visai kitame lygmenyje. Mikroskopo pagalba, galima saugiai i\u0161imti senas u\u017epildo med\u017eiagas, l\u016b\u017eusi\u0173 endodontini\u0173 instrument\u0173 dalis, sidabrinius kai\u0161\u010dius, surasti kalcifikuotus (stipriai susiaur\u0117jusius) kanalus. Da\u017enai, tik odontologinio mikroskopo pagalba pavyksta rasti ir ketvirt\u0105j\u012f kr\u016bminio danties kanal\u0105, kuris plika akimi retai b\u016bna matomas ir surandamas. Nepasteb\u0117jus sunkiai matomo kanalo, jo nesterilizavus ir tinkamai neu\u017eplombavus, \u0161aknyje esanti infekcija i\u0161lieka ir sukelia dar rimtesni\u0173 problem\u0173.<\/p><p>Po endodontinio gydymo, dantis turi b\u016bti kaip \u012fmanoma grei\u010diau atstatytas \u2013 taip i\u0161vengiant bakterij\u0173 patekimo \u012f \u0161akn\u0173 kanalus, apsaugant dant\u012f nuo skilimo. Pagrindiniai endodontinio gydymo privalumai \u2013 precizi\u0161kai atliekama proced\u016bra ir nesusilpnina bei nepa\u017eeid\u017eia danties \u0161aknies.<\/p><p>S\u0117kmingo endodontinio gydymo d\u0117ka, i\u0161saugoma nat\u016brali danties \u0161aknis \u2013 tokiu atveju nereikalinga implantacija, protez\u0105 galima tvirtinti prie danties su i\u0161gydytu \u0161aknies kanalu.<\/p><h2><strong>K\u0105 daryti burnos ertm\u0117je pasteb\u0117jus \u201cp\u016blinuk\u0105\u201d?<\/strong><\/h2><p>Da\u017eniausiai pacientai pastebi burnos gleivin\u0117je pakitimus ties dant\u0173 \u0161aknimis, p\u016bli\u0173 i\u0161siskyrim\u0105. \u0160i simptomatika b\u016bdinga, kuomet yra susidar\u0119s \u017eidinys apie dant\u0173 \u0161akn\u0173 vir\u0161\u016bnes laikui b\u0117gant \u0161i infekcija i\u0161tirpdo \u017eandikaulio kaul\u0105 ir atsiveria \u012f burnos ertme. \u0160ios komplikacijos prie\u017eastis gali b\u016bti \u012fvykusi danties nervo mirtis (nekroz\u0117), anks\u010diau atliktas nekokybi\u0161kas endodontinis gydymas, kitos komplikacijos. Pasteb\u0117jus \u0161iuos pakitimus reik\u0117t\u0173 kuo grei\u010diau kreiptis IK odontoligijos klinikos odontolog\u0105, kuris atlik\u0119s \u012fvairius testus ir rentgeno nuotrauk\u0105 nustatys diagnoz\u0119 ir parinks gydym\u0105.<\/p><h2><strong>K\u0105 daryti jei jau\u010diu \u016bm\u0173 danties skausm\u0105, skausmas nuolatinis, savaiminis, ypa\u010d padid\u0117ja vakarais. Kokia to prie\u017eastis?<\/strong><\/h2><p>\u0160i simptomatika, kuomet pacientai jau\u010dia savaimin\u012f, labai stipr\u0173, be pa\u0161alini\u0173 dirgikli\u0173 atsirandant\u012f ar kar\u0161to maisto, g\u0117rim\u0173 i\u0161provokuojam\u0105 skausm\u0105 yra b\u016bdinga pulpitui (mink\u0161t\u0173j\u0173 danties audini\u0173 u\u017edegimui). Da\u017enai skausmas yra labai stiprus, nuskausminamieji vaistai padeda tik trumpam. Pajut\u0119 tokius simptomus nedelskite ir kuo grei\u010diau kreipkit\u0117s \u012f gydytoj\u0105 odontolog\u0105, delsiant ir laukiant galite sulaukti didesni\u0173 komplikacij\u0173- sutinimo, \u017eandikaulio kaulo u\u017edegimo, kai kuriais atvejais net sepsio.<\/p><h2><strong>K\u0105 daryti prad\u0117jus tinti, jau\u010diant skausm\u0105 sukandant dantis?<\/strong><\/h2><p>Jei pasteb\u0117jote \u016bm\u0173 tinim\u0105, dantis atrodo lyg \u201ci\u0161keltas\u201d kuo grei\u010diau kreipkit\u0117s \u012f gydytoj\u0105 odontolog\u0105, gali b\u016bti kad formuojasi p\u016blinys apie danties \u0161akn\u012f. Tinimo vietos jokiu b\u016bdu negalima \u0161ildyti, naudotis \u0161ildan\u010dius kompresus.<\/p><h2><strong>Kod\u0117l dantis po atlikto endodontinio gydymo da\u017eniausiai rekomenduojama protezuoti?<\/strong><\/h2><p>Dant\u0173, kuriems yra atliekamas endodontinis gydymas, vainikas da\u017eniausiai b\u016bna pa\u017eeistas (labai gilus kariesas, didel\u0117s plombos). Likus ma\u017eam kiekiui danties audini\u0173 didesn\u0117 rizika likusi\u0173 audini\u0173 ar \u0161aknies skilimui. Siekiant to i\u0161vengti rekomenduojama nedelsti ir likusius danties audinius apsaugoti vainik\u0117liu.<\/p>\n\t\t\t\t\t<\/div>\n\t\t\t\t\t\t<\/div>\n\t\t\t\t<\/div>\n\t\t\t\t<\/div>\n\t\t<div class=\"elementor-element elementor-element-7fc94a4 e-con-full e-flex e-con e-child\" data-id=\"7fc94a4\" data-element_type=\"container\" data-e-type=\"container\">\n\t\t\t\t<div class=\"elementor-element elementor-element-74ab6ee make-sticky elementor-widget elementor-widget-wd_mega_menu\" data-id=\"74ab6ee\" data-element_type=\"widget\" data-e-type=\"widget\" data-widget_type=\"wd_mega_menu.default\">\n\t\t\t\t<div class=\"elementor-widget-container\">\n\t\t\t\t\t\t\t\t<link rel=\"stylesheet\" id=\"wd-mod-nav-vertical-css\" href=\"https:\/\/odontologijosklinika.eu\/plunge\/wp-content\/themes\/woodmart\/css\/parts\/mod-nav-vertical.min.css?ver=7.5.2\" type=\"text\/css\" media=\"all\" \/> \t\t\t\t\t\t<link rel=\"stylesheet\" id=\"wd-mod-nav-vertical-design-with-bg-css\" href=\"https:\/\/odontologijosklinika.eu\/plunge\/wp-content\/themes\/woodmart\/css\/parts\/mod-nav-vertical-design-with-bg.min.css?ver=7.5.2\" type=\"text\/css\" media=\"all\" \/> \t\t\t\t\t\t<link rel=\"stylesheet\" id=\"wd-widget-nav-mega-menu-css\" href=\"https:\/\/odontologijosklinika.eu\/plunge\/wp-content\/themes\/woodmart\/css\/parts\/widget-nav-mega-menu.min.css?ver=7.5.2\" type=\"text\/css\" media=\"all\" \/> \t\t\t\t\t<div class=\"widget_nav_mega_menu\">\n\t\t\t\t\t\t\t<h5 class=\"widget-title color-scheme-dark\">\n\t\t\t\t\tM\u016bs\u0173 klinikos paslaugos\t\t\t\t<\/h5>\n\t\t\t\t\t\t<ul id=\"menu-paslaugos\" class=\"menu wd-nav wd-nav-vertical wd-design-with-bg wd-gap- wd-icon-left\"><li id=\"menu-item-630\" class=\"menu-item menu-item-type-post_type menu-item-object-page menu-item-630 item-level-0 menu-simple-dropdown wd-event-hover\" ><a href=\"https:\/\/odontologijosklinika.eu\/plunge\/paslaugos\/terapinis-dantu-gydymas\/\" class=\"woodmart-nav-link\"><span class=\"nav-link-text\">Terapinis dant\u0173 gydymas<\/span><\/a><\/li>\n<li id=\"menu-item-631\" class=\"menu-item menu-item-type-post_type menu-item-object-page menu-item-631 item-level-0 menu-simple-dropdown wd-event-hover\" ><a href=\"https:\/\/odontologijosklinika.eu\/plunge\/paslaugos\/vaiku-dantu-gydymas\/\" class=\"woodmart-nav-link\"><span class=\"nav-link-text\">Vaik\u0173 dant\u0173 gydymas<\/span><\/a><\/li>\n<li id=\"menu-item-623\" class=\"menu-item menu-item-type-post_type menu-item-object-page menu-item-623 item-level-0 menu-simple-dropdown wd-event-hover\" ><a href=\"https:\/\/odontologijosklinika.eu\/plunge\/paslaugos\/implantacija\/\" class=\"woodmart-nav-link\"><span class=\"nav-link-text\">Dant\u0173 implantavimas Plung\u0117je<\/span><\/a><\/li>\n<li id=\"menu-item-621\" class=\"menu-item menu-item-type-post_type menu-item-object-page menu-item-621 item-level-0 menu-simple-dropdown wd-event-hover\" ><a href=\"https:\/\/odontologijosklinika.eu\/plunge\/paslaugos\/estetinis-plombavimas\/\" class=\"woodmart-nav-link\"><span class=\"nav-link-text\">Estetinis plombavimas<\/span><\/a><\/li>\n<li id=\"menu-item-620\" class=\"menu-item menu-item-type-post_type menu-item-object-page menu-item-620 item-level-0 menu-simple-dropdown wd-event-hover\" ><a href=\"https:\/\/odontologijosklinika.eu\/plunge\/paslaugos\/endodontinis-gydymas\/\" class=\"woodmart-nav-link\"><span class=\"nav-link-text\">Endodontinis Gydymas<\/span><\/a><\/li>\n<li id=\"menu-item-629\" class=\"menu-item menu-item-type-post_type menu-item-object-page menu-item-629 item-level-0 menu-simple-dropdown wd-event-hover\" ><a href=\"https:\/\/odontologijosklinika.eu\/plunge\/paslaugos\/protezavimas\/\" class=\"woodmart-nav-link\"><span class=\"nav-link-text\">Protezavimas<\/span><\/a><\/li>\n<li id=\"menu-item-626\" class=\"menu-item menu-item-type-post_type menu-item-object-page menu-item-626 item-level-0 menu-simple-dropdown wd-event-hover\" ><a href=\"https:\/\/odontologijosklinika.eu\/plunge\/paslaugos\/ortodontijos-paslaugos\/\" class=\"woodmart-nav-link\"><span class=\"nav-link-text\">Lazerio proced\u016bros<\/span><\/a><\/li>\n<li id=\"menu-item-618\" class=\"menu-item menu-item-type-post_type menu-item-object-page menu-item-618 item-level-0 menu-simple-dropdown wd-event-hover\" ><a href=\"https:\/\/odontologijosklinika.eu\/plunge\/paslaugos\/burnos-chirurgija\/\" class=\"woodmart-nav-link\"><span class=\"nav-link-text\">Burnos chirurgija<\/span><\/a><\/li>\n<li id=\"menu-item-624\" class=\"menu-item menu-item-type-post_type menu-item-object-page menu-item-624 item-level-0 menu-simple-dropdown wd-event-hover\" ><a href=\"https:\/\/odontologijosklinika.eu\/plunge\/paslaugos\/kompleksinis-periodonto-gydymas\/\" class=\"woodmart-nav-link\"><span class=\"nav-link-text\">Kompleksinis periodonto gydymas<\/span><\/a><\/li>\n<li id=\"menu-item-628\" class=\"menu-item menu-item-type-post_type menu-item-object-page menu-item-628 item-level-0 menu-simple-dropdown wd-event-hover\" ><a href=\"https:\/\/odontologijosklinika.eu\/plunge\/paslaugos\/profesionali-burnos-higiena\/\" class=\"woodmart-nav-link\"><span class=\"nav-link-text\">Profesionali burnos higiena<\/span><\/a><\/li>\n<li id=\"menu-item-619\" class=\"menu-item menu-item-type-post_type menu-item-object-page menu-item-619 item-level-0 menu-simple-dropdown wd-event-hover\" ><a href=\"https:\/\/odontologijosklinika.eu\/plunge\/paslaugos\/dantu-balinimas-spalvos-korekcija\/\" class=\"woodmart-nav-link\"><span class=\"nav-link-text\">Dant\u0173 balinimas \u2013 spalvos korekcija<\/span><\/a><\/li>\n<li id=\"menu-item-622\" class=\"menu-item menu-item-type-post_type menu-item-object-page menu-item-622 item-level-0 menu-simple-dropdown wd-event-hover\" ><a href=\"https:\/\/odontologijosklinika.eu\/plunge\/paslaugos\/gydymas-taikant-sedacija\/\" class=\"woodmart-nav-link\"><span class=\"nav-link-text\">Gydymas taikant sedacij\u0105<\/span><\/a><\/li>\n<li id=\"menu-item-625\" class=\"menu-item menu-item-type-post_type menu-item-object-page menu-item-625 item-level-0 menu-simple-dropdown wd-event-hover\" ><a href=\"https:\/\/odontologijosklinika.eu\/plunge\/paslaugos\/lazerio-proceduros\/\" class=\"woodmart-nav-link\"><span class=\"nav-link-text\">Lazerio proced\u016bros<\/span><\/a><\/li>\n<li id=\"menu-item-627\" class=\"menu-item menu-item-type-post_type menu-item-object-page menu-item-627 item-level-0 menu-simple-dropdown wd-event-hover\" ><a href=\"https:\/\/odontologijosklinika.eu\/plunge\/paslaugos\/ozono-terapija\/\" class=\"woodmart-nav-link\"><span class=\"nav-link-text\">Ozono terapija<\/span><\/a><\/li>\n<li id=\"menu-item-617\" class=\"menu-item menu-item-type-post_type menu-item-object-page menu-item-617 item-level-0 menu-simple-dropdown wd-event-hover\" ><a href=\"https:\/\/odontologijosklinika.eu\/plunge\/paslaugos\/3d-kompiuterine-tomografija\/\" class=\"woodmart-nav-link\"><span class=\"nav-link-text\">3D kompiuterin\u0117 tomografija<\/span><\/a><\/li>\n<\/ul>\t\t<\/div>\n\t\t\t\t\t\t<\/div>\n\t\t\t\t<\/div>\n\t\t\t\t<\/div>\n\t\t\t\t\t<\/div>\n\t\t\t\t<\/div>\n\t\t\t\t<\/div>\n\t\t","protected":false},"excerpt":{"rendered":"<p>Endodontinis gydymas \u2013 tai odontologijos sritis apimanti dant\u0173 \u0161akn\u0173 kanal\u0173 gydym\u0105. \u0160io gydymo prireikia, kai mink\u0161tuosius danties audinius, danties nerv\u0105<\/p>\n","protected":false},"author":1,"featured_media":0,"parent":471,"menu_order":0,"comment_status":"closed","ping_status":"closed","template":"","meta":{"_acf_changed":false,"footnotes":""},"class_list":["post-482","page","type-page","status-publish","hentry"],"acf":[],"_links":{"self":[{"href":"https:\/\/odontologijosklinika.eu\/plunge\/wp-json\/wp\/v2\/pages\/482","targetHints":{"allow":["GET"]}}],"collection":[{"href":"https:\/\/odontologijosklinika.eu\/plunge\/wp-json\/wp\/v2\/pages"}],"about":[{"href":"https:\/\/odontologijosklinika.eu\/plunge\/wp-json\/wp\/v2\/types\/page"}],"author":[{"embeddable":true,"href":"https:\/\/odontologijosklinika.eu\/plunge\/wp-json\/wp\/v2\/users\/1"}],"replies":[{"embeddable":true,"href":"https:\/\/odontologijosklinika.eu\/plunge\/wp-json\/wp\/v2\/comments?post=482"}],"version-history":[{"count":0,"href":"https:\/\/odontologijosklinika.eu\/plunge\/wp-json\/wp\/v2\/pages\/482\/revisions"}],"up":[{"embeddable":true,"href":"https:\/\/odontologijosklinika.eu\/plunge\/wp-json\/wp\/v2\/pages\/471"}],"wp:attachment":[{"href":"https:\/\/odontologijosklinika.eu\/plunge\/wp-json\/wp\/v2\/media?parent=482"}],"curies":[{"name":"wp","href":"https:\/\/api.w.org\/{rel}","templated":true}]}}