{"id":480,"date":"2024-08-03T15:48:16","date_gmt":"2024-08-03T12:48:16","guid":{"rendered":"https:\/\/odontologijosklinika.eu\/plunge\/plunge\/?page_id=480"},"modified":"2024-08-16T16:28:11","modified_gmt":"2024-08-16T13:28:11","slug":"estetinis-plombavimas","status":"publish","type":"page","link":"https:\/\/odontologijosklinika.eu\/plunge\/paslaugos\/estetinis-plombavimas\/","title":{"rendered":"Estetinis plombavimas"},"content":{"rendered":"\t\t<div data-elementor-type=\"wp-page\" data-elementor-id=\"480\" class=\"elementor elementor-480\">\n\t\t\t\t<div class=\"wd-negative-gap elementor-element elementor-element-1e008db e-flex e-con-boxed e-con e-parent\" data-id=\"1e008db\" data-element_type=\"container\" data-e-type=\"container\">\n\t\t\t\t\t<div class=\"e-con-inner\">\n\t\t<div class=\"elementor-element elementor-element-49f831d e-con-full e-flex e-con e-child\" data-id=\"49f831d\" data-element_type=\"container\" data-e-type=\"container\">\n\t\t\t\t<div class=\"elementor-element elementor-element-f3f99f3 elementor-widget elementor-widget-image\" data-id=\"f3f99f3\" data-element_type=\"widget\" data-e-type=\"widget\" data-widget_type=\"image.default\">\n\t\t\t\t<div class=\"elementor-widget-container\">\n\t\t\t\t\t\t\t\t\t\t\t\t\t\t\t<img fetchpriority=\"high\" decoding=\"async\" width=\"1300\" height=\"867\" src=\"https:\/\/odontologijosklinika.eu\/plunge\/wp-content\/uploads\/2024\/08\/IK_OK_192.jpg\" class=\"attachment-full size-full wp-image-528\" alt=\"IK odontologijos klinika Plung\u0117je\" srcset=\"https:\/\/odontologijosklinika.eu\/plunge\/wp-content\/uploads\/2024\/08\/IK_OK_192.jpg 1300w, https:\/\/odontologijosklinika.eu\/plunge\/wp-content\/uploads\/2024\/08\/IK_OK_192-300x200.jpg 300w, https:\/\/odontologijosklinika.eu\/plunge\/wp-content\/uploads\/2024\/08\/IK_OK_192-1024x683.jpg 1024w, https:\/\/odontologijosklinika.eu\/plunge\/wp-content\/uploads\/2024\/08\/IK_OK_192-768x512.jpg 768w\" sizes=\"(max-width: 1300px) 100vw, 1300px\" title=\"IK odontologijos klinika Plung\u0117je\">\t\t\t\t\t\t\t\t\t\t\t\t\t\t\t<\/div>\n\t\t\t\t<\/div>\n\t\t\t\t<div class=\"elementor-element elementor-element-b229c00 elementor-widget elementor-widget-wd_text_block\" data-id=\"b229c00\" data-element_type=\"widget\" data-e-type=\"widget\" data-widget_type=\"wd_text_block.default\">\n\t\t\t\t<div class=\"elementor-widget-container\">\n\t\t\t\t\t\t\t\t<link rel=\"stylesheet\" id=\"wd-text-block-css\" href=\"https:\/\/odontologijosklinika.eu\/plunge\/wp-content\/themes\/woodmart\/css\/parts\/el-text-block.min.css?ver=7.5.2\" type=\"text\/css\" media=\"all\" \/> \t\t\t\t\t<div class=\"wd-text-block reset-last-child text-left\">\n\t\t\t\n\t\t\t<p><strong>Estetinis plombavimas<\/strong>\u00a0\u2013 proced\u016bra, kurios metu dantys atkuriami plombin\u0117s med\u017eiagos sluoksniais, kurie atitinka nat\u016brali\u0105 danties anatomij\u0105. Taip pasiekiamas geriausias rezultatas apjungiantis: spalv\u0105,\u00a0 form\u0105, skaidrum\u0105, kitus individualius dant\u0173 bruo\u017eus.<\/p><p><strong>Estetinis plombavimas<\/strong> yra labiausiai nat\u016bralius danties audin\u012f sauganti proced\u016bra, per kuri\u0105 ne tik atkuriami nuskil\u0119, sudil\u0119, pa\u017eeisti \u0117duonies dantys, bet ir padailinama nat\u016brali\u0173 dant\u0173 forma, u\u017edaromos diastemos (tarpai tarp dant\u0173). Proced\u016bros metu pa\u0161alinami \u0117duonies pa\u017eeisti, suir\u0119 danties audiniai, v\u0117liau dantis yra plombuojamas sluoksniais atkuriant buvusi\u0105 ar norim\u0105 form\u0105, galiausiai, specialia \u0161viesa, plombos sukietinamos, v\u0117liau nupoliruojamos. Jei karieso pa\u017eeist\u0173 danties audini\u0173 n\u0117ra \u2013 proced\u016bros metu danties audiniai net negr\u0119\u017eiami, tik sukuriamas mikro\u0161iurk\u0161tumas sm\u0117liuojant ir \u0117sdinant pavir\u0161i\u0173 specialia r\u016bg\u0161timi. Prie\u0161 pradedant estetin\u012f plombavim\u0105, patariama atlikti profesionali\u0105 burnos higien\u0105 taip pat, jei pageidaujama, dant\u0173 balinim\u0105, mat plombos i\u0161laiko savo pradin\u0119 spalv\u0105 ir neb\u0105la. Ortodontinis gydymas taip pat tur\u0117t\u0173 b\u016bti atliktas prie\u0161 pasirenkant estetin\u012f plombavim\u0105, ta\u010diau kai kuriais, individualiais atvejais ortodontinis gydymas gali b\u016bti pakeistas b\u016btent estetiniu plombavimu. Estetinis plombavimas taip pat vienas grei\u010diausi\u0173 b\u016bd\u0173 pasiekti norim\u0105 rezultat\u0105 \u2013 priklausomai nuo individualios dant\u0173 b\u016bkl\u0117s, nauja \u0161ypsena gal\u0117site d\u017eiaugtis po keleto ar net vieno vizito odontologo kabinete. Taip pat, tai puikus pasirinkimas, kai nuskyla vienas dantis. Kad po estetinio plombavimo \u0161ypsena i\u0161likt\u0173 gra\u017ei, b\u016btina palaikyti nepriekai\u0161ting\u0105 asmenin\u0119 burnos higien\u0105, reguliariai atlikti profesionali\u0105 higienos proced\u016br\u0105, taip pat lankytis pas gydant\u012f specialist\u0105 plombos patikrai.<\/p><h2><strong>Ar po estetinio plombavimo reikalinga papildoma plombuot\u0173 dant\u0173 prie\u017ei\u016bra?<\/strong><\/h2><p>Taip, plombin\u0117s med\u017eiagos yra linkusios nusid\u0117v\u0117ti, atsiranda mikro\u0161iurk\u0161tumas, labiau kaupiasi apna\u0161as ir pigmentas. D\u0117l \u0161i\u0173 prie\u017eas\u010di\u0173 rekomenduoja kas 6 m\u0117nesius atlikti profesionali\u0105 burnos higien\u0105 ir kasmet profilaktin\u012f restauracij\u0173 i\u0161poliravim\u0105, kurio metu plomb\u0173 pavir\u0161ius i\u0161lyginamas, nublizginamas ir gra\u017eia \u0161ypsena galite d\u017eiaugtis ilgus metus.<\/p><h2><strong>Ar reikalingos specialios dant\u0173 pastos po estetinio plombavimo?<\/strong><\/h2><p>Kaip ir po bet kurios proced\u016bros IK odontologijos klinikoje specialistai supa\u017eindins su tolesne burnos ertm\u0117s prie\u017ei\u016bra, kuri bus reikalinga b\u016btent Jums.<\/p><p>Taip po estetinio plombavimo rekomenduojama kuo ma\u017eiau abrazyvo turin\u010dios dant\u0173 pastos, kremin\u0117s. Taip saugomas restauracine med\u017eiaga atstatytas pavir\u0161ius, ilgiau i\u0161lieka blizgus ir lygus.<\/p><h2><strong>Ar laikui b\u0117gant esteti\u0161kai plombuoti dantys pakeis spalv\u0105?<\/strong><\/h2><p>Po keli\u0173 met\u0173 visgi vykta restauracijos pavir\u0161iaus \u2013 plombin\u0117s med\u017eiagos sen\u0117jimas, atsidalina mikrodalel\u0117s, \u012f mikro pa\u017eeidimus \u012fsigeria maisto ir g\u0117rim\u0173 pigmentin\u0117s med\u017eiagos Ta\u010diau teisingai pri\u017ei\u016brint restauruotus dantis namuose, nuolat atliekama profesionali burnos higiena ir restauracij\u0173 poliravimas puikiai atliktas estetinis plombavimas tarnaus 5-7 metus.<\/p>\n\t\t\t\t\t<\/div>\n\t\t\t\t\t\t<\/div>\n\t\t\t\t<\/div>\n\t\t\t\t<\/div>\n\t\t<div class=\"elementor-element elementor-element-96fc306 e-con-full e-flex e-con e-child\" data-id=\"96fc306\" data-element_type=\"container\" data-e-type=\"container\">\n\t\t\t\t<div class=\"elementor-element elementor-element-dfd23a4 make-sticky elementor-widget elementor-widget-wd_mega_menu\" data-id=\"dfd23a4\" data-element_type=\"widget\" data-e-type=\"widget\" data-widget_type=\"wd_mega_menu.default\">\n\t\t\t\t<div class=\"elementor-widget-container\">\n\t\t\t\t\t\t\t\t<link rel=\"stylesheet\" id=\"wd-mod-nav-vertical-css\" href=\"https:\/\/odontologijosklinika.eu\/plunge\/wp-content\/themes\/woodmart\/css\/parts\/mod-nav-vertical.min.css?ver=7.5.2\" type=\"text\/css\" media=\"all\" \/> \t\t\t\t\t\t<link rel=\"stylesheet\" id=\"wd-mod-nav-vertical-design-with-bg-css\" href=\"https:\/\/odontologijosklinika.eu\/plunge\/wp-content\/themes\/woodmart\/css\/parts\/mod-nav-vertical-design-with-bg.min.css?ver=7.5.2\" type=\"text\/css\" media=\"all\" \/> \t\t\t\t\t\t<link rel=\"stylesheet\" id=\"wd-widget-nav-mega-menu-css\" href=\"https:\/\/odontologijosklinika.eu\/plunge\/wp-content\/themes\/woodmart\/css\/parts\/widget-nav-mega-menu.min.css?ver=7.5.2\" type=\"text\/css\" media=\"all\" \/> \t\t\t\t\t<div class=\"widget_nav_mega_menu\">\n\t\t\t\t\t\t\t<h5 class=\"widget-title color-scheme-dark\">\n\t\t\t\t\tM\u016bs\u0173 klinikos paslaugos\t\t\t\t<\/h5>\n\t\t\t\t\t\t<ul id=\"menu-paslaugos\" class=\"menu wd-nav wd-nav-vertical wd-design-with-bg wd-gap- wd-icon-left\"><li id=\"menu-item-630\" class=\"menu-item menu-item-type-post_type menu-item-object-page menu-item-630 item-level-0 menu-simple-dropdown wd-event-hover\" ><a href=\"https:\/\/odontologijosklinika.eu\/plunge\/paslaugos\/terapinis-dantu-gydymas\/\" class=\"woodmart-nav-link\"><span class=\"nav-link-text\">Terapinis dant\u0173 gydymas<\/span><\/a><\/li>\n<li id=\"menu-item-631\" class=\"menu-item menu-item-type-post_type menu-item-object-page menu-item-631 item-level-0 menu-simple-dropdown wd-event-hover\" ><a href=\"https:\/\/odontologijosklinika.eu\/plunge\/paslaugos\/vaiku-dantu-gydymas\/\" class=\"woodmart-nav-link\"><span class=\"nav-link-text\">Vaik\u0173 dant\u0173 gydymas<\/span><\/a><\/li>\n<li id=\"menu-item-623\" class=\"menu-item menu-item-type-post_type menu-item-object-page menu-item-623 item-level-0 menu-simple-dropdown wd-event-hover\" ><a href=\"https:\/\/odontologijosklinika.eu\/plunge\/paslaugos\/implantacija\/\" class=\"woodmart-nav-link\"><span class=\"nav-link-text\">Dant\u0173 implantavimas Plung\u0117je<\/span><\/a><\/li>\n<li id=\"menu-item-621\" class=\"menu-item menu-item-type-post_type menu-item-object-page menu-item-621 item-level-0 menu-simple-dropdown wd-event-hover\" ><a href=\"https:\/\/odontologijosklinika.eu\/plunge\/paslaugos\/estetinis-plombavimas\/\" class=\"woodmart-nav-link\"><span class=\"nav-link-text\">Estetinis plombavimas<\/span><\/a><\/li>\n<li id=\"menu-item-620\" class=\"menu-item menu-item-type-post_type menu-item-object-page menu-item-620 item-level-0 menu-simple-dropdown wd-event-hover\" ><a href=\"https:\/\/odontologijosklinika.eu\/plunge\/paslaugos\/endodontinis-gydymas\/\" class=\"woodmart-nav-link\"><span class=\"nav-link-text\">Endodontinis Gydymas<\/span><\/a><\/li>\n<li id=\"menu-item-629\" class=\"menu-item menu-item-type-post_type menu-item-object-page menu-item-629 item-level-0 menu-simple-dropdown wd-event-hover\" ><a href=\"https:\/\/odontologijosklinika.eu\/plunge\/paslaugos\/protezavimas\/\" class=\"woodmart-nav-link\"><span class=\"nav-link-text\">Protezavimas<\/span><\/a><\/li>\n<li id=\"menu-item-626\" class=\"menu-item menu-item-type-post_type menu-item-object-page menu-item-626 item-level-0 menu-simple-dropdown wd-event-hover\" ><a href=\"https:\/\/odontologijosklinika.eu\/plunge\/paslaugos\/ortodontijos-paslaugos\/\" class=\"woodmart-nav-link\"><span class=\"nav-link-text\">Lazerio proced\u016bros<\/span><\/a><\/li>\n<li id=\"menu-item-618\" class=\"menu-item menu-item-type-post_type menu-item-object-page menu-item-618 item-level-0 menu-simple-dropdown wd-event-hover\" ><a href=\"https:\/\/odontologijosklinika.eu\/plunge\/paslaugos\/burnos-chirurgija\/\" class=\"woodmart-nav-link\"><span class=\"nav-link-text\">Burnos chirurgija<\/span><\/a><\/li>\n<li id=\"menu-item-624\" class=\"menu-item menu-item-type-post_type menu-item-object-page menu-item-624 item-level-0 menu-simple-dropdown wd-event-hover\" ><a href=\"https:\/\/odontologijosklinika.eu\/plunge\/paslaugos\/kompleksinis-periodonto-gydymas\/\" class=\"woodmart-nav-link\"><span class=\"nav-link-text\">Kompleksinis periodonto gydymas<\/span><\/a><\/li>\n<li id=\"menu-item-628\" class=\"menu-item menu-item-type-post_type menu-item-object-page menu-item-628 item-level-0 menu-simple-dropdown wd-event-hover\" ><a href=\"https:\/\/odontologijosklinika.eu\/plunge\/paslaugos\/profesionali-burnos-higiena\/\" class=\"woodmart-nav-link\"><span class=\"nav-link-text\">Profesionali burnos higiena<\/span><\/a><\/li>\n<li id=\"menu-item-619\" class=\"menu-item menu-item-type-post_type menu-item-object-page menu-item-619 item-level-0 menu-simple-dropdown wd-event-hover\" ><a href=\"https:\/\/odontologijosklinika.eu\/plunge\/paslaugos\/dantu-balinimas-spalvos-korekcija\/\" class=\"woodmart-nav-link\"><span class=\"nav-link-text\">Dant\u0173 balinimas \u2013 spalvos korekcija<\/span><\/a><\/li>\n<li id=\"menu-item-622\" class=\"menu-item menu-item-type-post_type menu-item-object-page menu-item-622 item-level-0 menu-simple-dropdown wd-event-hover\" ><a href=\"https:\/\/odontologijosklinika.eu\/plunge\/paslaugos\/gydymas-taikant-sedacija\/\" class=\"woodmart-nav-link\"><span class=\"nav-link-text\">Gydymas taikant sedacij\u0105<\/span><\/a><\/li>\n<li id=\"menu-item-625\" class=\"menu-item menu-item-type-post_type menu-item-object-page menu-item-625 item-level-0 menu-simple-dropdown wd-event-hover\" ><a href=\"https:\/\/odontologijosklinika.eu\/plunge\/paslaugos\/lazerio-proceduros\/\" class=\"woodmart-nav-link\"><span class=\"nav-link-text\">Lazerio proced\u016bros<\/span><\/a><\/li>\n<li id=\"menu-item-627\" class=\"menu-item menu-item-type-post_type menu-item-object-page menu-item-627 item-level-0 menu-simple-dropdown wd-event-hover\" ><a href=\"https:\/\/odontologijosklinika.eu\/plunge\/paslaugos\/ozono-terapija\/\" class=\"woodmart-nav-link\"><span class=\"nav-link-text\">Ozono terapija<\/span><\/a><\/li>\n<li id=\"menu-item-617\" class=\"menu-item menu-item-type-post_type menu-item-object-page menu-item-617 item-level-0 menu-simple-dropdown wd-event-hover\" ><a href=\"https:\/\/odontologijosklinika.eu\/plunge\/paslaugos\/3d-kompiuterine-tomografija\/\" class=\"woodmart-nav-link\"><span class=\"nav-link-text\">3D kompiuterin\u0117 tomografija<\/span><\/a><\/li>\n<\/ul>\t\t<\/div>\n\t\t\t\t\t\t<\/div>\n\t\t\t\t<\/div>\n\t\t\t\t<\/div>\n\t\t\t\t\t<\/div>\n\t\t\t\t<\/div>\n\t\t\t\t<\/div>\n\t\t","protected":false},"excerpt":{"rendered":"<p>Estetinis plombavimas\u00a0\u2013 proced\u016bra, kurios metu dantys atkuriami plombin\u0117s med\u017eiagos sluoksniais, kurie atitinka nat\u016brali\u0105 danties anatomij\u0105. Taip pasiekiamas geriausias rezultatas apjungiantis:<\/p>\n","protected":false},"author":1,"featured_media":0,"parent":471,"menu_order":0,"comment_status":"closed","ping_status":"closed","template":"","meta":{"_acf_changed":false,"footnotes":""},"class_list":["post-480","page","type-page","status-publish","hentry"],"acf":[],"_links":{"self":[{"href":"https:\/\/odontologijosklinika.eu\/plunge\/wp-json\/wp\/v2\/pages\/480","targetHints":{"allow":["GET"]}}],"collection":[{"href":"https:\/\/odontologijosklinika.eu\/plunge\/wp-json\/wp\/v2\/pages"}],"about":[{"href":"https:\/\/odontologijosklinika.eu\/plunge\/wp-json\/wp\/v2\/types\/page"}],"author":[{"embeddable":true,"href":"https:\/\/odontologijosklinika.eu\/plunge\/wp-json\/wp\/v2\/users\/1"}],"replies":[{"embeddable":true,"href":"https:\/\/odontologijosklinika.eu\/plunge\/wp-json\/wp\/v2\/comments?post=480"}],"version-history":[{"count":0,"href":"https:\/\/odontologijosklinika.eu\/plunge\/wp-json\/wp\/v2\/pages\/480\/revisions"}],"up":[{"embeddable":true,"href":"https:\/\/odontologijosklinika.eu\/plunge\/wp-json\/wp\/v2\/pages\/471"}],"wp:attachment":[{"href":"https:\/\/odontologijosklinika.eu\/plunge\/wp-json\/wp\/v2\/media?parent=480"}],"curies":[{"name":"wp","href":"https:\/\/api.w.org\/{rel}","templated":true}]}}