{"id":478,"date":"2024-08-03T15:47:59","date_gmt":"2024-08-03T12:47:59","guid":{"rendered":"https:\/\/odontologijosklinika.eu\/plunge\/plunge\/?page_id=478"},"modified":"2026-03-03T21:19:10","modified_gmt":"2026-03-03T18:19:10","slug":"implantacija","status":"publish","type":"page","link":"https:\/\/odontologijosklinika.eu\/plunge\/paslaugos\/implantacija\/","title":{"rendered":"Dant\u0173 implantavimas Plung\u0117je"},"content":{"rendered":"\t\t<div data-elementor-type=\"wp-page\" data-elementor-id=\"478\" class=\"elementor elementor-478\">\n\t\t\t\t<div class=\"wd-negative-gap elementor-element elementor-element-b0493a7 e-flex e-con-boxed e-con e-parent\" data-id=\"b0493a7\" data-element_type=\"container\" data-e-type=\"container\">\n\t\t\t\t\t<div class=\"e-con-inner\">\n\t\t<div class=\"elementor-element elementor-element-f591a32 e-con-full e-flex e-con e-child\" data-id=\"f591a32\" data-element_type=\"container\" data-e-type=\"container\">\n\t\t\t\t<div class=\"elementor-element elementor-element-ff84f1b elementor-widget elementor-widget-image\" data-id=\"ff84f1b\" data-element_type=\"widget\" data-e-type=\"widget\" data-widget_type=\"image.default\">\n\t\t\t\t<div class=\"elementor-widget-container\">\n\t\t\t\t\t\t\t\t\t\t\t\t\t\t\t<img fetchpriority=\"high\" decoding=\"async\" width=\"1300\" height=\"867\" src=\"https:\/\/odontologijosklinika.eu\/plunge\/wp-content\/uploads\/2024\/08\/IK_OK_438.jpg\" class=\"attachment-full size-full wp-image-527\" alt=\"IK odontologijos klinika Plung\u0117je\" srcset=\"https:\/\/odontologijosklinika.eu\/plunge\/wp-content\/uploads\/2024\/08\/IK_OK_438.jpg 1300w, https:\/\/odontologijosklinika.eu\/plunge\/wp-content\/uploads\/2024\/08\/IK_OK_438-300x200.jpg 300w, https:\/\/odontologijosklinika.eu\/plunge\/wp-content\/uploads\/2024\/08\/IK_OK_438-1024x683.jpg 1024w, https:\/\/odontologijosklinika.eu\/plunge\/wp-content\/uploads\/2024\/08\/IK_OK_438-768x512.jpg 768w\" sizes=\"(max-width: 1300px) 100vw, 1300px\" title=\"IK odontologijos klinika Plung\u0117je\">\t\t\t\t\t\t\t\t\t\t\t\t\t\t\t<\/div>\n\t\t\t\t<\/div>\n\t\t\t\t<div class=\"elementor-element elementor-element-5fa33eb wd-width-100 elementor-widget elementor-widget-wd_title\" data-id=\"5fa33eb\" data-element_type=\"widget\" data-e-type=\"widget\" data-widget_type=\"wd_title.default\">\n\t\t\t\t<div class=\"elementor-widget-container\">\n\t\t\t\t\t\t\t\t<link rel=\"stylesheet\" id=\"wd-section-title-css\" href=\"https:\/\/odontologijosklinika.eu\/plunge\/wp-content\/themes\/woodmart\/css\/parts\/el-section-title.min.css?ver=7.5.2\" type=\"text\/css\" media=\"all\" \/> \t\t\t\t\t\t<link rel=\"stylesheet\" id=\"wd-section-title-style-simple-and-brd-css\" href=\"https:\/\/odontologijosklinika.eu\/plunge\/wp-content\/themes\/woodmart\/css\/parts\/el-section-title-style-simple-and-brd.min.css?ver=7.5.2\" type=\"text\/css\" media=\"all\" \/> \t\t\t\t\t<div class=\"title-wrapper set-mb-s reset-last-child wd-title-color-primary wd-title-style-simple wd-title-size-large text-center\">\n\n\t\t\t\n\t\t\t<div class=\"liner-continer\">\n\t\t\t\t<h3 class=\"woodmart-title-container title wd-fontsize-xxl\">Ma\u017eiausia kaina u\u017e auk\u0161\u010diausia kokyb\u0119<\/h3> \n\t\t\t\t\t\t\t<\/div>\n\n\t\t\t\t\t\t\t<div class=\"title-after_title set-cont-mb-s reset-last-child wd-fontsize-s\">\n\t\t\t\t\t<p><u><b>Kvie\u010diame registruotis \u012f nemokamas konsultacijas vykstan\u010dias kiekvien\u0105 antradien\u012f!<\/b><\/u><\/p><p>Esame \u012fsipareigoj\u0119 teikti i\u0161skirtin\u0119 odontologin\u0119 prie\u017ei\u016br\u0105 u\u017e prieinam\u0105 kain\u0105. Jei ie\u0161kote ekonomi\u0161k\u0173 sprendim\u0173 d\u0117l tr\u016bkstam\u0173 dant\u0173, m\u016bs\u0173 auk\u0161tos kokyb\u0117s dant\u0173 implantai yra idealus pasirinkimas.<\/p>\t\t\t\t<\/div>\n\t\t\t\t\t<\/div>\n\t\t\t\t\t\t<\/div>\n\t\t\t\t<\/div>\n\t\t<div class=\"elementor-element elementor-element-6fb659e e-con-full e-flex e-con e-child\" data-id=\"6fb659e\" data-element_type=\"container\" data-e-type=\"container\">\n\t\t<div class=\"elementor-element elementor-element-591caf8 e-con-full e-flex e-con e-child\" data-id=\"591caf8\" data-element_type=\"container\" data-e-type=\"container\">\n\t\t\t\t<div class=\"elementor-element elementor-element-abd2354 elementor-widget elementor-widget-html\" data-id=\"abd2354\" data-element_type=\"widget\" data-e-type=\"widget\" data-widget_type=\"html.default\">\n\t\t\t\t<div class=\"elementor-widget-container\">\n\t\t\t\t\t<style>\n    .custom-pricing-table {\n        padding: 20px;\n        background: #fff7f7;\n        color: black;\n        border-radius: 15px;\n        border: 2px solid #981a1a;\n        text-align: center;\n        position: relative;\n    }\n    .custom-pricing-heading {\n        display: flex;\n        flex-direction: column;\n        align-items: center;\n        justify-content: flex-start;\n        margin-bottom: 25px;\n    }\n    .pricing-title {\n        font-size: 14px;\n        font-weight: 500;\n        margin: 0;\n        padding: 0;\n        background: #981a1a;\n        color: white;\n        padding: 3px 8px;\n        margin-bottom: 5px;\n        border-radius: 12px\n    }\n    .custom-pricing-logo {\n        height: 80px !important;\n        margin-bottom: 25px;\n    }\n    .pricing-description {\n        margin-bottom: 25px;\n    }\n    .custom-old-price {\n        text-decoration: line-through;\n        margin-bottom: 10px;\n        font-weight: 600;\n        font-size: 24px;\n        line-height: 24px;\n    }\n    .custom-new-price {\n        font-size: 42px;\n        font-weight: 600;\n        color: #981a1a;\n    }\n    .custom-pricing-list ul {\n        list-style: none;\n        margin: 0;\n        padding: 0;\n    }\n    .custom-pricing-list ul li{\n        height: 50px;\n        display: flex;\n        align-items: center;\n        justify-content: center;\n        font-size: 15px;\n        font-weight: 600;\n        border-top: 0px solid gray;\n    }\n    .custom-pricing-list ul li:nth-child(even) {\n        background-color: #981a1a;\n        color: white;\n    }\n    .per-month {\n        text-decoration: underline;\n    }\n<\/style>\n<div class=\"custom-pricing-table\">\n        <b>Nemokama konsultacija!<\/b>\n    <div class=\"custom-pricing-heading\">\n        <img decoding=\"async\" class=\"custom-pricing-logo\" src=\"https:\/\/odontologijosklinika.eu\/plunge\/wp-content\/uploads\/2024\/09\/neodent-2x.png\" alt=\"IK odontologijos klinika Plung\u0117je\" title=\"IK odontologijos klinika Plung\u0117je\">\n        <span class=\"pricing-title\">Geriausia kaina<\/span>\n        <span class=\"pricing-description\">Ie\u0161kantiems efektyvaus sprendimo<\/span>\n\n        <div class=\"custom-old-price\">600 \u20ac<\/div>\n        <div class=\"custom-new-price\">499 \u20ac<\/div>\n    <\/div>\n    <div class=\"custom-pricing-list\">\n        <ul>\n            <li>Vieni populiariausi\u0173 implant\u0173 pasaulyje<\/li>\n            <li>Ilgalaikis patvarumas<\/li>\n            <li>Esteti\u0161kas rezultatas<\/li>\n            <li>Auk\u0161tas priaugimo rodiklis<\/li>\n        <\/ul>\n    <\/div>\n    <div class=\"custom-pricing-footer\n    \">\n        \n    <\/div>\n<\/div>\t\t\t\t<\/div>\n\t\t\t\t<\/div>\n\t\t\t\t<\/div>\n\t\t<div class=\"elementor-element elementor-element-1b6e347 e-con-full e-flex e-con e-child\" data-id=\"1b6e347\" data-element_type=\"container\" data-e-type=\"container\">\n\t\t\t\t<div class=\"elementor-element elementor-element-d289593 elementor-widget elementor-widget-html\" data-id=\"d289593\" data-element_type=\"widget\" data-e-type=\"widget\" data-widget_type=\"html.default\">\n\t\t\t\t<div class=\"elementor-widget-container\">\n\t\t\t\t\t<style>\n    .custom-pricing-table {\n        padding: 20px;\n        background: #fff7f7;\n        color: black;\n        border-radius: 15px;\n        border: 2px solid #981a1a;\n        text-align: center;\n        position: relative;\n    }\n    .custom-pricing-heading {\n        display: flex;\n        flex-direction: column;\n        align-items: center;\n        justify-content: flex-start;\n        margin-bottom: 25px;\n    }\n    .pricing-title {\n        font-size: 14px;\n        font-weight: 500;\n        margin: 0;\n        padding: 0;\n        background: #981a1a;\n        color: white;\n        padding: 3px 8px;\n        margin-bottom: 5px;\n        border-radius: 12px\n    }\n    .custom-pricing-logo {\n        height: 40px;\n        margin-bottom: 25px;\n    }\n    .pricing-description {\n        margin-bottom: 25px;\n    }\n    .custom-old-price {\n        text-decoration: line-through;\n        margin-bottom: 10px;\n        font-weight: 600;\n    }\n    .custom-new-price {\n        font-size: 42px;\n        font-weight: 600;\n        color: #981a1a;\n    }\n    .custom-pricing-list ul {\n        list-style: none;\n        margin: 0;\n        padding: 0;\n    }\n    .custom-pricing-list ul li{\n        height: 50px;\n        display: flex;\n        align-items: center;\n        justify-content: center;\n        font-size: 15px;\n        font-weight: 600;\n        border-top: 1px solid gray;\n        margin-bottom: 0;\n    }\n    .custom-pricing-list ul li:nth-child(even) {\n        background-color: #981a1a;\n        color: white;\n    }\n    .straumann {\n        transform: translateY(-15px)\n    }\n<\/style>\n<div class=\"custom-pricing-table straumann\">\n        <b>Nemokama konsultacija!<\/b>\n    <div class=\"custom-pricing-heading\">\n        <img decoding=\"async\" class=\"custom-pricing-logo\" src=\"https:\/\/odontologijosklinika.eu\/plunge\/wp-content\/uploads\/2024\/08\/Straumann.webp\" alt=\"IK odontologijos klinika Plung\u0117je\" title=\"IK odontologijos klinika Plung\u0117je\">\n        <span class=\"pricing-title\">Auk\u0161\u010diausia kokyb\u0117<\/span>\n        <span class=\"pricing-description\">Ie\u0161kantiems geriausio sprendimo<\/span>\n\n        <div class=\"custom-old-price\">800 \u20ac<\/div>\n        <div class=\"custom-new-price\">699 \u20ac<\/div>\n  \n    <\/div>\n    <div class=\"custom-pricing-list\">\n        <ul>\n            <li>\u0160veicari\u0161ka kokyb\u0117<\/li>\n            <li>Unikalios savyb\u0117s<\/li>\n            <li>Roxolid lydinys<\/li>\n            <li>Ilgalaik\u0117 garantija<\/li>\n        <\/ul>\n    <\/div>\n    <div class=\"custom-pricing-footer\n    \">\n        \n    <\/div>\n<\/div>\t\t\t\t<\/div>\n\t\t\t\t<\/div>\n\t\t\t\t<\/div>\n\t\t\t\t<\/div>\n\t\t\t\t<div class=\"elementor-element elementor-element-76ccb46 elementor-widget elementor-widget-wd_text_block\" data-id=\"76ccb46\" data-element_type=\"widget\" data-e-type=\"widget\" data-widget_type=\"wd_text_block.default\">\n\t\t\t\t<div class=\"elementor-widget-container\">\n\t\t\t\t\t\t\t\t<link rel=\"stylesheet\" id=\"wd-text-block-css\" href=\"https:\/\/odontologijosklinika.eu\/plunge\/wp-content\/themes\/woodmart\/css\/parts\/el-text-block.min.css?ver=7.5.2\" type=\"text\/css\" media=\"all\" \/> \t\t\t\t\t<div class=\"wd-text-block reset-last-child text-left\">\n\t\t\t\n\t\t\t<h2 class=\"item-title title-bar-primary5\">Burnos implantavimas<\/h2><p><strong>Dant\u0173 implantai<\/strong> yra moderni alternatyva tiltiniams dant\u0173 protezams, jais galima atkurti tiek estetin\u0119, tiek dant\u0173 kramtymo funkcij\u0105.<\/p><p>Implantacijos metu, nusta\u010dius kaulo kiek\u012f reikalingoje \u017eandikaulio vietoje, kaule padaroma ertm\u0117 ir \u012fsriegiamas implantas.\u00a0<strong>Implantas<\/strong> yra \u0161aknies formos sraigtas, pagamintas i\u0161 titano ar keramikos (metalui alergi\u0161kiems pacientams). Prie jo v\u0117liau tvirtinamas pasirinktos r\u016b\u0161ies protezas. Implantas atlieka tikros danties \u0161aknies funkcij\u0105, taip pat, nesukeldamas diskomforto, tinkamai pri\u017ei\u016brimas da\u017eniausiai tarnauja vis\u0105 gyvenim\u0105.<\/p><h2><strong>Kaip vyksta implantavimo proced\u016bra?<\/strong><\/h2><p>Implantacijos metu yra atveriama dantena, \u012fsriegiamas implantas, \u017eaizda u\u017esiuvama ir paliekama gyti. Vidutini\u0161kai keturis m\u0117nesius trunkantis gijimo procesas u\u017ebaigiamas implanto vir\u0161\u016bn\u0117s atidengimu ir dantenos suformavimu. Po dviej\u0173 ar trij\u0173 savai\u010di\u0173 pradedamas ir protezavimo etapas. Ant implant\u0173 protezuoti galima naudojant vainik\u0117l\u012f, tilt\u0105 ar kitos r\u016b\u0161ies fiksuotus protezus. Vyresnio am\u017eiaus \u017emon\u0117ms pasitaiko itin dideli\u0173 dant\u0173 eili\u0173 defekt\u0173, tokiais atvejais galima ant implant\u0173 fiksuoti ir i\u0161imamus protezus. Taip pagerinama protez\u0173 fiksacija, pasiekiamas maksimalus naudojimosi protezais komfortas, atstatoma kramtymo funkcija, pager\u0117ja d\u0117l dant\u0173 netekimo suprast\u0117jusi kalbos rai\u0161ka. Yra minimali tikimyb\u0117, kad po implantavimo gali pasireik\u0161ti atmetimo reakcija. Tokiais atvejais implantas i\u0161imamas, o sugijus \u017eaizdai galima kartoti proced\u016br\u0105.<\/p><h2><strong>Kod\u0117l verta rinktis dant\u0173 implantus?<\/strong><\/h2><p>Ant implanto tvirtinami vainik\u0117liai atrodo taip pat kaip nat\u016bral\u016bs dantys, nesukelia diskomforto yra ilgalaikiai ir labai patvar\u016bs. Protezuojant ant implanto neapkraunami \u0161alia esantys dantys, pats implantas dal\u012f kramtymo kr\u016bvio perduoda \u017eandikauliui, taip tausodamas kaul\u0105, stabdydamas jo sunykim\u0105. Tik labai retais atvejais d\u0117l paciento b\u016bkl\u0117s negalima atlikti implantacijos.<\/p><h2><strong>Kokias proced\u016bras b\u016btina atlikti prie\u0161 implantacij\u0105?<\/strong><\/h2><p>Prie\u0161 implantavim\u0105 b\u016btina atlikti profesionali\u0105 burnos higien\u0105, i\u0161gydyti karies\u0105 ir periodonto ligas.<\/p><h2><strong>Koks pooperacinis periodas?<\/strong><\/h2><p>Po operacijos veidas ir dantenos gali \u0161iek tiek patinti, gali \u0161iek tiek skaud\u0117ti. Kelias dienas po operacijos l\u016bpos ir smakras gali b\u016bti \u0161iek tiek nejautr\u016bs. Ta\u010diau visi \u0161ie \u0161alutiniai rei\u0161kiniai praeina per kelias dienas, tod\u0117l d\u0117l to nerimauti tikrai nevert\u0117t\u0173. Ta\u010diau jei \u0161ie nepatogumai u\u017etrunka ilgiau, nesistenkite patys i\u0161spr\u0119sti problemos ir b\u016btinai susisiekite su IK odontologijos klinikos \u00a0specialistais.<\/p><h2><strong>Ar implantacijos proced\u016bra skausminga?<\/strong><\/h2><p>Ne, tik \u0161iek tiek, prie\u0161 operacij\u0105 taikoma vietin\u0117 anestezija (nuskausminimas). Po operacijos, kai anestezijos poveikis pasibaigs, galite jausti nestipr\u0173 skausm\u0105, bet jis lengvai numal\u0161inamas paprastais nuskausminamaisiais vaistais.<\/p><h2><strong>Ar yra dant\u0173 <\/strong><strong>implantavimo<\/strong><strong> am\u017eiaus limitas pacientui?<\/strong><\/h2><p>Nerekomenduojama sriegti implant\u0173 jaunesniems nei 18 met\u0173 vaikinams ir 16-17 met\u0173 merginoms. Daugiau am\u017eiaus apribojim\u0173 dant\u0173 implantacijai n\u0117ra. Dant\u0173 implantai gali b\u016bti sriegiami tik esant pakankamam kaulinio audinio kiekiui. Tai yra esmin\u0117 s\u0105lyga, bet geriausiai tai \u012fvertinti gali IK odontologijos klinikos konsultuojantis specialistas.<\/p><h2><strong>Ar galima i\u0161 karto po implantacijos valgyti?<\/strong><\/h2><p>Valgyti nerekomenduojama 3 val. po operacijos. T\u0105 pa\u010di\u0105 dien\u0105 venkite grubaus bei kar\u0161to maisto, nevartokite kavos bei alkoholio. Venkite kramtyti su puse, kurioje buvo \u012fstriegtas implantas, nes dar esant anestezijos poveikiui galite traumuoti \u017eand\u0105 kramtydami.<\/p>\n\t\t\t\t\t<\/div>\n\t\t\t\t\t\t<\/div>\n\t\t\t\t<\/div>\n\t\t\t\t<\/div>\n\t\t<div class=\"elementor-element elementor-element-aa116ce e-con-full e-flex e-con e-child\" data-id=\"aa116ce\" data-element_type=\"container\" data-e-type=\"container\">\n\t\t\t\t<div class=\"elementor-element elementor-element-2615a6b make-sticky elementor-widget elementor-widget-wd_mega_menu\" data-id=\"2615a6b\" data-element_type=\"widget\" data-e-type=\"widget\" data-widget_type=\"wd_mega_menu.default\">\n\t\t\t\t<div class=\"elementor-widget-container\">\n\t\t\t\t\t\t\t\t<link rel=\"stylesheet\" id=\"wd-mod-nav-vertical-css\" href=\"https:\/\/odontologijosklinika.eu\/plunge\/wp-content\/themes\/woodmart\/css\/parts\/mod-nav-vertical.min.css?ver=7.5.2\" type=\"text\/css\" media=\"all\" \/> \t\t\t\t\t\t<link rel=\"stylesheet\" id=\"wd-mod-nav-vertical-design-with-bg-css\" href=\"https:\/\/odontologijosklinika.eu\/plunge\/wp-content\/themes\/woodmart\/css\/parts\/mod-nav-vertical-design-with-bg.min.css?ver=7.5.2\" type=\"text\/css\" media=\"all\" \/> \t\t\t\t\t\t<link rel=\"stylesheet\" id=\"wd-widget-nav-mega-menu-css\" href=\"https:\/\/odontologijosklinika.eu\/plunge\/wp-content\/themes\/woodmart\/css\/parts\/widget-nav-mega-menu.min.css?ver=7.5.2\" type=\"text\/css\" media=\"all\" \/> \t\t\t\t\t<div class=\"widget_nav_mega_menu\">\n\t\t\t\t\t\t\t<h5 class=\"widget-title color-scheme-dark\">\n\t\t\t\t\tM\u016bs\u0173 klinikos paslaugos\t\t\t\t<\/h5>\n\t\t\t\t\t\t<ul id=\"menu-paslaugos\" class=\"menu wd-nav wd-nav-vertical wd-design-with-bg wd-gap- wd-icon-left\"><li id=\"menu-item-630\" class=\"menu-item menu-item-type-post_type menu-item-object-page menu-item-630 item-level-0 menu-simple-dropdown wd-event-hover\" ><a href=\"https:\/\/odontologijosklinika.eu\/plunge\/paslaugos\/terapinis-dantu-gydymas\/\" class=\"woodmart-nav-link\"><span class=\"nav-link-text\">Terapinis dant\u0173 gydymas<\/span><\/a><\/li>\n<li id=\"menu-item-631\" class=\"menu-item menu-item-type-post_type menu-item-object-page menu-item-631 item-level-0 menu-simple-dropdown wd-event-hover\" ><a href=\"https:\/\/odontologijosklinika.eu\/plunge\/paslaugos\/vaiku-dantu-gydymas\/\" class=\"woodmart-nav-link\"><span class=\"nav-link-text\">Vaik\u0173 dant\u0173 gydymas<\/span><\/a><\/li>\n<li id=\"menu-item-623\" class=\"menu-item menu-item-type-post_type menu-item-object-page menu-item-623 item-level-0 menu-simple-dropdown wd-event-hover\" ><a href=\"https:\/\/odontologijosklinika.eu\/plunge\/paslaugos\/implantacija\/\" class=\"woodmart-nav-link\"><span class=\"nav-link-text\">Dant\u0173 implantavimas Plung\u0117je<\/span><\/a><\/li>\n<li id=\"menu-item-621\" class=\"menu-item menu-item-type-post_type menu-item-object-page menu-item-621 item-level-0 menu-simple-dropdown wd-event-hover\" ><a href=\"https:\/\/odontologijosklinika.eu\/plunge\/paslaugos\/estetinis-plombavimas\/\" class=\"woodmart-nav-link\"><span class=\"nav-link-text\">Estetinis plombavimas<\/span><\/a><\/li>\n<li id=\"menu-item-620\" class=\"menu-item menu-item-type-post_type menu-item-object-page menu-item-620 item-level-0 menu-simple-dropdown wd-event-hover\" ><a href=\"https:\/\/odontologijosklinika.eu\/plunge\/paslaugos\/endodontinis-gydymas\/\" class=\"woodmart-nav-link\"><span class=\"nav-link-text\">Endodontinis Gydymas<\/span><\/a><\/li>\n<li id=\"menu-item-629\" class=\"menu-item menu-item-type-post_type menu-item-object-page menu-item-629 item-level-0 menu-simple-dropdown wd-event-hover\" ><a href=\"https:\/\/odontologijosklinika.eu\/plunge\/paslaugos\/protezavimas\/\" class=\"woodmart-nav-link\"><span class=\"nav-link-text\">Protezavimas<\/span><\/a><\/li>\n<li id=\"menu-item-626\" class=\"menu-item menu-item-type-post_type menu-item-object-page menu-item-626 item-level-0 menu-simple-dropdown wd-event-hover\" ><a href=\"https:\/\/odontologijosklinika.eu\/plunge\/paslaugos\/ortodontijos-paslaugos\/\" class=\"woodmart-nav-link\"><span class=\"nav-link-text\">Lazerio proced\u016bros<\/span><\/a><\/li>\n<li id=\"menu-item-618\" class=\"menu-item menu-item-type-post_type menu-item-object-page menu-item-618 item-level-0 menu-simple-dropdown wd-event-hover\" ><a href=\"https:\/\/odontologijosklinika.eu\/plunge\/paslaugos\/burnos-chirurgija\/\" class=\"woodmart-nav-link\"><span class=\"nav-link-text\">Burnos chirurgija<\/span><\/a><\/li>\n<li id=\"menu-item-624\" class=\"menu-item menu-item-type-post_type menu-item-object-page menu-item-624 item-level-0 menu-simple-dropdown wd-event-hover\" ><a href=\"https:\/\/odontologijosklinika.eu\/plunge\/paslaugos\/kompleksinis-periodonto-gydymas\/\" class=\"woodmart-nav-link\"><span class=\"nav-link-text\">Kompleksinis periodonto gydymas<\/span><\/a><\/li>\n<li id=\"menu-item-628\" class=\"menu-item menu-item-type-post_type menu-item-object-page menu-item-628 item-level-0 menu-simple-dropdown wd-event-hover\" ><a href=\"https:\/\/odontologijosklinika.eu\/plunge\/paslaugos\/profesionali-burnos-higiena\/\" class=\"woodmart-nav-link\"><span class=\"nav-link-text\">Profesionali burnos higiena<\/span><\/a><\/li>\n<li id=\"menu-item-619\" class=\"menu-item menu-item-type-post_type menu-item-object-page menu-item-619 item-level-0 menu-simple-dropdown wd-event-hover\" ><a href=\"https:\/\/odontologijosklinika.eu\/plunge\/paslaugos\/dantu-balinimas-spalvos-korekcija\/\" class=\"woodmart-nav-link\"><span class=\"nav-link-text\">Dant\u0173 balinimas \u2013 spalvos korekcija<\/span><\/a><\/li>\n<li id=\"menu-item-622\" class=\"menu-item menu-item-type-post_type menu-item-object-page menu-item-622 item-level-0 menu-simple-dropdown wd-event-hover\" ><a href=\"https:\/\/odontologijosklinika.eu\/plunge\/paslaugos\/gydymas-taikant-sedacija\/\" class=\"woodmart-nav-link\"><span class=\"nav-link-text\">Gydymas taikant sedacij\u0105<\/span><\/a><\/li>\n<li id=\"menu-item-625\" class=\"menu-item menu-item-type-post_type menu-item-object-page menu-item-625 item-level-0 menu-simple-dropdown wd-event-hover\" ><a href=\"https:\/\/odontologijosklinika.eu\/plunge\/paslaugos\/lazerio-proceduros\/\" class=\"woodmart-nav-link\"><span class=\"nav-link-text\">Lazerio proced\u016bros<\/span><\/a><\/li>\n<li id=\"menu-item-627\" class=\"menu-item menu-item-type-post_type menu-item-object-page menu-item-627 item-level-0 menu-simple-dropdown wd-event-hover\" ><a href=\"https:\/\/odontologijosklinika.eu\/plunge\/paslaugos\/ozono-terapija\/\" class=\"woodmart-nav-link\"><span class=\"nav-link-text\">Ozono terapija<\/span><\/a><\/li>\n<li id=\"menu-item-617\" class=\"menu-item menu-item-type-post_type menu-item-object-page menu-item-617 item-level-0 menu-simple-dropdown wd-event-hover\" ><a href=\"https:\/\/odontologijosklinika.eu\/plunge\/paslaugos\/3d-kompiuterine-tomografija\/\" class=\"woodmart-nav-link\"><span class=\"nav-link-text\">3D kompiuterin\u0117 tomografija<\/span><\/a><\/li>\n<\/ul>\t\t<\/div>\n\t\t\t\t\t\t<\/div>\n\t\t\t\t<\/div>\n\t\t\t\t<\/div>\n\t\t\t\t\t<\/div>\n\t\t\t\t<\/div>\n\t\t\t\t<\/div>\n\t\t","protected":false},"excerpt":{"rendered":"<p>Ma\u017eiausia kaina u\u017e auk\u0161\u010diausia kokyb\u0119 Kvie\u010diame registruotis \u012f nemokamas konsultacijas vykstan\u010dias kiekvien\u0105 antradien\u012f! Esame \u012fsipareigoj\u0119 teikti i\u0161skirtin\u0119 odontologin\u0119 prie\u017ei\u016br\u0105 u\u017e<\/p>\n","protected":false},"author":1,"featured_media":0,"parent":471,"menu_order":0,"comment_status":"closed","ping_status":"closed","template":"","meta":{"_acf_changed":false,"footnotes":""},"class_list":["post-478","page","type-page","status-publish","hentry"],"acf":[],"_links":{"self":[{"href":"https:\/\/odontologijosklinika.eu\/plunge\/wp-json\/wp\/v2\/pages\/478","targetHints":{"allow":["GET"]}}],"collection":[{"href":"https:\/\/odontologijosklinika.eu\/plunge\/wp-json\/wp\/v2\/pages"}],"about":[{"href":"https:\/\/odontologijosklinika.eu\/plunge\/wp-json\/wp\/v2\/types\/page"}],"author":[{"embeddable":true,"href":"https:\/\/odontologijosklinika.eu\/plunge\/wp-json\/wp\/v2\/users\/1"}],"replies":[{"embeddable":true,"href":"https:\/\/odontologijosklinika.eu\/plunge\/wp-json\/wp\/v2\/comments?post=478"}],"version-history":[{"count":0,"href":"https:\/\/odontologijosklinika.eu\/plunge\/wp-json\/wp\/v2\/pages\/478\/revisions"}],"up":[{"embeddable":true,"href":"https:\/\/odontologijosklinika.eu\/plunge\/wp-json\/wp\/v2\/pages\/471"}],"wp:attachment":[{"href":"https:\/\/odontologijosklinika.eu\/plunge\/wp-json\/wp\/v2\/media?parent=478"}],"curies":[{"name":"wp","href":"https:\/\/api.w.org\/{rel}","templated":true}]}}