{"id":321,"date":"2024-07-28T00:26:56","date_gmt":"2024-07-27T21:26:56","guid":{"rendered":"https:\/\/odontologijosklinika.eu\/plunge\/plunge\/?page_id=321"},"modified":"2024-09-09T11:37:41","modified_gmt":"2024-09-09T08:37:41","slug":"kontaktai","status":"publish","type":"page","link":"https:\/\/odontologijosklinika.eu\/plunge\/kontaktai\/","title":{"rendered":"Kontaktai"},"content":{"rendered":"\t\t<div data-elementor-type=\"wp-page\" data-elementor-id=\"321\" class=\"elementor elementor-321\">\n\t\t\t\t<div class=\"wd-negative-gap elementor-element elementor-element-ee045e0 e-flex e-con-boxed e-con e-parent\" data-id=\"ee045e0\" data-element_type=\"container\" data-e-type=\"container\">\n\t\t\t\t\t<div class=\"e-con-inner\">\n\t\t<div class=\"elementor-element elementor-element-900c1b9 e-con-full e-flex e-con e-child\" data-id=\"900c1b9\" data-element_type=\"container\" data-e-type=\"container\">\n\t\t\t\t<div class=\"elementor-element elementor-element-513317b wd-width-100 elementor-widget elementor-widget-wd_title\" data-id=\"513317b\" data-element_type=\"widget\" data-e-type=\"widget\" data-widget_type=\"wd_title.default\">\n\t\t\t\t<div class=\"elementor-widget-container\">\n\t\t\t\t\t\t\t\t<link rel=\"stylesheet\" id=\"wd-section-title-css\" href=\"https:\/\/odontologijosklinika.eu\/plunge\/wp-content\/themes\/woodmart\/css\/parts\/el-section-title.min.css?ver=7.5.2\" type=\"text\/css\" media=\"all\" \/> \t\t\t\t\t\t<link rel=\"stylesheet\" id=\"wd-section-title-style-simple-and-brd-css\" href=\"https:\/\/odontologijosklinika.eu\/plunge\/wp-content\/themes\/woodmart\/css\/parts\/el-section-title-style-simple-and-brd.min.css?ver=7.5.2\" type=\"text\/css\" media=\"all\" \/> \t\t\t\t\t<div class=\"title-wrapper set-mb-s reset-last-child wd-title-color-primary wd-title-style-simple wd-title-size-large text-left\">\n\n\t\t\t\n\t\t\t<div class=\"liner-continer\">\n\t\t\t\t<h4 class=\"woodmart-title-container title wd-fontsize-xxl\">Susisiekite internetu:<\/h4> \n\t\t\t\t\t\t\t<\/div>\n\n\t\t\t\t\t<\/div>\n\t\t\t\t\t\t<\/div>\n\t\t\t\t<\/div>\n\t\t\t\t<div class=\"elementor-element elementor-element-941fe00 contacts-form elementor-widget elementor-widget-wd_contact_form_7\" data-id=\"941fe00\" data-element_type=\"widget\" data-e-type=\"widget\" data-widget_type=\"wd_contact_form_7.default\">\n\t\t\t\t<div class=\"elementor-widget-container\">\n\t\t\t\t\t\n<div class=\"wpcf7 no-js\" id=\"wpcf7-f8-o1\" lang=\"lt-LT\" dir=\"ltr\" data-wpcf7-id=\"8\">\n<div class=\"screen-reader-response\"><p role=\"status\" aria-live=\"polite\" aria-atomic=\"true\"><\/p> <ul><\/ul><\/div>\n<form action=\"\/plunge\/wp-json\/wp\/v2\/pages\/321#wpcf7-f8-o1\" method=\"post\" class=\"wpcf7-form init\" aria-label=\"Kontakt\u0173 forma\" novalidate=\"novalidate\" data-status=\"init\">\n<fieldset class=\"hidden-fields-container\"><input type=\"hidden\" name=\"_wpcf7\" value=\"8\" \/><input type=\"hidden\" name=\"_wpcf7_version\" value=\"6.1.5\" \/><input type=\"hidden\" name=\"_wpcf7_locale\" value=\"lt_LT\" \/><input type=\"hidden\" name=\"_wpcf7_unit_tag\" value=\"wpcf7-f8-o1\" \/><input type=\"hidden\" name=\"_wpcf7_container_post\" value=\"0\" \/><input type=\"hidden\" name=\"_wpcf7_posted_data_hash\" value=\"\" \/><input type=\"hidden\" name=\"_wpcf7_recaptcha_response\" value=\"\" \/>\n<\/fieldset>\n<div class=\"row\">\n<label class=\"col\"> J\u016bs\u0173 vardas\n    <span class=\"wpcf7-form-control-wrap\" data-name=\"your-name\"><input size=\"40\" maxlength=\"400\" class=\"wpcf7-form-control wpcf7-text wpcf7-validates-as-required\" autocomplete=\"name\" aria-required=\"true\" aria-invalid=\"false\" value=\"\" type=\"text\" name=\"your-name\" \/><\/span> <\/label>\n<label class=\"col\"> J\u016bs\u0173 pavard\u0117\n    <span class=\"wpcf7-form-control-wrap\" data-name=\"your-surname\"><input size=\"40\" maxlength=\"400\" class=\"wpcf7-form-control wpcf7-text\" autocomplete=\"surname\" aria-invalid=\"false\" value=\"\" type=\"text\" name=\"your-surname\" \/><\/span> <\/label>\n<\/div>\n\n<div class=\"row\">\n<label class=\"col\"> J\u016bs\u0173 telefono numeris\n  <span class=\"wpcf7-form-control-wrap\" data-name=\"tel-numeris\"><input size=\"40\" maxlength=\"400\" class=\"wpcf7-form-control wpcf7-tel wpcf7-validates-as-required wpcf7-text wpcf7-validates-as-tel\" autocomplete=\"phone\" aria-required=\"true\" aria-invalid=\"false\" value=\"\u012eveskite telefono numer\u012f\" type=\"tel\" name=\"tel-numeris\" \/><\/span> <\/label>\n<label class=\"col\"> J\u016bs\u0173 el. pa\u0161tas\n<span class=\"wpcf7-form-control-wrap\" data-name=\"email-pastas\"><input size=\"40\" maxlength=\"400\" class=\"wpcf7-form-control wpcf7-email wpcf7-validates-as-required wpcf7-text wpcf7-validates-as-email\" autocomplete=\"email\" aria-required=\"true\" aria-invalid=\"false\" value=\"\u012eveskite el. pa\u0161t\u0105\" type=\"email\" name=\"email-pastas\" \/><\/span> <\/label>\n<\/div>\n\n<div class=\"row\">\n<label class=\"col\"> Jus dominanti paslauga\n<span class=\"wpcf7-form-control-wrap\" data-name=\"menu-957\"><select class=\"wpcf7-form-control wpcf7-select wpcf7-validates-as-required\" aria-required=\"true\" aria-invalid=\"false\" name=\"menu-957\"><option value=\"\">&#8212;Pra\u0161ome pasirinkti&#8212;<\/option><option value=\"&quot;Terapinis Dant\u0173 Gydymas&quot;\">&quot;Terapinis Dant\u0173 Gydymas&quot;<\/option><option value=\"&quot;Implantacija&quot;\">&quot;Implantacija&quot;<\/option><option value=\"&quot;Estetinis Plombavimas&quot;\">&quot;Estetinis Plombavimas&quot;<\/option><option value=\"&quot;Endodontinis Gydymas&quot;\">&quot;Endodontinis Gydymas&quot;<\/option><option value=\"&quot;Protezavimas&quot;\">&quot;Protezavimas&quot;<\/option><option value=\"&quot;Ortodontijos Paslaugos&quot;\">&quot;Ortodontijos Paslaugos&quot;<\/option><option value=\"&quot;Burnos Chirurgija&quot;\">&quot;Burnos Chirurgija&quot;<\/option><option value=\"&quot;Kompleksinis Periodonto Gydymas&quot;\">&quot;Kompleksinis Periodonto Gydymas&quot;<\/option><option value=\"&quot;Profesionali Burnos Higiena&quot;\">&quot;Profesionali Burnos Higiena&quot;<\/option><option value=\"&quot;Dant\u0173 Balinimas&quot;\">&quot;Dant\u0173 Balinimas&quot;<\/option><option value=\"&quot;Lazerio Proced\u016bros&quot;\">&quot;Lazerio Proced\u016bros&quot;<\/option><option value=\"&quot;Ozono Terapija&quot;\">&quot;Ozono Terapija&quot;<\/option><option value=\"&quot;3D kompiuterin\u0117 tomografija, panoramin\u0117s rentgeno nuotraukos&quot;\">&quot;3D kompiuterin\u0117 tomografija, panoramin\u0117s rentgeno nuotraukos&quot;<\/option><option value=\"&quot;Botulino Toksino Injekcijos&quot;\">&quot;Botulino Toksino Injekcijos&quot;<\/option><\/select><\/span> <\/label>\n<\/div>\n\n<label> J\u016bs\u0173 prane\u0161imas (neprivaloma)\n    <span class=\"wpcf7-form-control-wrap\" data-name=\"your-message\"><textarea cols=\"40\" rows=\"10\" maxlength=\"2000\" class=\"wpcf7-form-control wpcf7-textarea\" aria-invalid=\"false\" name=\"your-message\"><\/textarea><\/span> <\/label>\n\n<input class=\"wpcf7-form-control wpcf7-submit has-spinner\" type=\"submit\" value=\"Pateikti\" \/><div class=\"wpcf7-response-output\" aria-hidden=\"true\"><\/div>\n<\/form>\n<\/div>\n\t\t\t\t<\/div>\n\t\t\t\t<\/div>\n\t\t\t\t<\/div>\n\t\t<div class=\"elementor-element elementor-element-9c76df6 e-con-full e-flex e-con e-child\" data-id=\"9c76df6\" data-element_type=\"container\" data-e-type=\"container\">\n\t\t\t\t<div class=\"elementor-element elementor-element-03ab832 wd-width-100 elementor-widget elementor-widget-wd_title\" data-id=\"03ab832\" data-element_type=\"widget\" data-e-type=\"widget\" data-widget_type=\"wd_title.default\">\n\t\t\t\t<div class=\"elementor-widget-container\">\n\t\t\t\t\t\t\t<div class=\"title-wrapper set-mb-s reset-last-child wd-title-color-primary wd-title-style-simple wd-title-size-large text-left\">\n\n\t\t\t\n\t\t\t<div class=\"liner-continer\">\n\t\t\t\t<h4 class=\"woodmart-title-container title wd-fontsize-xxl\">Klinikos kontaktai:<\/h4> \n\t\t\t\t\t\t\t<\/div>\n\n\t\t\t\t\t<\/div>\n\t\t\t\t\t\t<\/div>\n\t\t\t\t<\/div>\n\t\t\t\t<div class=\"elementor-element elementor-element-5deea3f elementor-widget elementor-widget-wd_list\" data-id=\"5deea3f\" data-element_type=\"widget\" data-e-type=\"widget\" data-widget_type=\"wd_list.default\">\n\t\t\t\t<div class=\"elementor-widget-container\">\n\t\t\t\t\t\t\t\t<link rel=\"stylesheet\" id=\"wd-list-css\" href=\"https:\/\/odontologijosklinika.eu\/plunge\/wp-content\/themes\/woodmart\/css\/parts\/el-list.min.css?ver=7.5.2\" type=\"text\/css\" media=\"all\" \/> \t\t\t\t\t<ul class=\"wd-list color-scheme- wd-fontsize-m wd-list-type-icon wd-list-style-default wd-justify-left\">\n\t\t\t\t\t\t\t\t\t\t\t<li class=\"elementor-repeater-item-e743535\">\n\t\t\t\t\t\t\t\t\t\t\t<img decoding=\"async\" width=\"24\" height=\"24\" src=\"https:\/\/odontologijosklinika.eu\/plunge\/wp-content\/uploads\/2024\/07\/location-pin.png\" class=\"attachment-full size-full\" alt=\"IK odontologijos klinika Plung\u0117je\" title=\"IK odontologijos klinika Plung\u0117je\">\t\t\t\t\t\n\t\t\t\t\t<span class=\"list-content\">\n\t\t\t\t\t\tTel\u0161i\u0173 g. 21, 90162 Plung\u0117\t\t\t\t\t<\/span>\n\n\t\t\t\t\t\n\t\t\t\t\t\t<a href=\"https:\/\/maps.app.goo.gl\/yo8EfzAGAZohBv1C8\" class=\"wd-fill\" aria-label=\"List item link\" target=\"_blank\" rel=\"noopener\"><\/a>\n\t\t\t\t\t\t\t\t\t<\/li>\n\t\t\t\t\t\t\t\t\t\t\t<li class=\"elementor-repeater-item-e92183e\">\n\t\t\t\t\t\t\t\t\t\t\t<img decoding=\"async\" width=\"24\" height=\"24\" src=\"https:\/\/odontologijosklinika.eu\/plunge\/wp-content\/uploads\/2024\/07\/phone-call.png\" class=\"attachment-full size-full\" alt=\"IK odontologijos klinika Plung\u0117je\" title=\"IK odontologijos klinika Plung\u0117je\">\t\t\t\t\t\n\t\t\t\t\t<span class=\"list-content\">\n\t\t\t\t\t\t+370 448 54382\t\t\t\t\t<\/span>\n\n\t\t\t\t\t\n\t\t\t\t\t\t<a  href=\"tel:+37044854382\" class=\"wd-fill\" aria-label=\"List item link\"><\/a>\n\t\t\t\t\t\t\t\t\t<\/li>\n\t\t\t\t\t\t\t\t\t\t\t<li class=\"elementor-repeater-item-06c0e86\">\n\t\t\t\t\t\t\t\t\t\t\t<img decoding=\"async\" width=\"24\" height=\"24\" src=\"https:\/\/odontologijosklinika.eu\/plunge\/wp-content\/uploads\/2024\/07\/email.png\" class=\"attachment-full size-full\" alt=\"IK odontologijos klinika Plung\u0117je\" title=\"IK odontologijos klinika Plung\u0117je\">\t\t\t\t\t\n\t\t\t\t\t<span class=\"list-content\">\n\t\t\t\t\t\t ik.klinika@gmail.com\t\t\t\t\t<\/span>\n\n\t\t\t\t\t\n\t\t\t\t\t\t<a  href=\"mailto:ik.klinika@gmail.com\" class=\"wd-fill\" aria-label=\"List item link\"><\/a>\n\t\t\t\t\t\t\t\t\t<\/li>\n\t\t\t\t\t<\/ul>\n\n\t\t\t\t\t\t<\/div>\n\t\t\t\t<\/div>\n\t\t<div class=\"elementor-element elementor-element-a81b08b e-con-full smooth-shadow e-flex e-con e-child\" data-id=\"a81b08b\" data-element_type=\"container\" data-e-type=\"container\">\n\t\t<div class=\"elementor-element elementor-element-dc927e2 e-con-full e-flex e-con e-child\" data-id=\"dc927e2\" data-element_type=\"container\" data-e-type=\"container\">\n\t\t\t\t<div class=\"elementor-element elementor-element-4999be1 wd-width-100 elementor-widget elementor-widget-wd_title\" data-id=\"4999be1\" data-element_type=\"widget\" data-e-type=\"widget\" data-widget_type=\"wd_title.default\">\n\t\t\t\t<div class=\"elementor-widget-container\">\n\t\t\t\t\t\t\t<div class=\"title-wrapper set-mb-s reset-last-child wd-title-color-default wd-title-style-simple wd-title-size-medium text-left\">\n\n\t\t\t\t\t\t\t<div class=\"title-subtitle subtitle-color-default subtitle-style-background wd-fontsize-xs\">\n\t\t\t\t\tLaukiame J\u016bs\u0173\t\t\t\t<\/div>\n\t\t\t\n\t\t\t<div class=\"liner-continer\">\n\t\t\t\t<h4 class=\"woodmart-title-container title wd-fontsize-xl\">Klinikos darbo laikas:<\/h4> \n\t\t\t\t\t\t\t<\/div>\n\n\t\t\t\t\t<\/div>\n\t\t\t\t\t\t<\/div>\n\t\t\t\t<\/div>\n\t\t\t\t<div class=\"elementor-element elementor-element-107b12a elementor-widget elementor-widget-image\" data-id=\"107b12a\" data-element_type=\"widget\" data-e-type=\"widget\" data-widget_type=\"image.default\">\n\t\t\t\t<div class=\"elementor-widget-container\">\n\t\t\t\t\t\t\t\t\t\t\t\t\t\t\t<img loading=\"lazy\" decoding=\"async\" width=\"64\" height=\"64\" src=\"https:\/\/odontologijosklinika.eu\/plunge\/wp-content\/uploads\/2024\/07\/clock.png\" class=\"attachment-full size-full wp-image-338\" alt=\"IK odontologijos klinika Plung\u0117je\" title=\"IK odontologijos klinika Plung\u0117je\">\t\t\t\t\t\t\t\t\t\t\t\t\t\t\t<\/div>\n\t\t\t\t<\/div>\n\t\t\t\t<\/div>\n\t\t\t\t<div class=\"elementor-element elementor-element-db259a8 elementor-widget elementor-widget-html\" data-id=\"db259a8\" data-element_type=\"widget\" data-e-type=\"widget\" data-widget_type=\"html.default\">\n\t\t\t\t<div class=\"elementor-widget-container\">\n\t\t\t\t\t<style>\n    .contacts-list {\n        list-style: none;\n        padding: 0;\n    }\n    .contacts-list li {\n        display: flex;\n        flex-direction: row;\n        justify-content: space-between;\n        border-bottom: 1px solid #f1f1f1;\n        padding-bottom: 10px;\n        font-size: 15px;\n    }\n    .contacts-title {\n        font-weight: 500;\n        color: #981a1a;\n    }\n<\/style>\n<ul class=\"contacts-list\">\n    <li><span class=\"contacts-title\">Darbo dienomis<\/span>Nuo 08:00 iki 18:00 val<\/li>\n    <li><span class=\"contacts-title\">\u0160e\u0161tadien\u012f<\/span>Nedirbame<\/li>\n    <li><span class=\"contacts-title\">Sekmadien\u012f<\/span>Nedirbame<\/li>\n<\/ul>\t\t\t\t<\/div>\n\t\t\t\t<\/div>\n\t\t\t\t<\/div>\n\t\t\t\t<\/div>\n\t\t\t\t\t<\/div>\n\t\t\t\t<\/div>\n\t\t<div class=\"wd-negative-gap elementor-element elementor-element-ad697a1 e-flex e-con-boxed e-con e-parent\" data-id=\"ad697a1\" data-element_type=\"container\" data-e-type=\"container\">\n\t\t\t\t\t<div class=\"e-con-inner\">\n\t\t\t\t<div class=\"elementor-element elementor-element-623b0ba elementor-widget elementor-widget-google_maps\" data-id=\"623b0ba\" data-element_type=\"widget\" data-e-type=\"widget\" data-widget_type=\"google_maps.default\">\n\t\t\t\t<div class=\"elementor-widget-container\">\n\t\t\t\t\t\t\t<div class=\"elementor-custom-embed\">\n\t\t\t<iframe loading=\"lazy\"\n\t\t\t\t\tsrc=\"https:\/\/maps.google.com\/maps?q=Tel%C5%A1i%C5%B3%20g.%2021%2C%20LT-90162%20Plung%C4%97&#038;t=m&#038;z=18&#038;output=embed&#038;iwloc=near\"\n\t\t\t\t\ttitle=\"Tel\u0161i\u0173 g. 21, LT-90162 Plung\u0117\"\n\t\t\t\t\taria-label=\"Tel\u0161i\u0173 g. 21, LT-90162 Plung\u0117\"\n\t\t\t><\/iframe>\n\t\t<\/div>\n\t\t\t\t\t\t<\/div>\n\t\t\t\t<\/div>\n\t\t\t\t\t<\/div>\n\t\t\t\t<\/div>\n\t\t\t\t<\/div>\n\t\t","protected":false},"excerpt":{"rendered":"<p>Susisiekite internetu: J\u016bs\u0173 vardas J\u016bs\u0173 pavard\u0117 J\u016bs\u0173 telefono numeris J\u016bs\u0173 el. pa\u0161tas Jus dominanti paslauga &#8212;Pra\u0161ome pasirinkti&#8212;&quot;Terapinis Dant\u0173 Gydymas&quot;&quot;Implantacija&quot;&quot;Estetinis Plombavimas&quot;&quot;Endodontinis<\/p>\n","protected":false},"author":1,"featured_media":0,"parent":0,"menu_order":0,"comment_status":"closed","ping_status":"closed","template":"","meta":{"_acf_changed":false,"footnotes":""},"class_list":["post-321","page","type-page","status-publish","hentry"],"acf":[],"_links":{"self":[{"href":"https:\/\/odontologijosklinika.eu\/plunge\/wp-json\/wp\/v2\/pages\/321","targetHints":{"allow":["GET"]}}],"collection":[{"href":"https:\/\/odontologijosklinika.eu\/plunge\/wp-json\/wp\/v2\/pages"}],"about":[{"href":"https:\/\/odontologijosklinika.eu\/plunge\/wp-json\/wp\/v2\/types\/page"}],"author":[{"embeddable":true,"href":"https:\/\/odontologijosklinika.eu\/plunge\/wp-json\/wp\/v2\/users\/1"}],"replies":[{"embeddable":true,"href":"https:\/\/odontologijosklinika.eu\/plunge\/wp-json\/wp\/v2\/comments?post=321"}],"version-history":[{"count":0,"href":"https:\/\/odontologijosklinika.eu\/plunge\/wp-json\/wp\/v2\/pages\/321\/revisions"}],"wp:attachment":[{"href":"https:\/\/odontologijosklinika.eu\/plunge\/wp-json\/wp\/v2\/media?parent=321"}],"curies":[{"name":"wp","href":"https:\/\/api.w.org\/{rel}","templated":true}]}}